{"id":116,"date":"2017-06-13T17:02:00","date_gmt":"2017-06-13T15:02:00","guid":{"rendered":"http:\/\/eglise-catholique-valdorge.fr\/?page_id=116"},"modified":"2017-11-14T14:58:06","modified_gmt":"2017-11-14T13:58:06","slug":"votre-mariage","status":"publish","type":"page","link":"https:\/\/eglise-catholique-valdorge.fr\/?page_id=116","title":{"rendered":"Pour vous inscrire"},"content":{"rendered":"<p><span style=\"text-decoration: underline; font-size: 14pt;\"><strong><span style=\"font-family: book antiqua,palatino,serif;\">Le Mariage<\/span><\/strong><\/span><\/p>\n<p style=\"text-align: right;\"><img loading=\"lazy\" decoding=\"async\" class=\"aligncenter size-thumbnail wp-image-120\" src=\"http:\/\/eglise-catholique-valdorge.fr\/wp-content\/uploads\/2017\/06\/mariage-alliances-christ-croix-1-150x150.jpg\" alt=\"\" width=\"150\" height=\"150\" \/><\/p>\n<p><span style=\"font-family: book antiqua,palatino,serif; font-size: 12pt;\">Le mariage est l\u2019alliance entre un ho<\/span><span style=\"font-family: book antiqua,palatino,serif; font-size: 12pt;\">mme et une femme unis par un m\u00eame amour. Dans cette alliance se r\u00e9v\u00e8le le plus pleinement l\u2019histoire des alliances entre Dieu et l\u2019humanit\u00e9 scell\u00e9e dans l\u2019amour du Christ qui a donn\u00e9 sa vie pour nous. Le <a class=\"glossary-term\" title=\"Signe visible de la pr\u00e9sence et de l'action de Dieu.\" href=\"http:\/\/www.eglise.catholique.fr\/glossaire\/sacrement\">sacrement<\/a> de mariage sanctifie l\u2019union d\u2019un homme et d\u2019une femme et situe l\u2019amour des \u00e9poux au c\u0153ur de l\u2019amour de Dieu pour l\u2019humanit\u00e9.<\/span><\/p>\n<p><span style=\"font-family: book antiqua,palatino,serif; font-size: 12pt;\">C\u2019est un engagement pris devant Dieu. La dignit\u00e9 de cet engagement s\u2019articule sur les quatre piliers que scelle l\u2019\u00e9change des consentements\u00a0: la libert\u00e9, la fid\u00e9lit\u00e9, l\u2019indissolubilit\u00e9 et la f\u00e9condit\u00e9. Chacun des fianc\u00e9s doit \u00eatre pleinement libre au moment de son engagement. Les conjoints se promettent fid\u00e9lit\u00e9, et cette promesse est source de confiance r\u00e9ciproque<\/span><\/p>\n<p>Conf\u00e9rence des \u00c9v\u00eaques de France<\/p>\n<p><span style=\"font-family: impact,sans-serif;\">Coordonn\u00e9es Service Mariage :<\/span><\/p>\n<p><span style=\"font-family: impact,sans-serif;\">07.83.69.26.36<\/span><\/p>\n<p><span style=\"color: #008000; font-size: 12pt; font-family: comic sans ms,sans-serif;\"><a href=\"http:\/\/eglise-catholique-valdorge.fr\/?page_id=148\">Formulaire de demande de mariage<\/a><\/span><\/p>\n","protected":false},"excerpt":{"rendered":"<p>Le Mariage Le mariage est l\u2019alliance entre un homme et une femme unis par un m\u00eame amour. Dans cette alliance se r\u00e9v\u00e8le le plus pleinement l\u2019histoire des alliances entre Dieu et l\u2019humanit\u00e9 scell\u00e9e dans l\u2019amour du Christ qui a donn\u00e9 &hellip; <a href=\"https:\/\/eglise-catholique-valdorge.fr\/?page_id=116\">Lire la suite\u00ad\u00ad<\/a><\/p>\n","protected":false},"author":1,"featured_media":0,"parent":0,"menu_order":0,"comment_status":"closed","ping_status":"closed","template":"","meta":{"kt_blocks_editor_width":"","footnotes":""},"_links":{"self":[{"href":"https:\/\/eglise-catholique-valdorge.fr\/index.php?rest_route=\/wp\/v2\/pages\/116"}],"collection":[{"href":"https:\/\/eglise-catholique-valdorge.fr\/index.php?rest_route=\/wp\/v2\/pages"}],"about":[{"href":"https:\/\/eglise-catholique-valdorge.fr\/index.php?rest_route=\/wp\/v2\/types\/page"}],"author":[{"embeddable":true,"href":"https:\/\/eglise-catholique-valdorge.fr\/index.php?rest_route=\/wp\/v2\/users\/1"}],"replies":[{"embeddable":true,"href":"https:\/\/eglise-catholique-valdorge.fr\/index.php?rest_route=%2Fwp%2Fv2%2Fcomments&post=116"}],"version-history":[{"count":13,"href":"https:\/\/eglise-catholique-valdorge.fr\/index.php?rest_route=\/wp\/v2\/pages\/116\/revisions"}],"predecessor-version":[{"id":2512,"href":"https:\/\/eglise-catholique-valdorge.fr\/index.php?rest_route=\/wp\/v2\/pages\/116\/revisions\/2512"}],"wp:attachment":[{"href":"https:\/\/eglise-catholique-valdorge.fr\/index.php?rest_route=%2Fwp%2Fv2%2Fmedia&parent=116"}],"curies":[{"name":"wp","href":"https:\/\/api.w.org\/{rel}","templated":true}]}}