{"id":132,"date":"2017-06-14T10:08:38","date_gmt":"2017-06-14T08:08:38","guid":{"rendered":"http:\/\/eglise-catholique-valdorge.fr\/?page_id=132"},"modified":"2017-06-15T17:32:09","modified_gmt":"2017-06-15T15:32:09","slug":"la-confirmation","status":"publish","type":"page","link":"https:\/\/eglise-catholique-valdorge.fr\/?page_id=132","title":{"rendered":"la confirmation"},"content":{"rendered":"<p style=\"text-align: left;\"><span style=\"text-decoration: underline; font-size: 14pt;\"><strong><span style=\"font-family: book antiqua,palatino,serif;\">La confirmation<\/span><\/strong><\/span><\/p>\n<p><img loading=\"lazy\" decoding=\"async\" class=\"aligncenter size-thumbnail wp-image-133\" src=\"http:\/\/eglise-catholique-valdorge.fr\/wp-content\/uploads\/2017\/06\/gestes-confirmation-300x180-150x150.png\" alt=\"confirmation\" width=\"150\" height=\"150\" \/><\/p>\n<p style=\"text-align: right;\"><a href=\"http:\/\/eglise-catholique-valdorge.fr\/?page_id=140\">formulaire de demande<\/a><\/p>\n<p class=\"p1\"><span class=\"s1\" style=\"font-family: book antiqua,palatino,serif;\">Recevoir le sacrement de confirmation est une d\u00e9cision personnelle que l\u2019on peut prendre lorsque l\u2019on est \u00e0 m\u00eame d\u2019exercer un choix libre et responsable. La confirmation marque une \u00e9tape de maturit\u00e9 spirituelle o\u00f9 l\u2019on a compris que l\u2019amour de Dieu re\u00e7u au bapt\u00eame est un tr\u00e9sor qui ne peut demeurer un privil\u00e8ge personnel mais qu\u2019il nous appartient de partager.<\/span><\/p>\n<p class=\"p1\"><span class=\"s1\" style=\"font-family: book antiqua,palatino,serif;\">Comme le bapt\u00eame, la confirmation imprime dans le chr\u00e9tien une marque ind\u00e9l\u00e9bile (c\u2019est ce que l\u2019on appelle le \u00ab\u00a0caract\u00e8re\u00a0\u00bb). Ce sacrement ne peut donc \u00eatre re\u00e7u qu\u2019une seule fois. Dans l\u2019Eglise catholique, on le re\u00e7oit apr\u00e8s l\u2019\u00e2ge de raison. C\u2019est l\u2019\u00e9v\u00eaque qui, de mani\u00e8re ordinaire, c\u00e9l\u00e8bre ce sacrement : il manifeste ainsi le lien avec le don de l\u2019Esprit aux ap\u00f4tres au jour de la Pentec\u00f4te et la place des confirm\u00e9s dans la communion de toute l\u2019\u00c9glise. C\u2019est lui qui r\u00e9alise l\u2019imposition des mains.<\/span><\/p>\n<blockquote>\n<p class=\"p3\"><span class=\"s1\" style=\"font-family: book antiqua,palatino,serif;\">\u00ab\u00a0<i>Celui qui nous rend solides pour le Christ dans nos relations avec vous, celui qui nous a consacr\u00e9s, c\u2019est Dieu ; il nous a marqu\u00e9s de son sceau, et il a mis dans nos c\u0153urs l\u2019Esprit, premi\u00e8re avance sur ses dons.<\/i> \u00bb (2 Co 1, 21-22)<\/span><\/p>\n<\/blockquote>\n<p class=\"p1\"><span class=\"s1\" style=\"font-family: book antiqua,palatino,serif;\">C\u2019est avec une huile parfum\u00e9e, le Saint Chr\u00eame, que l\u2019\u00e9v\u00eaque marque le front de chaque confirmand. Comme cette huile r\u00e9pand une bonne odeur, chacun est appel\u00e9, par l\u2019\u00e9lan et la joie de sa vie, \u00e0 r\u00e9pandre la bonne odeur du Christ, \u00e0 \u00eatre un t\u00e9moin authentique du Ressuscit\u00e9, afin que le corps du Christ s\u2019\u00e9difie dans la foi au Dieu, P\u00e8re, Fils et Esprit, et l\u2019amour des hommes et du monde. Le confirm\u00e9 porte alors joyeusement la responsabilit\u00e9 de faire conna\u00eetre aux hommes et au monde l\u2019amour dont ils sont aim\u00e9s.<\/span><\/p>\n<blockquote>\n<p class=\"p3\"><span class=\"s1\" style=\"font-family: book antiqua,palatino,serif;\">\u00ab\u00a0<i>Sois marqu\u00e9 de l\u2019Esprit Saint, le don de Dieu<\/i>\u00a0\u00bb<\/span><\/p>\n<\/blockquote>\n<p class=\"p1\"><span class=\"s1\" style=\"font-family: book antiqua,palatino,serif;\">La pr\u00e9paration \u00e0 la confirmation doit viser \u00e0 conduire le chr\u00e9tien vers une union plus intime au Christ, vers une familiarit\u00e9 plus vive avec l\u2019Esprit Saint, son action, ses dons et ses appels, afin de pouvoir mieux assumer les responsabilit\u00e9s de la vie chr\u00e9tienne.<\/span><\/p>\n<p>Conf\u00e9rence des \u00c9v\u00eaques de France<\/p>\n<p><span style=\"font-family: impact,sans-serif;\"><span style=\"font-size: 12pt;\">Coordonn\u00e9es Services Confirmation<\/span> <\/span><\/p>\n<p><span style=\"font-family: impact,sans-serif;\">Jeunes au lyc\u00e9e : mp@baumhauer.fr<\/span><\/p>\n<p><span style=\"font-family: impact,sans-serif;\">Adultes : mnjacoel@yahoo.fr<\/span><\/p>\n","protected":false},"excerpt":{"rendered":"<p>La confirmation formulaire de demande Recevoir le sacrement de confirmation est une d\u00e9cision personnelle que l\u2019on peut prendre lorsque l\u2019on est \u00e0 m\u00eame d\u2019exercer un choix libre et responsable. La confirmation marque une \u00e9tape de maturit\u00e9 spirituelle o\u00f9 l\u2019on a &hellip; <a href=\"https:\/\/eglise-catholique-valdorge.fr\/?page_id=132\">Lire la suite\u00ad\u00ad<\/a><\/p>\n","protected":false},"author":1,"featured_media":0,"parent":0,"menu_order":0,"comment_status":"closed","ping_status":"closed","template":"","meta":{"kt_blocks_editor_width":"","footnotes":""},"_links":{"self":[{"href":"https:\/\/eglise-catholique-valdorge.fr\/index.php?rest_route=\/wp\/v2\/pages\/132"}],"collection":[{"href":"https:\/\/eglise-catholique-valdorge.fr\/index.php?rest_route=\/wp\/v2\/pages"}],"about":[{"href":"https:\/\/eglise-catholique-valdorge.fr\/index.php?rest_route=\/wp\/v2\/types\/page"}],"author":[{"embeddable":true,"href":"https:\/\/eglise-catholique-valdorge.fr\/index.php?rest_route=\/wp\/v2\/users\/1"}],"replies":[{"embeddable":true,"href":"https:\/\/eglise-catholique-valdorge.fr\/index.php?rest_route=%2Fwp%2Fv2%2Fcomments&post=132"}],"version-history":[{"count":5,"href":"https:\/\/eglise-catholique-valdorge.fr\/index.php?rest_route=\/wp\/v2\/pages\/132\/revisions"}],"predecessor-version":[{"id":173,"href":"https:\/\/eglise-catholique-valdorge.fr\/index.php?rest_route=\/wp\/v2\/pages\/132\/revisions\/173"}],"wp:attachment":[{"href":"https:\/\/eglise-catholique-valdorge.fr\/index.php?rest_route=%2Fwp%2Fv2%2Fmedia&parent=132"}],"curies":[{"name":"wp","href":"https:\/\/api.w.org\/{rel}","templated":true}]}}