{"id":148,"date":"2017-06-15T14:56:35","date_gmt":"2017-06-15T12:56:35","guid":{"rendered":"http:\/\/eglise-catholique-valdorge.fr\/?page_id=148"},"modified":"2017-10-05T17:54:50","modified_gmt":"2017-10-05T15:54:50","slug":"formulaire-de-demande-de-mariage","status":"publish","type":"page","link":"https:\/\/eglise-catholique-valdorge.fr\/?page_id=148","title":{"rendered":"Formulaire demande de mariage"},"content":{"rendered":"\n<div class=\"wpcf7 no-js\" id=\"wpcf7-f147-o1\" lang=\"fr-FR\" dir=\"ltr\">\n<div class=\"screen-reader-response\"><p role=\"status\" aria-live=\"polite\" aria-atomic=\"true\"><\/p> <ul><\/ul><\/div>\n<form action=\"\/index.php?rest_route=%2Fwp%2Fv2%2Fpages%2F148#wpcf7-f147-o1\" method=\"post\" class=\"wpcf7-form init\" aria-label=\"Formulaire de contact\" novalidate=\"novalidate\" data-status=\"init\">\n<div style=\"display: none;\">\n<input type=\"hidden\" name=\"_wpcf7\" value=\"147\" \/>\n<input type=\"hidden\" name=\"_wpcf7_version\" value=\"5.7.7\" \/>\n<input type=\"hidden\" name=\"_wpcf7_locale\" value=\"fr_FR\" \/>\n<input type=\"hidden\" name=\"_wpcf7_unit_tag\" value=\"wpcf7-f147-o1\" \/>\n<input type=\"hidden\" name=\"_wpcf7_container_post\" value=\"0\" \/>\n<input type=\"hidden\" name=\"_wpcf7_posted_data_hash\" value=\"\" \/>\n<\/div>\n<p><label> Votre nom (obligatoire)<br \/>\n<span class=\"wpcf7-form-control-wrap\" data-name=\"your-name\"><input size=\"40\" class=\"wpcf7-form-control wpcf7-text wpcf7-validates-as-required\" aria-required=\"true\" aria-invalid=\"false\" value=\"\" type=\"text\" name=\"your-name\" \/><\/span> <\/label>\n<\/p>\n<p><label> Votre e-mail (obligatoire)<br \/>\n<span class=\"wpcf7-form-control-wrap\" data-name=\"your-email\"><input size=\"40\" class=\"wpcf7-form-control wpcf7-text wpcf7-email wpcf7-validates-as-required wpcf7-validates-as-email\" aria-required=\"true\" aria-invalid=\"false\" value=\"\" type=\"email\" name=\"your-email\" \/><\/span> <\/label>\n<\/p>\n<p><label> Sujet<br \/>\n<span class=\"wpcf7-form-control-wrap\" data-name=\"your-subject\"><input size=\"40\" class=\"wpcf7-form-control wpcf7-text\" aria-invalid=\"false\" value=\"\" type=\"text\" name=\"your-subject\" \/><\/span> <\/label>\n<\/p>\n<p><label> Votre paroisse (obligatoire)<br \/>\n<span class=\"wpcf7-form-control-wrap\" data-name=\"menu-483\"><select class=\"wpcf7-form-control wpcf7-select wpcf7-validates-as-required\" aria-required=\"true\" aria-invalid=\"false\" name=\"menu-483\"><option value=\"Fleury-M\u00e9rogis\">Fleury-M\u00e9rogis<\/option><option value=\"Morsang sur Orge\">Morsang sur Orge<\/option><option value=\"Sainte Genevi\u00e8ve des Bois\">Sainte Genevi\u00e8ve des Bois<\/option><option value=\"Saint Michel sur Orge)\">Saint Michel sur Orge)<\/option><option value=\"Villemoisson sur Orge\">Villemoisson sur Orge<\/option><option value=\"autre\">autre<\/option><\/select><\/span> <\/label>\n<\/p>\n<p><label>*********************************************************<br \/>\n<label> Nom futur mari\u00e9 (obligatoire)<br \/>\n<span class=\"wpcf7-form-control-wrap\" data-name=\"your-nomm\"><input size=\"40\" class=\"wpcf7-form-control wpcf7-text wpcf7-validates-as-required\" aria-required=\"true\" aria-invalid=\"false\" value=\"\" type=\"text\" name=\"your-nomm\" \/><\/span><br \/>\n<label> Pr\u00e9noms futur mari\u00e9 (obligatoire)<br \/>\n<span class=\"wpcf7-form-control-wrap\" data-name=\"your-prenomm\"><input size=\"40\" class=\"wpcf7-form-control wpcf7-text wpcf7-validates-as-required\" aria-required=\"true\" aria-invalid=\"false\" value=\"\" type=\"text\" name=\"your-prenomm\" \/><\/span><br \/>\n<label> Mail futur mari\u00e9 (obligatoire)<br \/>\n<span class=\"wpcf7-form-control-wrap\" data-name=\"mailmari\"><input size=\"40\" class=\"wpcf7-form-control wpcf7-text wpcf7-email wpcf7-validates-as-required wpcf7-validates-as-email\" aria-required=\"true\" aria-invalid=\"false\" value=\"\" type=\"email\" name=\"mailmari\" \/><\/span><br \/>\n<label> T\u00e9l\u00e9phone futur mari\u00e9 (obligatoire)<br \/>\n<span class=\"wpcf7-form-control-wrap\" data-name=\"telmari\"><input size=\"40\" class=\"wpcf7-form-control wpcf7-text wpcf7-tel wpcf7-validates-as-required wpcf7-validates-as-tel\" aria-required=\"true\" aria-invalid=\"false\" value=\"\" type=\"tel\" name=\"telmari\" \/><\/span><br \/>\n<label> Profession futur mari\u00e9 (obligatoire)<br \/>\n<span class=\"wpcf7-form-control-wrap\" data-name=\"profmari\"><input size=\"40\" class=\"wpcf7-form-control wpcf7-text wpcf7-validates-as-required\" aria-required=\"true\" aria-invalid=\"false\" value=\"\" type=\"text\" name=\"profmari\" \/><\/span><br \/>\n<label> Nom du p\u00e8re du futur mari\u00e9 (obligatoire)<br \/>\n<span class=\"wpcf7-form-control-wrap\" data-name=\"your-nomperem\"><input size=\"40\" class=\"wpcf7-form-control wpcf7-text wpcf7-validates-as-required\" aria-required=\"true\" aria-invalid=\"false\" value=\"\" type=\"text\" name=\"your-nomperem\" \/><\/span><br \/>\n<label> Pr\u00e9nom du p\u00e8re du futur mari\u00e9 (obligatoire)<br \/>\n<span class=\"wpcf7-form-control-wrap\" data-name=\"your-prenomperem\"><input size=\"40\" class=\"wpcf7-form-control wpcf7-text wpcf7-validates-as-required\" aria-required=\"true\" aria-invalid=\"false\" value=\"\" type=\"text\" name=\"your-prenomperem\" \/><\/span><br \/>\n<label> Nom de naissance de la m\u00e8re du futur mari\u00e9 (obligatoire)<br \/>\n<span class=\"wpcf7-form-control-wrap\" data-name=\"your-nommerem\"><input size=\"40\" class=\"wpcf7-form-control wpcf7-text wpcf7-validates-as-required\" aria-required=\"true\" aria-invalid=\"false\" value=\"\" type=\"text\" name=\"your-nommerem\" \/><\/span><br \/>\n<label> Pr\u00e9nom de la m\u00e8re du futur mari\u00e9 (obligatoire)<br \/>\n<span class=\"wpcf7-form-control-wrap\" data-name=\"your-prenommerem\"><input size=\"40\" class=\"wpcf7-form-control wpcf7-text wpcf7-validates-as-required\" aria-required=\"true\" aria-invalid=\"false\" value=\"\" type=\"text\" name=\"your-prenommerem\" \/><\/span><br \/>\n<label> Date de naissance futur mari\u00e9 (obligatoire)<br \/>\n<span class=\"wpcf7-form-control-wrap\" data-name=\"date-422\"><input class=\"wpcf7-form-control wpcf7-date wpcf7-validates-as-required wpcf7-validates-as-date\" aria-required=\"true\" aria-invalid=\"false\" value=\"\" type=\"date\" name=\"date-422\" \/><\/span><br \/>\n<label> Lieu de naissance futur mari\u00e9 (ville + pays) (obligatoire)<br \/>\n<span class=\"wpcf7-form-control-wrap\" data-name=\"your-lieunaissance\"><input size=\"40\" class=\"wpcf7-form-control wpcf7-text wpcf7-validates-as-required\" aria-required=\"true\" aria-invalid=\"false\" value=\"\" type=\"text\" name=\"your-lieunaissance\" \/><\/span><br \/>\n<label> Adresse futur mari\u00e9 (obligatoire)<br \/>\n<span class=\"wpcf7-form-control-wrap\" data-name=\"your-adressm\"><textarea cols=\"40\" rows=\"10\" class=\"wpcf7-form-control wpcf7-textarea wpcf7-validates-as-required\" aria-required=\"true\" aria-invalid=\"false\" name=\"your-adressm\"><\/textarea><\/span><br \/>\n<label> Futur mari\u00e9 : avez-vous d\u00e9j\u00e0 \u00e9t\u00e9 mari\u00e9 pr\u00e9c\u00e9demment ?(obligatoire)<br \/>\n.... Civil : <span class=\"wpcf7-form-control-wrap\" data-name=\"precedentmariagecm\"><span class=\"wpcf7-form-control wpcf7-checkbox wpcf7-validates-as-required wpcf7-exclusive-checkbox\"><span class=\"wpcf7-list-item first\"><input type=\"checkbox\" name=\"precedentmariagecm\" value=\"oui\" \/><span class=\"wpcf7-list-item-label\">oui<\/span><\/span><span class=\"wpcf7-list-item last\"><input type=\"checkbox\" name=\"precedentmariagecm\" value=\"non\" \/><span class=\"wpcf7-list-item-label\">non<\/span><\/span><\/span><\/span><br \/>\n.... Religieux : <span class=\"wpcf7-form-control-wrap\" data-name=\"precedentmariagerm\"><span class=\"wpcf7-form-control wpcf7-checkbox wpcf7-validates-as-required wpcf7-exclusive-checkbox\"><span class=\"wpcf7-list-item first\"><input type=\"checkbox\" name=\"precedentmariagerm\" value=\"oui\" \/><span class=\"wpcf7-list-item-label\">oui<\/span><\/span><span class=\"wpcf7-list-item last\"><input type=\"checkbox\" name=\"precedentmariagerm\" value=\"non\" \/><span class=\"wpcf7-list-item-label\">non<\/span><\/span><\/span><\/span><br \/>\n<label> Futur mari\u00e9 : avez-vous des enfants ? (obligatoire)<br \/>\n<span class=\"wpcf7-form-control-wrap\" data-name=\"enfantsmari\"><span class=\"wpcf7-form-control wpcf7-checkbox wpcf7-validates-as-required wpcf7-exclusive-checkbox\"><span class=\"wpcf7-list-item first\"><input type=\"checkbox\" name=\"enfantsmari\" value=\"oui\" \/><span class=\"wpcf7-list-item-label\">oui<\/span><\/span><span class=\"wpcf7-list-item last\"><input type=\"checkbox\" name=\"enfantsmari\" value=\"non\" \/><span class=\"wpcf7-list-item-label\">non<\/span><\/span><\/span><\/span><br \/>\n<label> Pr\u00e9cisez : Nom, Pr\u00e9nom, ann\u00e9e de naissance, bapt\u00eame (oui\/non)<br \/>\n<span class=\"wpcf7-form-control-wrap\" data-name=\"your-enfantsm\"><textarea cols=\"40\" rows=\"10\" class=\"wpcf7-form-control wpcf7-textarea\" aria-invalid=\"false\" name=\"your-enfantsm\"><\/textarea><\/span><br \/>\n<label> Futur mari\u00e9 : \u00eates-vous baptis\u00e9 ?(obligatoire)<br \/>\n<span class=\"wpcf7-form-control-wrap\" data-name=\"baptemem\"><span class=\"wpcf7-form-control wpcf7-checkbox wpcf7-validates-as-required wpcf7-exclusive-checkbox\"><span class=\"wpcf7-list-item first\"><input type=\"checkbox\" name=\"baptemem\" value=\"oui\" \/><span class=\"wpcf7-list-item-label\">oui<\/span><\/span><span class=\"wpcf7-list-item last\"><input type=\"checkbox\" name=\"baptemem\" value=\"non\" \/><span class=\"wpcf7-list-item-label\">non<\/span><\/span><\/span><\/span><br \/>\n<label> Religion (obligatoire)<br \/>\n<span class=\"wpcf7-form-control-wrap\" data-name=\"your-religionm\"><select class=\"wpcf7-form-control wpcf7-select wpcf7-validates-as-required\" aria-required=\"true\" aria-invalid=\"false\" name=\"your-religionm\"><option value=\"Catholique\">Catholique<\/option><option value=\"Protestant (\u00e0 pr\u00e9ciser)\">Protestant (\u00e0 pr\u00e9ciser)<\/option><option value=\"Orthodoxe\">Orthodoxe<\/option><option value=\"Musulman\">Musulman<\/option><option value=\"Juif\">Juif<\/option><option value=\"Autre (\u00e0 pr\u00e9ciser)\">Autre (\u00e0 pr\u00e9ciser)<\/option><\/select><\/span><br \/>\n.... Pr\u00e9cisions :<br \/>\n<span class=\"wpcf7-form-control-wrap\" data-name=\"your-religionprecisionm\"><input size=\"40\" class=\"wpcf7-form-control wpcf7-text\" aria-invalid=\"false\" value=\"\" type=\"text\" name=\"your-religionprecisionm\" \/><\/span><br \/>\n<label> Date de votre bapt\u00eame :<br \/>\n<span class=\"wpcf7-form-control-wrap\" data-name=\"datebaptemem\"><input class=\"wpcf7-form-control wpcf7-date wpcf7-validates-as-date\" aria-invalid=\"false\" value=\"\" type=\"date\" name=\"datebaptemem\" \/><\/span><br \/>\n<label> Paroisse et dioc\u00e8se de votre bapt\u00eame :<br \/>\n<span class=\"wpcf7-form-control-wrap\" data-name=\"your-lieubaptemem\"><input size=\"40\" class=\"wpcf7-form-control wpcf7-text\" aria-invalid=\"false\" value=\"\" type=\"text\" name=\"your-lieubaptemem\" \/><\/span><br \/>\n<Label> ********************************************************<br \/>\n<label> Nom de naissance future mari\u00e9e (obligatoire)<br \/>\n<span class=\"wpcf7-form-control-wrap\" data-name=\"your-nome\"><input size=\"40\" class=\"wpcf7-form-control wpcf7-text wpcf7-validates-as-required\" aria-required=\"true\" aria-invalid=\"false\" value=\"\" type=\"text\" name=\"your-nome\" \/><\/span><br \/>\n<label> Pr\u00e9noms future mari\u00e9e (obligatoire)<br \/>\n<span class=\"wpcf7-form-control-wrap\" data-name=\"your-prenome\"><input size=\"40\" class=\"wpcf7-form-control wpcf7-text wpcf7-validates-as-required\" aria-required=\"true\" aria-invalid=\"false\" value=\"\" type=\"text\" name=\"your-prenome\" \/><\/span><br \/>\n<label> Mail future mari\u00e9e (obligatoire)<br \/>\n<span class=\"wpcf7-form-control-wrap\" data-name=\"mailmarie\"><input size=\"40\" class=\"wpcf7-form-control wpcf7-text wpcf7-email wpcf7-validates-as-required wpcf7-validates-as-email\" aria-required=\"true\" aria-invalid=\"false\" value=\"\" type=\"email\" name=\"mailmarie\" \/><\/span><br \/>\n<label> T\u00e9l\u00e9phone future mari\u00e9e (obligatoire)<br \/>\n<span class=\"wpcf7-form-control-wrap\" data-name=\"telmarie\"><input size=\"40\" class=\"wpcf7-form-control wpcf7-text wpcf7-tel wpcf7-validates-as-required wpcf7-validates-as-tel\" aria-required=\"true\" aria-invalid=\"false\" value=\"\" type=\"tel\" name=\"telmarie\" \/><\/span><br \/>\n<label> Profession future mari\u00e9e (obligatoire)<br \/>\n<span class=\"wpcf7-form-control-wrap\" data-name=\"profmarie\"><input size=\"40\" class=\"wpcf7-form-control wpcf7-text wpcf7-validates-as-required\" aria-required=\"true\" aria-invalid=\"false\" value=\"\" type=\"text\" name=\"profmarie\" \/><\/span><br \/>\n<label> Nom du p\u00e8re de la future mari\u00e9e (obligatoire)<br \/>\n<span class=\"wpcf7-form-control-wrap\" data-name=\"your-nomperee\"><input size=\"40\" class=\"wpcf7-form-control wpcf7-text wpcf7-validates-as-required\" aria-required=\"true\" aria-invalid=\"false\" value=\"\" type=\"text\" name=\"your-nomperee\" \/><\/span><br \/>\n<label> Pr\u00e9nom du p\u00e8re de la future mari\u00e9e (obligatoire)<br \/>\n<span class=\"wpcf7-form-control-wrap\" data-name=\"your-prenomperee\"><input size=\"40\" class=\"wpcf7-form-control wpcf7-text wpcf7-validates-as-required\" aria-required=\"true\" aria-invalid=\"false\" value=\"\" type=\"text\" name=\"your-prenomperee\" \/><\/span><br \/>\n<label> Nom de naissance de la m\u00e8re de la future mari\u00e9e (obligatoire)<br \/>\n<span class=\"wpcf7-form-control-wrap\" data-name=\"your-nommeree\"><input size=\"40\" class=\"wpcf7-form-control wpcf7-text\" aria-invalid=\"false\" value=\"\" type=\"text\" name=\"your-nommeree\" \/><\/span><br \/>\n<label> Pr\u00e9nom de la m\u00e8re de la future mari\u00e9 (obligatoire)<br \/>\n<span class=\"wpcf7-form-control-wrap\" data-name=\"your-prenommeree\"><input size=\"40\" class=\"wpcf7-form-control wpcf7-text wpcf7-validates-as-required\" aria-required=\"true\" aria-invalid=\"false\" value=\"\" type=\"text\" name=\"your-prenommeree\" \/><\/span><br \/>\n<label> Date de naissance de la future mari\u00e9e (obligatoire)<br \/>\n<span class=\"wpcf7-form-control-wrap\" data-name=\"date-423\"><input class=\"wpcf7-form-control wpcf7-date wpcf7-validates-as-required wpcf7-validates-as-date\" aria-required=\"true\" aria-invalid=\"false\" value=\"\" type=\"date\" name=\"date-423\" \/><\/span><br \/>\n<label> Lieu de naissance de la future mari\u00e9e (ville + pays) (obligatoire)<br \/>\n<span class=\"wpcf7-form-control-wrap\" data-name=\"your-lieunaissancee\"><input size=\"40\" class=\"wpcf7-form-control wpcf7-text wpcf7-validates-as-required\" aria-required=\"true\" aria-invalid=\"false\" value=\"\" type=\"text\" name=\"your-lieunaissancee\" \/><\/span><br \/>\n<label> Adresse de la future mari\u00e9e (obligatoire)<br \/>\n<span class=\"wpcf7-form-control-wrap\" data-name=\"your-adresse\"><textarea cols=\"40\" rows=\"10\" class=\"wpcf7-form-control wpcf7-textarea wpcf7-validates-as-required\" aria-required=\"true\" aria-invalid=\"false\" name=\"your-adresse\"><\/textarea><\/span><br \/>\n<label> Future mari\u00e9e : avez-vous d\u00e9j\u00e0 \u00e9t\u00e9 mari\u00e9e pr\u00e9c\u00e9demment ?(obligatoire)<br \/>\n. Civil : <span class=\"wpcf7-form-control-wrap\" data-name=\"precedentmariagece\"><span class=\"wpcf7-form-control wpcf7-checkbox wpcf7-validates-as-required wpcf7-exclusive-checkbox\"><span class=\"wpcf7-list-item first\"><input type=\"checkbox\" name=\"precedentmariagece\" value=\"oui\" \/><span class=\"wpcf7-list-item-label\">oui<\/span><\/span><span class=\"wpcf7-list-item last\"><input type=\"checkbox\" name=\"precedentmariagece\" value=\"non\" \/><span class=\"wpcf7-list-item-label\">non<\/span><\/span><\/span><\/span><br \/>\n. Religieux : <span class=\"wpcf7-form-control-wrap\" data-name=\"precedentmariagere\"><span class=\"wpcf7-form-control wpcf7-checkbox wpcf7-validates-as-required wpcf7-exclusive-checkbox\"><span class=\"wpcf7-list-item first\"><input type=\"checkbox\" name=\"precedentmariagere\" value=\"oui\" \/><span class=\"wpcf7-list-item-label\">oui<\/span><\/span><span class=\"wpcf7-list-item last\"><input type=\"checkbox\" name=\"precedentmariagere\" value=\"non\" \/><span class=\"wpcf7-list-item-label\">non<\/span><\/span><\/span><\/span><br \/>\n<label> Future mari\u00e9e : avez-vous des enfants ? (obligatoire)<br \/>\n<span class=\"wpcf7-form-control-wrap\" data-name=\"enfantsmariee\"><span class=\"wpcf7-form-control wpcf7-checkbox wpcf7-validates-as-required wpcf7-exclusive-checkbox\"><span class=\"wpcf7-list-item first\"><input type=\"checkbox\" name=\"enfantsmariee\" value=\"oui\" \/><span class=\"wpcf7-list-item-label\">oui<\/span><\/span><span class=\"wpcf7-list-item last\"><input type=\"checkbox\" name=\"enfantsmariee\" value=\"non\" \/><span class=\"wpcf7-list-item-label\">non<\/span><\/span><\/span><\/span><br \/>\n<label> Pr\u00e9cisez : Nom, Pr\u00e9nom, ann\u00e9e de naissance, bapt\u00eame (oui\/non)<br \/>\n<span class=\"wpcf7-form-control-wrap\" data-name=\"your-enfantse\"><textarea cols=\"40\" rows=\"10\" class=\"wpcf7-form-control wpcf7-textarea\" aria-invalid=\"false\" name=\"your-enfantse\"><\/textarea><\/span><br \/>\n<label> Future mari\u00e9e : \u00eates-vous baptis\u00e9e ?(obligatoire)<br \/>\n<span class=\"wpcf7-form-control-wrap\" data-name=\"baptemee\"><span class=\"wpcf7-form-control wpcf7-checkbox wpcf7-validates-as-required wpcf7-exclusive-checkbox\"><span class=\"wpcf7-list-item first\"><input type=\"checkbox\" name=\"baptemee\" value=\"oui\" \/><span class=\"wpcf7-list-item-label\">oui<\/span><\/span><span class=\"wpcf7-list-item last\"><input type=\"checkbox\" name=\"baptemee\" value=\"non\" \/><span class=\"wpcf7-list-item-label\">non<\/span><\/span><\/span><\/span><br \/>\n<label> Religion (obligatoire)<br \/>\n<span class=\"wpcf7-form-control-wrap\" data-name=\"your-religione\"><select class=\"wpcf7-form-control wpcf7-select wpcf7-validates-as-required\" aria-required=\"true\" aria-invalid=\"false\" name=\"your-religione\"><option value=\"Catholique\">Catholique<\/option><option value=\"Protestant (\u00e0 pr\u00e9ciser)\">Protestant (\u00e0 pr\u00e9ciser)<\/option><option value=\"Orthodoxe\">Orthodoxe<\/option><option value=\"Musulman\">Musulman<\/option><option value=\"Juif\">Juif<\/option><option value=\"Autre (\u00e0 pr\u00e9ciser)\">Autre (\u00e0 pr\u00e9ciser)<\/option><\/select><\/span><br \/>\n.... Pr\u00e9cisions :<br \/>\n<span class=\"wpcf7-form-control-wrap\" data-name=\"your-religionprecisione\"><input size=\"40\" class=\"wpcf7-form-control wpcf7-text\" aria-invalid=\"false\" value=\"\" type=\"text\" name=\"your-religionprecisione\" \/><\/span><br \/>\n<label> Date de votre bapt\u00eame :<br \/>\n<span class=\"wpcf7-form-control-wrap\" data-name=\"datebaptemee\"><input class=\"wpcf7-form-control wpcf7-date wpcf7-validates-as-date\" aria-invalid=\"false\" value=\"\" type=\"date\" name=\"datebaptemee\" \/><\/span><br \/>\n<label> Paroisse et dioc\u00e8se de votre bapt\u00eame :<br \/>\n<span class=\"wpcf7-form-control-wrap\" data-name=\"your-lieubaptemee\"><input size=\"40\" class=\"wpcf7-form-control wpcf7-text\" aria-invalid=\"false\" value=\"\" type=\"text\" name=\"your-lieubaptemee\" \/><\/span><br \/>\n<Label> ********************************************************<br \/>\n<label> Date du mariage civil (obligatoire)<br \/>\n<span class=\"wpcf7-form-control-wrap\" data-name=\"datemariagecivil\"><input class=\"wpcf7-form-control wpcf7-date wpcf7-validates-as-required wpcf7-validates-as-date\" aria-required=\"true\" aria-invalid=\"false\" value=\"\" type=\"date\" name=\"datemariagecivil\" \/><\/span><br \/>\n<label> Heure du mariage civil (obligatoire)<br \/>\n<span class=\"wpcf7-form-control-wrap\" data-name=\"your-heuremariage\"><input size=\"40\" class=\"wpcf7-form-control wpcf7-text wpcf7-validates-as-required\" aria-required=\"true\" aria-invalid=\"false\" value=\"\" type=\"text\" name=\"your-heuremariage\" \/><\/span><br \/>\n<label> Lieu du mariage civil (commune+d\u00e9partement+pays) (obligatoire)<br \/>\n<span class=\"wpcf7-form-control-wrap\" data-name=\"your-lieumariagecivile\"><input size=\"40\" class=\"wpcf7-form-control wpcf7-text wpcf7-validates-as-required\" aria-required=\"true\" aria-invalid=\"false\" value=\"\" type=\"text\" name=\"your-lieumariagecivile\" \/><\/span><br \/>\nVotre Mariage religieux :<br \/>\n<label> Date souhait\u00e9e (obligatoire)<br \/>\n<span class=\"wpcf7-form-control-wrap\" data-name=\"datemariagereligieux\"><input class=\"wpcf7-form-control wpcf7-date wpcf7-validates-as-required wpcf7-validates-as-date\" aria-required=\"true\" aria-invalid=\"false\" value=\"\" type=\"date\" name=\"datemariagereligieux\" \/><\/span><br \/>\n<label> Heure souhait\u00e9e - plusieurs choix possibles (obligatoire)<br \/>\n<span class=\"wpcf7-form-control-wrap\" data-name=\"heuremariagereligieux\"><span class=\"wpcf7-form-control wpcf7-checkbox wpcf7-validates-as-required\"><span class=\"wpcf7-list-item first\"><input type=\"checkbox\" name=\"heuremariagereligieux[]\" value=\"14h00\" \/><span class=\"wpcf7-list-item-label\">14h00<\/span><\/span><span class=\"wpcf7-list-item\"><input type=\"checkbox\" name=\"heuremariagereligieux[]\" value=\"14h30\" \/><span class=\"wpcf7-list-item-label\">14h30<\/span><\/span><span class=\"wpcf7-list-item\"><input type=\"checkbox\" name=\"heuremariagereligieux[]\" value=\"15h00\" \/><span class=\"wpcf7-list-item-label\">15h00<\/span><\/span><span class=\"wpcf7-list-item last\"><input type=\"checkbox\" name=\"heuremariagereligieux[]\" value=\"15h30\" \/><span class=\"wpcf7-list-item-label\">15h30<\/span><\/span><\/span><\/span><br \/>\n<label> \u00c9glise souhait\u00e9e - plusieurs choix possibles (obligatoire)<br \/>\n<span class=\"wpcf7-form-control-wrap\" data-name=\"choixeglise\"><span class=\"wpcf7-form-control wpcf7-checkbox wpcf7-validates-as-required\"><span class=\"wpcf7-list-item first\"><input type=\"checkbox\" name=\"choixeglise[]\" value=\"Saint R\u00e9dempteur (Fleury-M\u00e9rogis)\" \/><span class=\"wpcf7-list-item-label\">Saint R\u00e9dempteur (Fleury-M\u00e9rogis)<\/span><\/span><span class=\"wpcf7-list-item\"><input type=\"checkbox\" name=\"choixeglise[]\" value=\"Notre Dame de Gr\u00e2ce (Morsang sur Orge)\" \/><span class=\"wpcf7-list-item-label\">Notre Dame de Gr\u00e2ce (Morsang sur Orge)<\/span><\/span><span class=\"wpcf7-list-item\"><input type=\"checkbox\" name=\"choixeglise[]\" value=\"Saint Jean Baptiste (Morsang sur Orge)\" \/><span class=\"wpcf7-list-item-label\">Saint Jean Baptiste (Morsang sur Orge)<\/span><\/span><span class=\"wpcf7-list-item\"><input type=\"checkbox\" name=\"choixeglise[]\" value=\"Sainte Genevi\u00e8ve (Ste Genevi\u00e8ve des Bois)\" \/><span class=\"wpcf7-list-item-label\">Sainte Genevi\u00e8ve (Ste Genevi\u00e8ve des Bois)<\/span><\/span><span class=\"wpcf7-list-item\"><input type=\"checkbox\" name=\"choixeglise[]\" value=\"Jean-Marie Vianney (Ste Genevi\u00e8ve des Bois)\" \/><span class=\"wpcf7-list-item-label\">Jean-Marie Vianney (Ste Genevi\u00e8ve des Bois)<\/span><\/span><span class=\"wpcf7-list-item\"><input type=\"checkbox\" name=\"choixeglise[]\" value=\"Saint Jean Ap\u00f4tre (St Michel sur Orge)\" \/><span class=\"wpcf7-list-item-label\">Saint Jean Ap\u00f4tre (St Michel sur Orge)<\/span><\/span><span class=\"wpcf7-list-item\"><input type=\"checkbox\" name=\"choixeglise[]\" value=\"Saint Michel (St Michel sur Orge)\" \/><span class=\"wpcf7-list-item-label\">Saint Michel (St Michel sur Orge)<\/span><\/span><span class=\"wpcf7-list-item\"><input type=\"checkbox\" name=\"choixeglise[]\" value=\"Saint Laurent (Villemoisson sur Orge)\" \/><span class=\"wpcf7-list-item-label\">Saint Laurent (Villemoisson sur Orge)<\/span><\/span><span class=\"wpcf7-list-item\"><input type=\"checkbox\" name=\"choixeglise[]\" value=\"Saint Joseph (Villemoisson sur Orge)\" \/><span class=\"wpcf7-list-item-label\">Saint Joseph (Villemoisson sur Orge)<\/span><\/span><span class=\"wpcf7-list-item last\"><input type=\"checkbox\" name=\"choixeglise[]\" value=\"Autre\" \/><span class=\"wpcf7-list-item-label\">Autre<\/span><\/span><\/span><\/span><br \/>\n<label> \"Autre\" merci de pr\u00e9ciser (\u00e9glise+paroisse+dioc\u00e8se+pays)<br \/>\n<span class=\"wpcf7-form-control-wrap\" data-name=\"your-lieumariagereligieuxhd\"><input size=\"40\" class=\"wpcf7-form-control wpcf7-text\" aria-invalid=\"false\" value=\"\" type=\"text\" name=\"your-lieumariagereligieuxhd\" \/><\/span><br \/>\n<label> Remarques, demandes... :<br \/>\n<span class=\"wpcf7-form-control-wrap\" data-name=\"request\"><textarea cols=\"40\" rows=\"10\" class=\"wpcf7-form-control wpcf7-textarea\" aria-invalid=\"false\" name=\"request\"><\/textarea><\/span><br \/>\nVotre demande de mariage ne sera finalis\u00e9e qu'apr\u00e8s rendez-vous en paroisse (vous recevrez prochainement un mail de confirmation)<br \/>\n<input class=\"wpcf7-form-control has-spinner wpcf7-submit\" type=\"submit\" value=\"Envoyer\" \/><\/label><\/label><\/label><\/label><\/label><\/label><\/label><\/label><\/label><\/label><\/label><\/label><\/label><\/label><\/label><\/label><\/label><\/label><\/label><\/label><\/label><\/label><\/label><\/label><\/label><\/label><\/label><\/label><\/label><\/label><\/label><\/label><\/label><\/label><\/label><\/label><\/label><\/label><\/label><\/label><\/label><\/label><\/label><\/label><\/label><\/label><\/label><\/label><\/label>\n<\/p><div class=\"wpcf7-response-output\" aria-hidden=\"true\"><\/div>\n<\/form>\n<\/div>\n\n","protected":false},"excerpt":{"rendered":"","protected":false},"author":1,"featured_media":0,"parent":0,"menu_order":0,"comment_status":"closed","ping_status":"closed","template":"","meta":{"kt_blocks_editor_width":"","footnotes":""},"_links":{"self":[{"href":"https:\/\/eglise-catholique-valdorge.fr\/index.php?rest_route=\/wp\/v2\/pages\/148"}],"collection":[{"href":"https:\/\/eglise-catholique-valdorge.fr\/index.php?rest_route=\/wp\/v2\/pages"}],"about":[{"href":"https:\/\/eglise-catholique-valdorge.fr\/index.php?rest_route=\/wp\/v2\/types\/page"}],"author":[{"embeddable":true,"href":"https:\/\/eglise-catholique-valdorge.fr\/index.php?rest_route=\/wp\/v2\/users\/1"}],"replies":[{"embeddable":true,"href":"https:\/\/eglise-catholique-valdorge.fr\/index.php?rest_route=%2Fwp%2Fv2%2Fcomments&post=148"}],"version-history":[{"count":2,"href":"https:\/\/eglise-catholique-valdorge.fr\/index.php?rest_route=\/wp\/v2\/pages\/148\/revisions"}],"predecessor-version":[{"id":459,"href":"https:\/\/eglise-catholique-valdorge.fr\/index.php?rest_route=\/wp\/v2\/pages\/148\/revisions\/459"}],"wp:attachment":[{"href":"https:\/\/eglise-catholique-valdorge.fr\/index.php?rest_route=%2Fwp%2Fv2%2Fmedia&parent=148"}],"curies":[{"name":"wp","href":"https:\/\/api.w.org\/{rel}","templated":true}]}}