{"id":177,"date":"2017-06-15T17:55:06","date_gmt":"2017-06-15T15:55:06","guid":{"rendered":"http:\/\/eglise-catholique-valdorge.fr\/?page_id=177"},"modified":"2018-07-05T20:06:17","modified_gmt":"2018-07-05T18:06:17","slug":"la-communion","status":"publish","type":"page","link":"https:\/\/eglise-catholique-valdorge.fr\/?page_id=177","title":{"rendered":"la communion"},"content":{"rendered":"<p><span style=\"text-decoration: underline; font-size: 14pt;\"><strong><span style=\"font-family: book antiqua,palatino,serif;\">La communion<\/span><\/strong><\/span><\/p>\n<p><img loading=\"lazy\" decoding=\"async\" class=\"aligncenter size-thumbnail wp-image-178\" src=\"http:\/\/eglise-catholique-valdorge.fr\/wp-content\/uploads\/2017\/06\/communion-150x150.jpg\" alt=\"communion\" width=\"150\" height=\"150\" \/><\/p>\n<p style=\"text-align: right;\"><a href=\"http:\/\/eglise-catholique-valdorge.fr\/?page_id=180\">Formulaire de demande de communion<\/a><\/p>\n<p><span style=\"font-family: book antiqua,palatino,serif;\">L\u2019<a class=\"glossary-term\" title=\"Louange, action de gr\u00e2ce rendue \u00e0 Dieu.\" href=\"http:\/\/www.eglise.catholique.fr\/glossaire\/eucharistie\">Eucharistie<\/a> est le troisi\u00e8me <a class=\"glossary-term\" title=\"Signe visible de la pr\u00e9sence et de l'action de Dieu.\" href=\"http:\/\/www.eglise.catholique.fr\/glossaire\/sacrement\">sacrement<\/a> de l\u2019<a class=\"glossary-term\" title=\"Processus par lequel on devient chr\u00e9tien et membre de l'Eglise.\" href=\"http:\/\/www.eglise.catholique.fr\/glossaire\/initiation-chretienne\">Initiation Chr\u00e9tienne<\/a>. Le mot \u00ab\u00a0Eucharistie\u00a0\u00bb signifie \u00ab\u00a0action de gr\u00e2ces\u00a0\u00bb. C\u2019est le peuple qui rend gr\u00e2ce au P\u00e8re, par son Fils, dans l\u2019Esprit pour le don qu\u2019il nous fait de sa Vie.<\/span><\/p>\n<p><span style=\"font-family: book antiqua,palatino,serif;\"><strong>\u00ab L\u2019Eucharistie est la source et le sommet de toute la vie chr\u00e9tienne \u00bb<\/strong> (<a class=\"glossary-term\" title=\"Concile oecum\u00e9nique ouvert par le pape Jean XXIII qui r\u00e9unit \u00e0 Rome tous les \u00e9v\u00eaques du monde.\" href=\"http:\/\/www.eglise.catholique.fr\/glossaire\/vatican-ii\">Vatican II<\/a> Constitution sur l\u2019Eglise n\u00b0 11)<\/span><\/p>\n<p><span style=\"font-family: book antiqua,palatino,serif;\">C\u2019est par l\u2019Eucharistie que nous est donn\u00e9e la Vie de Dieu, le Pain de la route. Recevoir le Pain de Dieu nous invite \u00e0 partager notre pain avec nos fr\u00e8res en humanit\u00e9. L\u2019Eucharistie structure la vie chr\u00e9tienne, elle la ponctue, elle est la respiration dans la vie spirituelle. C\u2019est une actualisation de la P\u00e2que et non pas sa r\u00e9p\u00e9tition ou son simple souvenir. L\u2019Eucharistie, ou la <a class=\"glossary-term\" title=\"C\u00e9l\u00e9bration qui comm\u00e9more le sacrifice du Christ.\" href=\"http:\/\/www.eglise.catholique.fr\/glossaire\/messe\">messe<\/a>, est un rappel de la derni\u00e8re C\u00e8ne, de la mort et de la <a class=\"glossary-term\" title=\"Centre de la foi et de l'esp\u00e9rance chr\u00e9tienne.\" href=\"http:\/\/www.eglise.catholique.fr\/glossaire\/resurrection\">r\u00e9surrection<\/a> de J\u00e9sus Christ.<\/span><\/p>\n<p><span style=\"font-family: book antiqua,palatino,serif;\">\u00c0 plusieurs reprises, dans une d\u00e9marche mystagogique, Saint Augustin rappelle aux nouveaux chr\u00e9tiens ce qu\u2019ils ont v\u00e9cu depuis le d\u00e9but de leur itin\u00e9raire :<\/span><\/p>\n<p><span style=\"font-family: book antiqua,palatino,serif;\"><em>\u00ab Engrang\u00e9s lors de leur entr\u00e9e en <a class=\"glossary-term\" title=\"Situation des jeunes et des adultes qui se pr\u00e9parent au bapt\u00eame.\" href=\"http:\/\/www.eglise.catholique.fr\/glossaire\/catechumenat\">cat\u00e9chum\u00e9nat<\/a>, moulus au long de celui-ci par les efforts de conversion qui leur \u00e9taient demand\u00e9s et qui se rendaient visibles dans les \u00ab je\u00fbnes et les exorcismes \u00bb, imbib\u00e9s d\u2019eau \u00e0 la fontaine baptismale pour devenir une p\u00e2te, pass\u00e9s \u00e0 la \u00ab cuisson du feu du St Esprit \u00bb, et ainsi \u00ab devenus le pain du Seigneur \u00bb, ils ont \u00e0 \u00ab devenir ce qu\u2019ils ont re\u00e7u : le corps du Christ. \u00bb (Sermons n\u00b0 229, 272,\u2026)<\/em><\/span><\/p>\n<p>Conf\u00e9rence des \u00c9v\u00eaques de France<\/p>\n<p>&nbsp;<\/p>\n","protected":false},"excerpt":{"rendered":"<p>La communion Formulaire de demande de communion L\u2019Eucharistie est le troisi\u00e8me sacrement de l\u2019Initiation Chr\u00e9tienne. Le mot \u00ab\u00a0Eucharistie\u00a0\u00bb signifie \u00ab\u00a0action de gr\u00e2ces\u00a0\u00bb. C\u2019est le peuple qui rend gr\u00e2ce au P\u00e8re, par son Fils, dans l\u2019Esprit pour le don qu\u2019il nous &hellip; <a href=\"https:\/\/eglise-catholique-valdorge.fr\/?page_id=177\">Lire la suite\u00ad\u00ad<\/a><\/p>\n","protected":false},"author":1,"featured_media":0,"parent":0,"menu_order":0,"comment_status":"closed","ping_status":"closed","template":"","meta":{"kt_blocks_editor_width":"","footnotes":""},"_links":{"self":[{"href":"https:\/\/eglise-catholique-valdorge.fr\/index.php?rest_route=\/wp\/v2\/pages\/177"}],"collection":[{"href":"https:\/\/eglise-catholique-valdorge.fr\/index.php?rest_route=\/wp\/v2\/pages"}],"about":[{"href":"https:\/\/eglise-catholique-valdorge.fr\/index.php?rest_route=\/wp\/v2\/types\/page"}],"author":[{"embeddable":true,"href":"https:\/\/eglise-catholique-valdorge.fr\/index.php?rest_route=\/wp\/v2\/users\/1"}],"replies":[{"embeddable":true,"href":"https:\/\/eglise-catholique-valdorge.fr\/index.php?rest_route=%2Fwp%2Fv2%2Fcomments&post=177"}],"version-history":[{"count":3,"href":"https:\/\/eglise-catholique-valdorge.fr\/index.php?rest_route=\/wp\/v2\/pages\/177\/revisions"}],"predecessor-version":[{"id":1603,"href":"https:\/\/eglise-catholique-valdorge.fr\/index.php?rest_route=\/wp\/v2\/pages\/177\/revisions\/1603"}],"wp:attachment":[{"href":"https:\/\/eglise-catholique-valdorge.fr\/index.php?rest_route=%2Fwp%2Fv2%2Fmedia&parent=177"}],"curies":[{"name":"wp","href":"https:\/\/api.w.org\/{rel}","templated":true}]}}