{"id":184,"date":"2017-06-15T18:18:28","date_gmt":"2017-06-15T16:18:28","guid":{"rendered":"http:\/\/eglise-catholique-valdorge.fr\/?page_id=184"},"modified":"2017-06-15T18:25:43","modified_gmt":"2017-06-15T16:25:43","slug":"le-pardon-la-reconciliation","status":"publish","type":"page","link":"https:\/\/eglise-catholique-valdorge.fr\/?page_id=184","title":{"rendered":"le pardon, la r\u00e9conciliation"},"content":{"rendered":"<p><span style=\"text-decoration: underline; font-size: 14pt;\"><strong><span style=\"font-family: book antiqua,palatino,serif;\">La confession, le pardon, la r\u00e9conciliation<\/span><\/strong><\/span><\/p>\n<p><img loading=\"lazy\" decoding=\"async\" class=\"aligncenter size-thumbnail wp-image-185\" src=\"http:\/\/eglise-catholique-valdorge.fr\/wp-content\/uploads\/2017\/06\/confession-150x150.jpg\" alt=\"confession r\u00e9conciliation pardon\" width=\"150\" height=\"150\" srcset=\"https:\/\/eglise-catholique-valdorge.fr\/wp-content\/uploads\/2017\/06\/confession-150x150.jpg 150w, https:\/\/eglise-catholique-valdorge.fr\/wp-content\/uploads\/2017\/06\/confession-300x300.jpg 300w, https:\/\/eglise-catholique-valdorge.fr\/wp-content\/uploads\/2017\/06\/confession-768x768.jpg 768w, https:\/\/eglise-catholique-valdorge.fr\/wp-content\/uploads\/2017\/06\/confession.jpg 1024w\" sizes=\"(max-width: 150px) 100vw, 150px\" \/><\/p>\n<p style=\"text-align: right;\"><a href=\"http:\/\/eglise-catholique-valdorge.fr\/?page_id=187\">Formulaire de demande de rendez-vous avec un pr\u00eatre<\/a><\/p>\n<p><span style=\"font-family: book antiqua,palatino,serif;\">Ce sacrement est le signe de l\u00b4amour infini de Dieu. Le pardon de Dieu est toujours possible, si nous faisons une d\u00e9marche vraiment sinc\u00e8re. En se reconnaissant p\u00e9cheur, nous croyons que l\u00b4Amour infini de Dieu est toujours le plus fort. Le dialogue avec un pr\u00eatre est le signe efficace de la r\u00e9conciliation avec Dieu et avec nos fr\u00e8res.<\/span><\/p>\n<p><span style=\"font-family: book antiqua,palatino,serif;\">Le pardon de Dieu est exprim\u00e9 par les paroles du pr\u00eatre: \u00ab Que Dieu notre P\u00e8re vous montre sa mis\u00e9ricorde ; par la mort et la r\u00e9surrection de son Fils il a r\u00e9concili\u00e9 le monde avec lui et il a envoy\u00e9 l\u2019Esprit-Saint pour la r\u00e9mission des p\u00e9ch\u00e9s : par le minist\u00e8re de l\u2019Eglise qu\u2019il vous donne le pardon et la paix. \u00bb<\/span><\/p>\n<p><span style=\"font-family: book antiqua,palatino,serif;\"><em>\u00ab\u00a0Le pardon de nos p\u00e9ch\u00e9s n\u2019est pas quelque chose que nous pouvons nous donner \u00e0 nous-m\u00eames. Je ne peux pas dire : je me pardonne mes p\u00e9ch\u00e9s. Le pardon se demande, il se demande \u00e0 quelqu\u2019un d\u2019autre et dans la confession, nous demandons \u00e0 J\u00e9sus son pardon.<\/em><\/span><br \/>\n<span style=\"font-family: book antiqua,palatino,serif;\"> <em> Le pardon n\u2019est pas le fruit de nos efforts, mais c\u2019est un cadeau, un don de l\u2019Esprit-Saint, qui nous comble dans le bain r\u00e9g\u00e9n\u00e9rant de mis\u00e9ricorde et de gr\u00e2ce qui coule sans cesse du c\u0153ur grand-ouvert du Christ crucifi\u00e9 et ressuscit\u00e9.<\/em><\/span><\/p>\n<blockquote><p><span style=\"font-family: book antiqua,palatino,serif;\"><em> C\u2019est seulement si nous nous laissons r\u00e9concilier dans le Seigneur J\u00e9sus avec le P\u00e8re et avec nos fr\u00e8res que nous pouvons \u00eatre vraiment dans la paix<\/em><\/span><\/p><\/blockquote>\n<p><span style=\"font-family: book antiqua,palatino,serif;\"><em>Et cela, nous l\u2019avons tous ressenti dans notre c\u0153ur lorsque nous allons nous confesser, avec un poids sur l\u2019\u00e2me, un peu de tristesse; et quand nous recevons le pardon de J\u00e9sus, nous sommes en paix, avec cette paix de l\u2019\u00e2me qui est si belle et que seul J\u00e9sus peut donner, lui seul.\u00a0\u00bb<\/em>\u00a0Pape Fran\u00e7ois audience g\u00e9n\u00e9rale, 19 f\u00e9vrier 2014<\/span><\/p>\n","protected":false},"excerpt":{"rendered":"<p>La confession, le pardon, la r\u00e9conciliation Formulaire de demande de rendez-vous avec un pr\u00eatre Ce sacrement est le signe de l\u00b4amour infini de Dieu. Le pardon de Dieu est toujours possible, si nous faisons une d\u00e9marche vraiment sinc\u00e8re. En se &hellip; <a href=\"https:\/\/eglise-catholique-valdorge.fr\/?page_id=184\">Lire la suite\u00ad\u00ad<\/a><\/p>\n","protected":false},"author":1,"featured_media":0,"parent":0,"menu_order":0,"comment_status":"closed","ping_status":"closed","template":"","meta":{"kt_blocks_editor_width":"","footnotes":""},"_links":{"self":[{"href":"https:\/\/eglise-catholique-valdorge.fr\/index.php?rest_route=\/wp\/v2\/pages\/184"}],"collection":[{"href":"https:\/\/eglise-catholique-valdorge.fr\/index.php?rest_route=\/wp\/v2\/pages"}],"about":[{"href":"https:\/\/eglise-catholique-valdorge.fr\/index.php?rest_route=\/wp\/v2\/types\/page"}],"author":[{"embeddable":true,"href":"https:\/\/eglise-catholique-valdorge.fr\/index.php?rest_route=\/wp\/v2\/users\/1"}],"replies":[{"embeddable":true,"href":"https:\/\/eglise-catholique-valdorge.fr\/index.php?rest_route=%2Fwp%2Fv2%2Fcomments&post=184"}],"version-history":[{"count":2,"href":"https:\/\/eglise-catholique-valdorge.fr\/index.php?rest_route=\/wp\/v2\/pages\/184\/revisions"}],"predecessor-version":[{"id":191,"href":"https:\/\/eglise-catholique-valdorge.fr\/index.php?rest_route=\/wp\/v2\/pages\/184\/revisions\/191"}],"wp:attachment":[{"href":"https:\/\/eglise-catholique-valdorge.fr\/index.php?rest_route=%2Fwp%2Fv2%2Fmedia&parent=184"}],"curies":[{"name":"wp","href":"https:\/\/api.w.org\/{rel}","templated":true}]}}