{"id":219,"date":"2017-08-28T12:54:51","date_gmt":"2017-08-28T10:54:51","guid":{"rendered":"http:\/\/eglise-catholique-valdorge.fr\/?page_id=219"},"modified":"2025-07-05T17:23:21","modified_gmt":"2025-07-05T15:23:21","slug":"un-horaire-de-messe","status":"publish","type":"page","link":"https:\/\/eglise-catholique-valdorge.fr\/?page_id=219","title":{"rendered":"Horaires des messes hors vacances scolaires"},"content":{"rendered":"<p><!--\n\n\n<h2 style=\"text-align: center;\"><strong><span style=\"color: #ff0000;\">Actuellement, <span style=\"text-decoration: underline;\">toutes les messes en semaine<\/span> du Secteur sont suspendues.<\/span><\/strong><\/h2>\n\n\n\n\n<h5 style=\"text-align: center;\">Pour plus d'information, aller sur la page <a href=\"https:\/\/eglise-catholique-valdorge.fr\/?p=2740\"><span style=\"color: #0000ff;\">Liens pour rester Unis<\/span><\/a><\/h5>\n\n\n--><\/p>\n<h3 style=\"text-align: center;\"><span style=\"color: #339966;\"><strong>Messes dominicales<\/strong><\/span><\/h3>\n<p><span style=\"font-size: 16pt; color: #9f21d1;\"><strong><u>Samedi<\/u> <\/strong><\/span><br \/>\n<span style=\"color: ##800080; font-size: 12pt;\"><strong> <span style=\"color: #0000ff;\">\u00a0 \u00a0 \u00a0 <span style=\"color: #000000;\">18h00<\/span><\/span> <span style=\"color: #0000ff;\">\u00c9glise St JM Vianney<\/span><\/strong> \u00e0 <strong>Ste Genevi\u00e8ve des Bois<\/strong><em> &#8211; Rue Georges Pitard<\/em><br \/>\n<strong><span style=\"color: #ffffff;\">\u00a0 \u00a0 \u00a0 18h00<\/span> <span style=\"color: #0000ff;\">\u00c9glise St Michel <\/span><\/strong>\u00e0 <strong>St Michel sur Orge<\/strong> <em> &#8211; Rue d\u2019Enfer<\/em><br \/>\n<strong><span style=\"color: #0000ff;\">\u00a0 \u00a0 \u00a0 <span style=\"color: #000000;\">18h30<\/span><\/span> <span style=\"color: #0000ff;\">\u00c9glise St Joseph <\/span><\/strong>\u00e0<strong> Villemoisson sur Orge<\/strong> <em> &#8211; Place du Campanile<\/em><br \/>\n<strong><span style=\"color: #ffffff;\">\u00a0 \u00a0 \u00a0 18h30<\/span> <span style=\"color: #0000ff;\">Relais St Hubert <\/span><\/strong>\u00e0 <strong>Ste Genevi\u00e8ve des Bois<\/strong><em> &#8211; Rue d\u2019Holbach <\/em>(**)<br \/>\n<strong><span style=\"color: #ffffff;\">\u00a0 \u00a0 \u00a018h 30<\/span><\/strong>(**) <strong><span style=\"color: #000000;\"> Calendrier pour l&rsquo;ann\u00e9e pastorale 2025 &#8211; 2026<\/span><\/strong><br \/>\n<strong><em><span style=\"color: #ffffff;\">\u00a0 \u00a0 \u00a0 18h 30<\/span><\/em><em>   Publication en Septembre 2025<\/em> <!-- \n<em> Samedis : 24 septembre, 22 octobre, 26 novembre, 24 d\u00e9cembre(18h00),<\/em>\n<span style=\"color: #ffffff;\">\u00a0 \u00a0 \u00a0 18h30\u00a0 \u00a0 \u00a0 \u00a0 \u00a0 \u00a0 \u00a0 \u00a0 \u00a0 <\/span><em>21 janvier, 25 f\u00e9vrier, 25 mars, 22 avril, 27 mai, 17 juin<\/em>\n--> <\/strong><\/span><\/p>\n<p><strong><span style=\"font-size: 16pt; color: #9f21d1;\"><u>Dimanche<\/u> <\/span><\/strong><br \/>\n<strong><span style=\"color: #ffffff; font-size: 12pt;\">\u00a0 \u00a0 \u00a01<span style=\"color: #000000;\">9h00<\/span><\/span> <span style=\"color: #0000ff; font-size: 12pt;\">\u00c9glise Ste Genevi\u00e8ve <\/span><\/strong><span style=\"color: ##800080; font-size: 12pt;\">\u00e0<\/span><strong><span style=\"color: ##800080; font-size: 12pt;\"> Ste Genevi\u00e8ve des Bois<\/span><\/strong> <span style=\"color: ##800080; font-size: 12pt;\"><em> &#8211; 193 rte de Corbeil <\/em><\/span> <strong><span style=\"color: ##800080; font-size: 12pt;\"><br \/>\n<span style=\"color: #000000;\">\u00a0 \u00a0 \u00a010h30 <\/span> <span style=\"color: #0000ff; font-size: 12pt;\">\u00c9glise Jean Ap\u00f4tre<\/span><\/span><\/strong><span style=\"color: ##800080; font-size: 12pt;\"> \u00e0 <\/span><strong><span style=\"color: ##800080; font-size: 12pt;\">St Michel sur Orge<\/span><\/strong><em> &#8211; <span style=\"color: ##800080; font-size: 12pt;\">Av Saint Sa\u00ebns<\/span> <\/em> <strong><span style=\"color: ##800080; font-size: 12pt;\"><br \/>\n<span style=\"color: #ffffff;\">\u00a0 \u00a0 \u00a010h30<\/span> <span style=\"color: #0000ff;\">\u00c9glise Notre-Dame de Gr\u00e2ce<\/span><span style=\"color: ##800080; font-size: 12pt;\"> \u00e0 <strong>Morsang sur Orge<\/strong><\/span><\/span><\/strong><em> &#8211; 85 ave de Juvisy <\/em><br \/>\n<strong><span style=\"color: #0000ff;\">\u00a0 \u00a0 \u00a0 <span style=\"color: #000000; font-size: 12pt;\">11h00<\/span><\/span> <span style=\"color: #0000ff; font-size: 12pt;\">\u00c9glise Saint R\u00e9dempteur<\/span><\/strong><span style=\"color: ##800080; font-size: 12pt;\"> \u00e0 <strong>Fleury-M\u00e9rogis<\/strong><\/span> <em> &#8211; Rue Roger Clavier <\/em><\/p>\n<p><strong><span style=\"color: #ffffff;\">\u00a0 \u00a0 \u00a0 18h00<\/span><br \/>\n<\/strong><\/p>\n<h3 style=\"text-align: center;\"><span style=\"color: #339966;\"><strong>Messes en semaine<\/strong><\/span><\/h3>\n<p><!--\n<span style=\"font-size: 16pt; color: #9f21d1;\"><strong><u>Du lundi au samedi<\/u><\/strong><\/span>\n<span style=\"color: ##800080; font-size: 12pt;\"><strong>\u00a0 \u00a0 \u00a0 \u00a012h00 <span style=\"color: #0000ff;\">Communaut\u00e9 des s\u0153urs <\/span><\/strong>\u00e0<strong> Fleury- M\u00e9rogis<\/strong> <em>- 9 rue des peupliers<\/em>\n<em>\u00a0\u00a0\u00a0\u00a0\u00a0\u00a0\u00a0\u00a0\u00a0\u00a0\u00a0\u00a0\u00a0\u00a0\u00a0\u00a0\u00a0\u00a0\u00a0\u00a0\u00a0\u00a0\u00a0\u00a0\u00a0\u00a0\u00a0\u00a0\u00a0\u00a0\u00a0\u00a0\u00a0\u00a0\u00a0\u00a0\u00a0\u00a0\u00a0\u00a0\u00a0\u00a0\u00a0\u00a0\u00a0\u00a0\u00a0\u00a0\u00a0\u00a0\u00a0\u00a0\u00a0\u00a0\u00a0\u00a0\u00a0\u00a0\u00a0\u00a0\u00a0\u00a0\u00a0\u00a0\u00a0\u00a0\u00a0\u00a0\u00a0\u00a0 \u00a0 (MAF Maison Arr\u00eat des Femmes)<\/em>\n--> <strong><span style=\"font-size: 16pt; color: #9f21d1;\"><u>Mardi<\/u><\/span><\/strong><br \/>\n<!-- <span style=\"color: ##800080; font-size: 12pt;\"><strong>\u00a0 \u00a0 \u00a0 \u00a012h00 <span style=\"color: #0000ff;\">Communaut\u00e9 des s\u0153urs <\/span><\/strong>\u00e0<strong> Fleury- M\u00e9rogis<\/strong> <em>- 9 rue des peupliers<\/em> <em>\u00a0\u00a0\u00a0\u00a0\u00a0\u00a0\u00a0\u00a0\u00a0\u00a0\u00a0\u00a0\u00a0\u00a0\u00a0\u00a0\u00a0\u00a0\u00a0\u00a0\u00a0\u00a0\u00a0\u00a0\u00a0\u00a0\u00a0\u00a0\u00a0\u00a0\u00a0\u00a0\u00a0\u00a0\u00a0\u00a0\u00a0\u00a0\u00a0\u00a0\u00a0\u00a0\u00a0\u00a0\u00a0\u00a0\u00a0\u00a0\u00a0\u00a0\u00a0\u00a0\u00a0\u00a0\u00a0\u00a0\u00a0\u00a0\u00a0\u00a0\u00a0\u00a0\u00a0\u00a0\u00a0\u00a0\u00a0\u00a0\u00a0\u00a0 \u00a0 (MAF Maison Arr\u00eat des Femmes)<\/em>\n<\/span> \n--> <span style=\"color: ##800080; font-size: 12pt;\"><strong>\u00a0 \u00a0 \u00a0 \u00a018h30 <span style=\"color: #0000ff;\">\u00c9glise St Laurent <\/span><\/strong>\u00e0<strong> Villemoisson sur Orge<\/strong><em> &#8211; rue de l\u2019\u00c9glise <\/em><br \/>\n<\/span><\/p>\n<p><strong><span style=\"font-size: 16pt; color: #9f21d1;\"><u>Mercredi<\/u><\/span><\/strong><br \/>\n<span style=\"color: ##800080; font-size: 12pt;\"><strong>\u00a0 \u00a0 \u00a0 \u00a0 \u00a08h30 <span style=\"color: #0000ff;\">Eglise St Michel <\/span><\/strong>\u00e0<strong> St Michel sur Orge<\/strong><em> &#8211; rue d&rsquo;Enfer<\/em><\/span><br \/>\n<span style=\"color: ##800080; font-size: 12pt;\"><strong>\u00a0 \u00a0 \u00a0 \u00a018h00 <span style=\"color: #0000ff;\">Centre Jean XXIII<\/span><\/strong> \u00e0<strong> Ste Genevi\u00e8ve des Bois<\/strong><em> &#8211; 76 av gde Charmille <\/em><br \/>\n<\/span><\/p>\n<p><strong><span style=\"font-size: 16pt; color: #9f21d1;\"><u>Jeudi<\/u><\/span><\/strong><br \/>\n<span style=\"color: ##800080; font-size: 12pt;\"><strong>\u00a0 \u00a0 \u00a0 \u00a0 \u00a09h00 <span style=\"color: #0000ff;\">\u00c9glise St Jean Baptiste <\/span><\/strong>\u00e0<strong> Morsang sur Orge <\/strong><em> &#8211; 19 rue Jean Raynal <\/em><br \/>\n<!--\n<span style=\"color: ##800080; font-size: 12pt;\"><strong>\u00a0 \u00a0 \u00a0 \u00a012h00 <span style=\"color: #0000ff;\">Communaut\u00e9 des s\u0153urs <\/span><\/strong>\u00e0<strong> Fleury- M\u00e9rogis<\/strong> <em>- 9 rue des peupliers<\/em> <em>\u00a0\u00a0\u00a0\u00a0\u00a0\u00a0\u00a0\u00a0\u00a0\u00a0\u00a0\u00a0\u00a0\u00a0\u00a0\u00a0\u00a0\u00a0\u00a0\u00a0\u00a0\u00a0\u00a0\u00a0\u00a0\u00a0\u00a0\u00a0\u00a0\u00a0\u00a0\u00a0\u00a0\u00a0\u00a0\u00a0\u00a0\u00a0\u00a0\u00a0\u00a0\u00a0\u00a0\u00a0\u00a0\u00a0\u00a0\u00a0\u00a0\u00a0\u00a0\u00a0\u00a0\u00a0\u00a0\u00a0\u00a0\u00a0\u00a0\u00a0\u00a0\u00a0\u00a0\u00a0\u00a0\u00a0\u00a0\u00a0\u00a0\u00a0 \u00a0 (MAF Maison Arr\u00eat des Femmes)<\/em>\n<\/span> <\/span>\n--><\/span><\/p>\n<p><strong><span style=\"font-size: 16pt; color: #9f21d1;\"><u>Vendredi<\/u><\/span><\/strong><br \/>\n<span style=\"color: ##800080; font-size: 12pt;\"><strong>\u00a0 \u00a0 \u00a0 \u00a0 \u00a09h00 <span style=\"color: #0000ff;\">\u00c9glise St Jean-Marie Vianney <\/span><\/strong> \u00e0 <strong>Ste Genevi\u00e8ve des Bois<\/strong><em> &#8211; rue Georges Pitard <\/em><\/span><br \/>\n<!-- \n<span style=\"color: ##800080; font-size: 12pt;\"><strong>\u00a0 \u00a0 \u00a0 \u00a012h00 <span style=\"color: #0000ff;\">Communaut\u00e9 des s\u0153urs <\/span><\/strong>\u00e0<strong> Fleury- M\u00e9rogis<\/strong> <em>- 9 rue des peupliers<\/em> <em>\u00a0\u00a0\u00a0\u00a0\u00a0\u00a0\u00a0\u00a0\u00a0\u00a0\u00a0\u00a0\u00a0\u00a0\u00a0\u00a0\u00a0\u00a0\u00a0\u00a0\u00a0\u00a0\u00a0\u00a0\u00a0\u00a0\u00a0\u00a0\u00a0\u00a0\u00a0\u00a0\u00a0\u00a0\u00a0\u00a0\u00a0\u00a0\u00a0\u00a0\u00a0\u00a0\u00a0\u00a0\u00a0\u00a0\u00a0\u00a0\u00a0\u00a0\u00a0\u00a0\u00a0\u00a0\u00a0\u00a0\u00a0\u00a0\u00a0\u00a0\u00a0\u00a0\u00a0\u00a0\u00a0\u00a0\u00a0\u00a0\u00a0\u00a0 \u00a0 (MAF Maison Arr\u00eat des Femmes)<\/em><\/span>\n--> <span style=\"color: ##800080; font-size: 12pt;\"><strong>\u00a0 \u00a0 \u00a0 \u00a018h30 <span style=\"color: #0000ff;\">\u00c9glise Saint Jean Ap\u00f4tre <\/span><\/strong>\u00e0<strong> St Michel sur Orge<\/strong> <em>&#8211; Av Saint Sa\u00ebns <\/em><br \/>\n<\/span><\/p>\n<p><!--\n\n\n<h2 style=\"text-align: center;\"><\/h2>\n\n\n\n\n<h2 style=\"text-align: center;\"><strong><span style=\"color: #ff0000;\">ATTENTION\n<span style=\"text-decoration: underline;\">Messe Rentr\u00e9e du Secteur : 4 octobre 2020<\/span> <\/span><\/strong><\/h2>\n\n\n\n\n<h3 style=\"text-align: center;\"><span style=\"color: #339966;\"><strong>Messes pour le Week End 3-4 octobre 2020<\/strong><\/span><\/h3>\n\n\n<span style=\"font-size: 16pt; color: #9f21d1;\"><strong><u>Samedi 3 octobre 2020<\/u> <\/strong><\/span>\n<span style=\"color: ##800080; font-size: 12pt;\"><strong><span style=\"color: #0000ff;\">\u00a0 \u00a0 \u00a0 <span style=\"color: #000000;\">18h00<\/span><\/span> <span style=\"color: #0000ff;\">\u00c9glise St Michel <\/span><\/strong>\u00e0 <strong>St Michel sur Orge<\/strong> <em> - Capacit\u00e9 : 100<\/em><\/span>\n\n<span style=\"font-size: 16pt; color: #9f21d1;\"><strong><u>Dimanche 4 octobre 2020<\/u> <\/strong><\/span>\n<span style=\"color: ##800080; font-size: 12pt;\"><strong><span style=\"color: #0000ff;\"> \u00a0 \u00a0 \u00a0<span style=\"color: #000000;\">10h30 <\/span>\u00c9glise Jean Ap\u00f4tre<\/span><span style=\"color: ##800080; font-size: 12pt;\"> \u00e0 <\/span><span style=\"color: ##800080; font-size: 12pt;\">St Michel sur Orge<\/span><\/strong><em> - Capacit\u00e9 : 260 <\/em><\/span>\n\n--><\/p>\n","protected":false},"excerpt":{"rendered":"<p>Messes dominicales Samedi \u00a0 \u00a0 \u00a0 18h00 \u00c9glise St JM Vianney \u00e0 Ste Genevi\u00e8ve des Bois &#8211; Rue Georges Pitard \u00a0 \u00a0 \u00a0 18h00 \u00c9glise St Michel \u00e0 St Michel sur Orge &#8211; Rue d\u2019Enfer \u00a0 \u00a0 \u00a0 18h30 \u00c9glise &hellip; <a href=\"https:\/\/eglise-catholique-valdorge.fr\/?page_id=219\">Lire la suite\u00ad\u00ad<\/a><\/p>\n","protected":false},"author":1,"featured_media":0,"parent":0,"menu_order":0,"comment_status":"closed","ping_status":"closed","template":"","meta":{"kt_blocks_editor_width":"","footnotes":""},"_links":{"self":[{"href":"https:\/\/eglise-catholique-valdorge.fr\/index.php?rest_route=\/wp\/v2\/pages\/219"}],"collection":[{"href":"https:\/\/eglise-catholique-valdorge.fr\/index.php?rest_route=\/wp\/v2\/pages"}],"about":[{"href":"https:\/\/eglise-catholique-valdorge.fr\/index.php?rest_route=\/wp\/v2\/types\/page"}],"author":[{"embeddable":true,"href":"https:\/\/eglise-catholique-valdorge.fr\/index.php?rest_route=\/wp\/v2\/users\/1"}],"replies":[{"embeddable":true,"href":"https:\/\/eglise-catholique-valdorge.fr\/index.php?rest_route=%2Fwp%2Fv2%2Fcomments&post=219"}],"version-history":[{"count":78,"href":"https:\/\/eglise-catholique-valdorge.fr\/index.php?rest_route=\/wp\/v2\/pages\/219\/revisions"}],"predecessor-version":[{"id":7860,"href":"https:\/\/eglise-catholique-valdorge.fr\/index.php?rest_route=\/wp\/v2\/pages\/219\/revisions\/7860"}],"wp:attachment":[{"href":"https:\/\/eglise-catholique-valdorge.fr\/index.php?rest_route=%2Fwp%2Fv2%2Fmedia&parent=219"}],"curies":[{"name":"wp","href":"https:\/\/api.w.org\/{rel}","templated":true}]}}