{"id":229,"date":"2017-08-28T15:38:28","date_gmt":"2017-08-28T13:38:28","guid":{"rendered":"http:\/\/eglise-catholique-valdorge.fr\/?page_id=229"},"modified":"2020-09-06T18:21:32","modified_gmt":"2020-09-06T16:21:32","slug":"un-temps-de-priere","status":"publish","type":"page","link":"https:\/\/eglise-catholique-valdorge.fr\/?page_id=229","title":{"rendered":"Un temps de pri\u00e8re"},"content":{"rendered":"<h2 style=\"text-align: center;\"><span style=\"color: #ff0000;\"><b>Actuellement, toutes les assembl\u00e9es de pri\u00e8re aux horaires habituels sont suspendues.<\/b><\/span><\/h2>\n<h3 style=\"text-align: center;\"><span style=\"color: #008000; font-family: Verdana,serif; font-size: 16pt;\"><b>Chapelet<\/b><\/span><\/h3>\n<p><span style=\"font-family: Verdana,serif; font-size: 12pt;\"><b>Mercredi 14h00 <span style=\"color: #0000ff;\"> \u00c9glise St JM Vianney<\/span> \u00e0 <span style=\"color: #800080;\">Ste Genevi\u00e8ve des Bois<\/span><\/b><\/span>,<i> Rue Georges Pitard<\/i><br \/>\n<span style=\"font-family: Verdana,serif; font-size: 12pt;\"><b>Mercredi 14h45 <span style=\"color: #0000ff;\"> \u00c9glise Notre-Dame de Gr\u00e2ce <\/span> \u00e0 <span style=\"color: #800080;\">Morsang sur Orge<\/span><\/b><\/span>,<i> Avenue de Juvisy<\/i><br \/>\n<span style=\"font-family: Verdana,serif; font-size: 12pt;\"><b>Vendredi 8h30 <span style=\"color: #0000ff;\"> \u00c9glise St JM Vianney<\/span> \u00e0 <span style=\"color: #800080;\">Ste Genevi\u00e8ve des Bois<\/span><\/b>,<i> Rue Georges Pitard<\/i><\/span><br \/>\n<span style=\"font-family: Verdana,serif; font-size: 12pt;\"><b>Vendredi 17h30 <span style=\"color: #0000ff;\"> \u00c9glise St Jean Ap\u00f4tre <\/span> \u00e0 <span style=\"color: #800080;\">St Michel sur Orge<\/span><\/b>,<i> Avenue Saint Sa\u00ebns<\/i><\/span><\/p>\n<h3 style=\"text-align: center;\"><span style=\"color: #008000; font-family: Verdana,serif; font-size: 16pt;\"><b>Adoration du St Sacrement <\/b><\/span><\/h3>\n<p><span style=\"font-family: Verdana,serif; font-size: 12pt;\"><b>1er vendredi du mois 19h00 <span style=\"color: #0000ff;\"> \u00c9glise Ste Genevi\u00e8ve <\/span> \u00e0 <span style=\"color: #800080;\">Ste Genevi\u00e8ve des Bois<\/span><\/b>, <i>193 rte de Corbeil<\/i><\/span><br \/>\n<span style=\"font-family: Verdana,serif; font-size: 12pt;\"><b>Vendredi 17h30 <span style=\"color: #0000ff;\"> \u00c9glise St JM Vianney <\/span> \u00e0 <span style=\"color: #800080;\">Ste Genevi\u00e8ve des Bois<\/span><\/b>, <i>Rue Georges Pitard<\/i><\/span><br \/>\n<span style=\"font-family: Verdana,serif; font-size: 12pt;\"><b>1er vendredi du mois 19h00 <span style=\"color: #0000ff;\"> \u00c9glise St Jean Ap\u00f4tre <\/span> \u00e0 <span style=\"color: #800080;\">St Michel sur Orge<\/span><\/b>, <i> Avenue Saint Sa\u00ebns<\/i><\/span><\/p>\n<h3 style=\"text-align: center;\"><span style=\"color: #008000; font-family: Verdana,serif; font-size: 16pt;\"><b>Groupe pri\u00e8re charismatique <\/b><\/span><\/h3>\n<p><span style=\"font-family: Verdana,serif; font-size: 12pt;\"><b>Mercredi 20h45 <span style=\"color: #0000ff;\"> \u00c9glise St JM Vianney <\/span> \u00e0 <span style=\"color: #800080;\">Ste Genevi\u00e8ve des Bois<\/span><\/b>, <i> Rue Georges Pitard<\/i><\/span><br \/>\n<span style=\"font-family: Verdana,serif; font-size: 12pt;\"><b>Dimanche 15h00 <span style=\"color: #0000ff;\"> \u00c9glise St Jean Ap\u00f4tre <\/span> \u00e0 <span style=\"color: #800080;\">St Michel sur Orge<\/span><\/b>, <i>Avenue Saint Sa\u00ebns<\/i><\/span><\/p>\n<h3 style=\"text-align: center;\"><span style=\"color: #008000; font-family: Verdana,serif; font-size: 16pt;\"><b>M\u00e9morisation de la Parole<\/b><\/span><\/h3>\n<p><span style=\"font-family: Verdana,serif; font-size: 12pt;\"><b>Vendredi 10h00 <span style=\"color: #0000ff;\"> Mich\u00e8le <\/span> \u00e0 <span style=\"color: #800080;\"> St Michel sur orge <\/span><\/b>, <i> renseignements 01.60.15.68.10<\/i><\/span><\/p>\n","protected":false},"excerpt":{"rendered":"<p>Actuellement, toutes les assembl\u00e9es de pri\u00e8re aux horaires habituels sont suspendues. Chapelet Mercredi 14h00 \u00c9glise St JM Vianney \u00e0 Ste Genevi\u00e8ve des Bois, Rue Georges Pitard Mercredi 14h45 \u00c9glise Notre-Dame de Gr\u00e2ce \u00e0 Morsang sur Orge, Avenue de Juvisy Vendredi &hellip; <a href=\"https:\/\/eglise-catholique-valdorge.fr\/?page_id=229\">Lire la suite\u00ad\u00ad<\/a><\/p>\n","protected":false},"author":1,"featured_media":0,"parent":0,"menu_order":0,"comment_status":"closed","ping_status":"closed","template":"","meta":{"kt_blocks_editor_width":"","footnotes":""},"_links":{"self":[{"href":"https:\/\/eglise-catholique-valdorge.fr\/index.php?rest_route=\/wp\/v2\/pages\/229"}],"collection":[{"href":"https:\/\/eglise-catholique-valdorge.fr\/index.php?rest_route=\/wp\/v2\/pages"}],"about":[{"href":"https:\/\/eglise-catholique-valdorge.fr\/index.php?rest_route=\/wp\/v2\/types\/page"}],"author":[{"embeddable":true,"href":"https:\/\/eglise-catholique-valdorge.fr\/index.php?rest_route=\/wp\/v2\/users\/1"}],"replies":[{"embeddable":true,"href":"https:\/\/eglise-catholique-valdorge.fr\/index.php?rest_route=%2Fwp%2Fv2%2Fcomments&post=229"}],"version-history":[{"count":15,"href":"https:\/\/eglise-catholique-valdorge.fr\/index.php?rest_route=\/wp\/v2\/pages\/229\/revisions"}],"predecessor-version":[{"id":5716,"href":"https:\/\/eglise-catholique-valdorge.fr\/index.php?rest_route=\/wp\/v2\/pages\/229\/revisions\/5716"}],"wp:attachment":[{"href":"https:\/\/eglise-catholique-valdorge.fr\/index.php?rest_route=%2Fwp%2Fv2%2Fmedia&parent=229"}],"curies":[{"name":"wp","href":"https:\/\/api.w.org\/{rel}","templated":true}]}}