{"id":245,"date":"2017-08-28T17:52:48","date_gmt":"2017-08-28T15:52:48","guid":{"rendered":"http:\/\/eglise-catholique-valdorge.fr\/?page_id=245"},"modified":"2022-04-23T16:18:16","modified_gmt":"2022-04-23T14:18:16","slug":"fleury-merogis","status":"publish","type":"page","link":"https:\/\/eglise-catholique-valdorge.fr\/?page_id=245","title":{"rendered":"Fleury-M\u00e9rogis"},"content":{"rendered":"<p style=\"text-align: center;\"><span style=\"font-family: georgia,palatino,serif; font-size: 16pt;\"><span class=\"fleu_normal\"><strong><span class=\"secteur_titre\">ACCUEIL<\/span> <span class=\"fleu_titre\">Fleury-M\u00e9rogis :<\/span><\/strong><br \/>\n<\/span><\/span><\/p>\n<p style=\"text-align: center;\"><span style=\"font-family: georgia,palatino,serif; font-size: 12pt;\"><span class=\"fleu_normal\">1 rue de la Renarde RdC porte 1<br \/>\n91700 Fleury-M\u00e9rogis<br \/>\nT\u00e9l : 09 54 00 80 43<br \/>\n<strong><span style=\"color: #0000ff;\"><a style=\"color: #0000ff;\" href=\"http:\/\/eglise-catholique-valdorge.fr\/?page_id=337\">contacter la paroisse par mail<\/a><\/span><\/strong><br \/>\n<\/span><\/span><\/p>\n<p style=\"text-align: center;\"><span style=\"font-family: georgia,palatino,serif; font-size: 12pt;\"><span class=\"fleu_intitre\"><strong>Permanences :<\/strong><br \/>\n<\/span><span class=\"fleu_normal\">Samedi de 10 \u00e0 12h (sauf en juillet et ao\u00fbt)<br \/>\n<!-- Les samedis 4 et 18 juillet &amp; 1er et 29 ao\u00fbt de 10h \u00e0 12h\n--><em>Avant tout d\u00e9placement au presbyt\u00e8re, merci de bien vouloir appeler aux heures et jours de permanence<\/em><\/span><\/span><\/p>\n<p style=\"text-align: center;\"><span style=\"font-family: georgia,palatino,serif; font-size: 12pt;\"> <span class=\"moso_intitre\"> <strong>Rendez-vous avec un pr\u00eatre :<\/strong><\/span><\/span> <span style=\"font-family: georgia,palatino,serif; font-size: 12pt;\"><span class=\"fleu_normal\"><br \/>\n<\/span><span style=\"color: #0000ff;\"><strong><a style=\"color: #0000ff;\" href=\"http:\/\/eglise-catholique-valdorge.fr\/?page_id=5149\"><span class=\"fleu_intitre\">Contacter P\u00e8re Yves PETITON pour un rendez-vous <\/span><\/a><\/strong><\/span><\/span><\/p>\n<div><\/div>\n<pre style=\"text-align: center;\"><span style=\"font-size: 12pt; font-family: georgia,palatino,serif;\"><strong><img loading=\"lazy\" decoding=\"async\" class=\"aligncenter size-thumbnail wp-image-48\" src=\"http:\/\/eglise-catholique-valdorge.fr\/wp-content\/uploads\/2017\/05\/FleuryMero03-150x150.jpg\" alt=\"\" width=\"150\" height=\"150\" \/>\u00c9glise St R\u00e9dempteur<\/strong><\/span>\n\n<span style=\"font-size: 12pt; font-family: georgia,palatino,serif;\">5 rue Roger Clavier (200m \u00e0 gauche apr\u00e8s la mairie)<\/span>\n\n<span style=\"font-family: georgia,palatino,serif; font-size: 12pt;\"><span class=\"Mich_c1\">Messe le dimanche \u00e0 11h00 \n<span style=\"color: #ff0000;\"><!-- En p\u00e9riode de d\u00e9-confinement :\n* Capacit\u00e9 : 80\n* Masque obligatoire \u00e0 partir de 6 ans -->\n* Venir avec gel hydroalcoolique. \nRespecter les consignes des h\u00f4te(esse)s d'accueil<\/span><\/span><\/span>\n<\/pre>\n","protected":false},"excerpt":{"rendered":"<p>ACCUEIL Fleury-M\u00e9rogis : 1 rue de la Renarde RdC porte 1 91700 Fleury-M\u00e9rogis T\u00e9l : 09 54 00 80 43 contacter la paroisse par mail Permanences : Samedi de 10 \u00e0 12h (sauf en juillet et ao\u00fbt) Avant tout d\u00e9placement &hellip; <a href=\"https:\/\/eglise-catholique-valdorge.fr\/?page_id=245\">Lire la suite\u00ad\u00ad<\/a><\/p>\n","protected":false},"author":1,"featured_media":0,"parent":0,"menu_order":0,"comment_status":"closed","ping_status":"closed","template":"","meta":{"kt_blocks_editor_width":"","footnotes":""},"_links":{"self":[{"href":"https:\/\/eglise-catholique-valdorge.fr\/index.php?rest_route=\/wp\/v2\/pages\/245"}],"collection":[{"href":"https:\/\/eglise-catholique-valdorge.fr\/index.php?rest_route=\/wp\/v2\/pages"}],"about":[{"href":"https:\/\/eglise-catholique-valdorge.fr\/index.php?rest_route=\/wp\/v2\/types\/page"}],"author":[{"embeddable":true,"href":"https:\/\/eglise-catholique-valdorge.fr\/index.php?rest_route=\/wp\/v2\/users\/1"}],"replies":[{"embeddable":true,"href":"https:\/\/eglise-catholique-valdorge.fr\/index.php?rest_route=%2Fwp%2Fv2%2Fcomments&post=245"}],"version-history":[{"count":26,"href":"https:\/\/eglise-catholique-valdorge.fr\/index.php?rest_route=\/wp\/v2\/pages\/245\/revisions"}],"predecessor-version":[{"id":5874,"href":"https:\/\/eglise-catholique-valdorge.fr\/index.php?rest_route=\/wp\/v2\/pages\/245\/revisions\/5874"}],"wp:attachment":[{"href":"https:\/\/eglise-catholique-valdorge.fr\/index.php?rest_route=%2Fwp%2Fv2%2Fmedia&parent=245"}],"curies":[{"name":"wp","href":"https:\/\/api.w.org\/{rel}","templated":true}]}}