{"id":249,"date":"2017-08-28T17:55:32","date_gmt":"2017-08-28T15:55:32","guid":{"rendered":"http:\/\/eglise-catholique-valdorge.fr\/?page_id=249"},"modified":"2022-11-05T17:24:21","modified_gmt":"2022-11-05T16:24:21","slug":"sainte-genevieve-des-bois","status":"publish","type":"page","link":"https:\/\/eglise-catholique-valdorge.fr\/?page_id=249","title":{"rendered":"Sainte-Genevi\u00e8ve-des-Bois"},"content":{"rendered":"<p style=\"text-align: center;\"><span style=\"font-size: 16pt;\"><strong><span class=\"Gene_titre\" style=\"font-family: georgia,palatino,serif;\">ACCUEILS Sainte Genevi\u00e8ve des Bois<\/span><\/strong><\/span><br \/>\n<span style=\"font-size: 12pt; color: #008000; font-family: georgia,palatino,serif;\"><span style=\"color: #ff0000;\"><strong>Centre Jean XXIII<\/strong><\/span><br \/>\n<span class=\"sgdb_normal\"><span style=\"color: #000000;\">76 Avenue de la Grande Charmille du Parc<\/span><br \/>\n<span style=\"color: #000000;\">91700 Ste Genevi\u00e8ve des Bois<\/span><br \/>\n<span style=\"color: #000000;\">T\u00e9l : 01 69 46 07 02 Fax : 01 69 46 48 72<\/span><br \/>\n<a style=\"color: #0000ff;\" href=\"http:\/\/eglise-catholique-valdorge.fr\/?page_id=402\"><strong>Contacter par mail<\/strong><\/a><\/span><\/span><br \/>\n<span style=\"font-family: georgia,palatino,serif; font-size: 12pt;\"><span class=\"sgdb_intitre\"><strong>Permanences :<\/strong><br \/>\n<\/span><span class=\"sgdb_normal\"><!-- Le Mercredi de 17h \u00e0 19h (sauf juillet et ao\u00fbt et vacances scolaires)\n--> le Samedi de 10h \u00e0 12h (sauf jours f\u00e9ri\u00e9s)<br \/>\n<\/span><\/span> <span style=\"text-decoration: underline; font-size: 12pt; font-family: georgia,palatino,serif;\">et sur rendez-vous :<br \/>\n<span class=\"sgdb_normal\">Le lundi de 10h \u00e0 12h (sauf juillet et ao\u00fbt et vacances scolaires)<\/span><\/span><\/p>\n<p style=\"text-align: center;\"><span style=\"font-family: georgia,palatino,serif; font-size: 12pt;\"><span class=\"sgdb_titre\"><span style=\"color: #ff0000;\"><strong>Relais Saint Hubert<\/strong><\/span><br \/>\n<\/span><span class=\"sgdb_normal\">Rue d&rsquo;Holbach<br \/>\n91700 Sainte Genevi\u00e8ve des Bois<br \/>\nT\u00e9l : 01 69 46 60 93<br \/>\n<span style=\"color: #0000ff;\"><strong><a style=\"color: #0000ff;\" href=\"http:\/\/eglise-catholique-valdorge.fr\/?page_id=408\">contacter par mail<\/a><\/strong><\/span><br \/>\n<\/span><\/span><span style=\"font-family: georgia,palatino,serif; font-size: 12pt;\"><span class=\"sgdb_intitre\"><strong>Permanences :<\/strong><br \/>\n<\/span><span class=\"sgdb_normal\">1er et 3\u00e8me Vendredi du mois, de 15h \u00e0 19h<\/span><\/span><\/p>\n<p style=\"text-align: center;\"><span style=\"font-family: georgia,palatino,serif; font-size: 12pt;\"> <span class=\"moso_intitre\"> <strong>Rendez-vous avec un pr\u00eatre :<\/strong><\/span><\/span> <span style=\"font-family: georgia,palatino,serif; font-size: 12pt;\"><span class=\"fleu_normal\"><br \/>\n<\/span><span style=\"color: #0000ff;\"><strong><a style=\"color: #0000ff;\" href=\"http:\/\/eglise-catholique-valdorge.fr\/?page_id=5946\"><span class=\"fleu_intitre\">Contacter P\u00e8re Juv\u00e9nal RUTUMBU pour un rendez-vous <\/span><\/a><\/strong><\/span><\/span><\/p>\n<p><!--\n\n\n<p style=\"text-align: center;\"><span style=\"font-family: georgia,palatino,serif; font-size: 12pt;\"><span class=\"sgdb_normal\">\n<\/span><\/span><span style=\"font-family: georgia,palatino,serif; font-size: 12pt;\"><span class=\"sgdb_intitre\"><span style=\"color: #0000ff;\"><strong><a style=\"color: #0000ff;\" href=\"http:\/\/eglise-catholique-valdorge.fr\/?page_id=315\"><span class=\"fleu_intitre\">possibilit\u00e9 de rencontrer un pr\u00eatre sur rendez-vous<\/span><\/a><\/strong><\/span>\n<\/span><\/span><\/p>\n\n\n\n--><\/p>\n<pre style=\"text-align: center;\"><span style=\"font-family: georgia,palatino,serif; font-size: 12pt;\"><span style=\"font-family: georgia,palatino,serif; font-size: 12pt;\"><span class=\"Gene_intitre\"><img loading=\"lazy\" decoding=\"async\" class=\"aligncenter size-thumbnail wp-image-413\" src=\"http:\/\/eglise-catholique-valdorge.fr\/wp-content\/uploads\/2017\/08\/280px-SteGenevieveDesBoisEgliseSteGenevieve-150x150.jpg\" alt=\"\" width=\"150\" height=\"150\" \/>\n<strong>\u00c9glise Sainte Genevi\u00e8ve<\/strong>\n <\/span><span class=\"Gene_normal\">193, route de Corbeil<\/span><\/span><\/span>\n<!--\n <span style=\"font-family: georgia,palatino,serif; font-size: 12pt;\"><span style=\"font-family: georgia,palatino,serif; font-size: 12pt;\"><span class=\"Gene_c2\">Ouverture tous les jours 9h00 \u00e0 19h00  <\/span><\/span><\/span> -->\n<span style=\"font-family: georgia,palatino,serif; font-size: 12pt;\"><span class=\"Gene_c1\"> Messe le dimanche \u00e0 9h00 <span style=\"color: #ff0000;\"><!-- En p\u00e9riode de d\u00e9-confinement : * Capacit\u00e9 : 80 -->\n* Masque obligatoire \u00e0 partir de 6 ans\n* Venir avec gel hydroalcoolique. \n* Respecter les consignes des h\u00f4te(esse)s d'accueil<\/span>\n<\/span><\/span>\n<!-- <span style=\"font-family: georgia,palatino,serif; font-size: 12pt;\"><span class=\"Gene_normal\">Adoration du Saint Sacrement le premier  vendredi du mois \u00e0 18h00<\/span><\/span> -->\n<\/pre>\n<pre class=\"Gene_div\" style=\"text-align: center;\"><span style=\"font-family: georgia,palatino,serif; font-size: 12pt;\"><span class=\"Gene_intitre\"><img loading=\"lazy\" decoding=\"async\" class=\"aligncenter size-thumbnail wp-image-416\" src=\"http:\/\/eglise-catholique-valdorge.fr\/wp-content\/uploads\/2017\/08\/eglise1-150x150.jpg\" alt=\"\" width=\"150\" height=\"150\" \/>\n<strong>\u00c9glise Jean-Marie Vianney<\/strong><\/span>\n<span class=\"Gene_normal\">rue Georges Pitard<\/span><\/span>\n<!-- <span style=\"font-family: georgia,palatino,serif; font-size: 12pt;\"><span class=\"Gene_c2\">Ouverture : tous les jours 10h \u00e0 19h <\/span><\/span> -->\n<span style=\"font-family: georgia,palatino,serif; font-size: 12pt;\"><span class=\"Gene_c1\"> Messe le samedi \u00e0 18h00 <span style=\"color: #ff0000;\"><!-- (en Juillet 2020)\n En p\u00e9riode de d\u00e9-confinement : * Capacit\u00e9 : 80 -->\n* Masque obligatoire \u00e0 partir de 6 ans\n* Venir avec gel hydroalcoolique. \n* Respecter les consignes des h\u00f4te(esse)s d'accueil<\/span>\n<\/span><\/span>\n<!-- <span style=\"font-family: georgia,palatino,serif; font-size: 12pt;\"><span class=\"Gene_normal\">Adoration du Saint Sacrement le vendredi de 17h30 \u00e0 19h30<\/span><\/span> -->\n<\/pre>\n<pre class=\"Gene_div\" style=\"text-align: center;\"><span style=\"font-family: georgia,palatino,serif; font-size: 12pt;\"><span class=\"Gene_intitre\"><!-- <img loading=\"lazy\" decoding=\"async\" class=\"aligncenter size-thumbnail wp-image-416\" src=\"http:\/\/eglise-catholique-valdorge.fr\/wp-content\/uploads\/2017\/08\/eglise1-150x150.jpg\" alt=\"\" width=\"150\" height=\"150\" \/>--><strong>Relais Saint Hubert<\/strong>\n<span class=\"Gene_normal\">Rue d'Holbach<\/span>\n<!-- <span style=\"font-family: georgia,palatino,serif; font-size: 12pt;\"><span class=\"Gene_c1\"> <span style=\"color: #ff0000;\">Compte tenu de d\u00e9g\u00e2ts des eaux dans le local, le relai est actuellement ferm\u00e9 au public <\/span> -->\nMesses le <\/span><span class=\"Gene_normal\">samedi veille du 4i\u00e8me dimanche du mois<\/span><span style=\"color: #ff0000;\">\n* Masque obligatoire \u00e0 partir de 6 ans\n* Venir avec gel hydroalcoolique. \n* Respecter les consignes des h\u00f4te(esse)s d'accueil<\/span>\n<\/span><\/pre>\n","protected":false},"excerpt":{"rendered":"<p>ACCUEILS Sainte Genevi\u00e8ve des Bois Centre Jean XXIII 76 Avenue de la Grande Charmille du Parc 91700 Ste Genevi\u00e8ve des Bois T\u00e9l : 01 69 46 07 02 Fax : 01 69 46 48 72 Contacter par mail Permanences : &hellip; <a href=\"https:\/\/eglise-catholique-valdorge.fr\/?page_id=249\">Lire la suite\u00ad\u00ad<\/a><\/p>\n","protected":false},"author":1,"featured_media":0,"parent":0,"menu_order":0,"comment_status":"closed","ping_status":"closed","template":"","meta":{"kt_blocks_editor_width":"","footnotes":""},"_links":{"self":[{"href":"https:\/\/eglise-catholique-valdorge.fr\/index.php?rest_route=\/wp\/v2\/pages\/249"}],"collection":[{"href":"https:\/\/eglise-catholique-valdorge.fr\/index.php?rest_route=\/wp\/v2\/pages"}],"about":[{"href":"https:\/\/eglise-catholique-valdorge.fr\/index.php?rest_route=\/wp\/v2\/types\/page"}],"author":[{"embeddable":true,"href":"https:\/\/eglise-catholique-valdorge.fr\/index.php?rest_route=\/wp\/v2\/users\/1"}],"replies":[{"embeddable":true,"href":"https:\/\/eglise-catholique-valdorge.fr\/index.php?rest_route=%2Fwp%2Fv2%2Fcomments&post=249"}],"version-history":[{"count":28,"href":"https:\/\/eglise-catholique-valdorge.fr\/index.php?rest_route=\/wp\/v2\/pages\/249\/revisions"}],"predecessor-version":[{"id":6028,"href":"https:\/\/eglise-catholique-valdorge.fr\/index.php?rest_route=\/wp\/v2\/pages\/249\/revisions\/6028"}],"wp:attachment":[{"href":"https:\/\/eglise-catholique-valdorge.fr\/index.php?rest_route=%2Fwp%2Fv2%2Fmedia&parent=249"}],"curies":[{"name":"wp","href":"https:\/\/api.w.org\/{rel}","templated":true}]}}