{"id":252,"date":"2017-08-28T17:56:45","date_gmt":"2017-08-28T15:56:45","guid":{"rendered":"http:\/\/eglise-catholique-valdorge.fr\/?page_id=252"},"modified":"2026-02-20T13:06:44","modified_gmt":"2026-02-20T12:06:44","slug":"saint-michel-sur-orge","status":"publish","type":"page","link":"https:\/\/eglise-catholique-valdorge.fr\/?page_id=252","title":{"rendered":"Saint-Michel-sur-Orge"},"content":{"rendered":"<p style=\"text-align: center;\"><span style=\"font-family: georgia,palatino,serif; font-size: 16pt;\"><span class=\"smic_titre\"><strong><span class=\"Mich_titre\">ACCUEILS<\/span> Saint-Michel sur Orge :<\/strong><br \/>\n<\/span><\/span><\/p>\n<p style=\"text-align: center;\"><span style=\"font-family: georgia,palatino,serif; font-size: 12pt;\"><span class=\"smic_normal\"><span style=\"color: #ff0000;\"><strong>\u00c9glise St Jean Ap\u00f4tre<\/strong><\/span><br \/>\n36 bis Avenue St Sa\u00ebns<\/span><\/span><br \/>\n<span style=\"font-family: georgia,palatino,serif; font-size: 12pt;\"><span class=\"smic_normal\">91240 Saint Michel sur Orge<br \/>\nT\u00e9l : 01 60 15 24 85<br \/>\n<span style=\"color: #0000ff;\"><strong><a style=\"color: #0000ff;\" href=\"http:\/\/eglise-catholique-valdorge.fr\/?page_id=425\">contacter par mail<\/a><\/strong><\/span><br \/>\n<\/span><\/span> <!-- <span style=\"font-family: georgia,palatino,serif; font-size: 12pt;\"><span class=\"smic_intitre\"><strong>Permanences :<\/strong>\n<\/span><span class=\"smic_normal\">Vendredi de 17h \u00e0 19h (sauf juillet, ao\u00fbt et vacances scolaires)\nsamedi de 10h \u00e0 12h (sauf juillet, ao\u00fbt et vacances scolaires)<\/span><\/span><span style=\"font-family: georgia,palatino,serif; font-size: 12pt;\"><span class=\"smic_normal\">\n<\/span><\/span> --><\/p>\n<p style=\"text-align: center;\"><span style=\"font-family: georgia,palatino,serif; font-size: 12pt;\"><span class=\"smic_intitre\"><span style=\"color: #000000;\"><strong>Permanences :<\/strong><\/span><\/span><\/span><\/p>\n<p style=\"text-align: center;\"><span style=\"font-family: georgia,palatino,serif; font-size: 12pt;\"><span class=\"smic_normal\">Samedi de 10h \u00e0 12h<\/span><\/span><\/p>\n<p style=\"text-align: center;\"><span style=\"font-family: georgia,palatino,serif; font-size: 12pt;\"><span class=\"smic_intitre\">possibilit\u00e9 de rencontrer un pr\u00eatre \u00e0 l&rsquo;\u00e9<\/span><span class=\"smic_normal\">glise St Jean Ap\u00f4tre, le vendredi de 17h \u00e0 18h30<\/span><\/span><br \/>\n<span style=\"color: #0000ff;\"><strong><span style=\"font-size: 12pt;\"><a style=\"color: #0000ff;\" href=\"http:\/\/eglise-catholique-valdorge.fr\/?page_id=5946\" data-wplink-edit=\"true\"><span style=\"font-family: georgia,palatino,serif;\">ou Contacter P\u00e8re Juv\u00e9nal RUTUMBU pour un rendez-vous<\/span><\/a><\/span><\/strong><\/span><\/p>\n<pre style=\"text-align: center;\"><span style=\"font-family: georgia,palatino,serif; font-size: 12pt;\"><span class=\"Mich_intitre\"><img loading=\"lazy\" decoding=\"async\" class=\"aligncenter size-thumbnail wp-image-430\" src=\"http:\/\/eglise-catholique-valdorge.fr\/wp-content\/uploads\/2017\/08\/StMichelJeanApo01-150x150.jpg\" alt=\"\" width=\"150\" height=\"150\" \/>\n<strong>\u00c9glise Saint Jean Ap\u00f4tre<\/strong><\/span><\/span>\n<span style=\"font-family: georgia,palatino,serif; font-size: 12pt;\"> 36 bis <span class=\"Mich_normal\">Avenue de Saint Sa\u00ebns<\/span><\/span>\n\n<span style=\"font-family: georgia,palatino,serif; font-size: 12pt;\"><span class=\"Gene_c2\">Messe le vendredi \u00e0 18h30 et le dimanche \u00e0 10h30<span style=\"color: #ff0000;\"><!-- En p\u00e9riode de d\u00e9-confinement : * Capacit\u00e9 : 260 \n* Masque obligatoire \u00e0 partir de 6 ans -->\n* Venir avec gel hydroalcoolique. \n* Respecter les consignes des h\u00f4te(esse)s d'accueil<\/span>\n<!-- Chapelet tous les vendredis \u00e0 18h30 (sauf Juillet, Ao\u00fbt et vacances scolaires)\nAdoration tous les vendredis apr\u00e8s la messe de 19h \u00e0 19h30 (sauf Juillet, Ao\u00fbt et\nvacances scolaires) -->\n<\/span><\/span><\/pre>\n<pre style=\"text-align: center;\"><span style=\"font-family: georgia,palatino,serif; font-size: 12pt;\"><span class=\"Mich_intitre\"><img loading=\"lazy\" decoding=\"async\" class=\"aligncenter size-thumbnail wp-image-431\" src=\"http:\/\/eglise-catholique-valdorge.fr\/wp-content\/uploads\/2017\/08\/stmichel_02-135x150.jpg\" alt=\"\" width=\"135\" height=\"150\" \/>\n<strong>\u00c9glise Saint Michel<\/strong><\/span><\/span>\n<span style=\"font-family: georgia,palatino,serif; font-size: 12pt;\"> <span class=\"Mich_normal\">rue d'Enfer<\/span><\/span>\n\n<span style=\"font-family: georgia,palatino,serif; font-size: 12pt;\"><span class=\"Mich_normal\">Messe le samedi \u00e0 18h00<span style=\"color: #ff0000;\"><!-- En p\u00e9riode de d\u00e9-confinement : * Capacit\u00e9 : 100 \n* Masque obligatoire \u00e0 partir de 6 ans -->\n* Venir avec gel hydroalcoolique. \n* Respecter les consignes des h\u00f4te(esse)s d'accueil<\/span> <\/span><\/span><\/pre>\n<p><!--\n\n\n<pre style=\"text-align: center;\"><span style=\"font-family: georgia,palatino,serif; font-size: 12pt;\">\u00a0Presbyt\u00e8re St Michel<\/span>\n\n<span style=\"font-family: georgia,palatino,serif; font-size: 12pt;\">13 rue du Four<\/span>\n\n<span style=\"font-family: georgia,palatino,serif; font-size: 12pt;\">Messe le mercredi \u00e0 8h30<\/span><\/pre>\n\n\n--><\/p>\n","protected":false},"excerpt":{"rendered":"<p>ACCUEILS Saint-Michel sur Orge : \u00c9glise St Jean Ap\u00f4tre 36 bis Avenue St Sa\u00ebns 91240 Saint Michel sur Orge T\u00e9l : 01 60 15 24 85 contacter par mail Permanences : Samedi de 10h \u00e0 12h possibilit\u00e9 de rencontrer un &hellip; <a href=\"https:\/\/eglise-catholique-valdorge.fr\/?page_id=252\">Lire la suite\u00ad\u00ad<\/a><\/p>\n","protected":false},"author":1,"featured_media":0,"parent":0,"menu_order":0,"comment_status":"closed","ping_status":"closed","template":"","meta":{"kt_blocks_editor_width":"","footnotes":""},"_links":{"self":[{"href":"https:\/\/eglise-catholique-valdorge.fr\/index.php?rest_route=\/wp\/v2\/pages\/252"}],"collection":[{"href":"https:\/\/eglise-catholique-valdorge.fr\/index.php?rest_route=\/wp\/v2\/pages"}],"about":[{"href":"https:\/\/eglise-catholique-valdorge.fr\/index.php?rest_route=\/wp\/v2\/types\/page"}],"author":[{"embeddable":true,"href":"https:\/\/eglise-catholique-valdorge.fr\/index.php?rest_route=\/wp\/v2\/users\/1"}],"replies":[{"embeddable":true,"href":"https:\/\/eglise-catholique-valdorge.fr\/index.php?rest_route=%2Fwp%2Fv2%2Fcomments&post=252"}],"version-history":[{"count":27,"href":"https:\/\/eglise-catholique-valdorge.fr\/index.php?rest_route=\/wp\/v2\/pages\/252\/revisions"}],"predecessor-version":[{"id":8142,"href":"https:\/\/eglise-catholique-valdorge.fr\/index.php?rest_route=\/wp\/v2\/pages\/252\/revisions\/8142"}],"wp:attachment":[{"href":"https:\/\/eglise-catholique-valdorge.fr\/index.php?rest_route=%2Fwp%2Fv2%2Fmedia&parent=252"}],"curies":[{"name":"wp","href":"https:\/\/api.w.org\/{rel}","templated":true}]}}