{"id":2808,"date":"2020-03-29T12:00:23","date_gmt":"2020-03-29T10:00:23","guid":{"rendered":"https:\/\/eglise-catholique-valdorge.fr\/?page_id=2808"},"modified":"2021-03-15T12:53:14","modified_gmt":"2021-03-15T11:53:14","slug":"covid-19-horaires-de-messe-du-temps-de-careme-et-de-la-semaine-sainte","status":"publish","type":"page","link":"https:\/\/eglise-catholique-valdorge.fr\/?page_id=2808","title":{"rendered":"Car\u00eame et Semaine Sainte 2020"},"content":{"rendered":"\n<h3 style=\"text-align: center;\"><span style=\"background-color: #ffff00;\">Cette ann\u00e9e, les circonstances interdisent les c\u00e9l\u00e9brations dans les secteurs pastoraux et les paroisses. Vous pouvez vous joindre \u00e0 d\u2019autres par la pri\u00e8re gr\u00e2ce \u00e0 :<\/span><\/h3>\n<h3><span style=\"color: #ff0000;\"><strong>O\u00f9 ?<\/strong><\/span><\/h3>\n<h3><span style=\"color: #0000ff;\">\u00a0 \u00a0 \u00a0 \u00a0 \u00a0 <\/span><span style=\"color: #0000ff;\">Transmission en direct \u00e0 partir de\u00a0 : <span style=\"color: #000000;\">(<span style=\"text-decoration: underline;\"><em>en cliquant sur le lien ci-dessous<\/em><\/span>)<\/span><\/span><\/h3>\n<h4 style=\"text-align: center;\"><a href=\"https:\/\/www.youtube.com\/channel\/UCcuo6H2-odKM9p_q5W7VbMA\">Cha\u00eene Youtube du Dioc\u00e8se<\/a><\/h4>\n<h2><span style=\"color: #ff0000;\"><strong>Quand ?<\/strong><\/span><\/h2>\n<h3><span style=\"color: #0000ff;\">\u00a0 \u00a0 \u00a0 \u00a0 \u00a0 Car\u00eame\u00a0 :<\/span><\/h3>\n<ul>\n<li style=\"list-style-type: none;\">\n<ul style=\"list-style-type: circle;\">\n<li>Tous les jours : du lundi au vendredi \u00e0 9h<\/li>\n<li>Dimanche \u00e0 10h30<\/li>\n<\/ul>\n<\/li>\n<\/ul>\n<h3><span style=\"color: #0000ff;\">\u00a0 \u00a0 \u00a0 \u00a0 \u00a0 <\/span><span style=\"color: #0000ff;\">Semaine Sainte\u00a0 :<\/span><\/h3>\n<ul>\n<li style=\"list-style-type: none;\">\n<ul>\n<li>Dimanche des <strong><span style=\"color: #ff0000;\">Rameaux<\/span> 5 avril 2020<\/strong> <strong>\u00e0 10h30<\/strong><\/li>\n<li><strong>Messe Chrismale mercredi 8 avril 2020 \u00e0 20h30<\/strong><\/li>\n<li>Jeudi Saint <strong>9 avril 2020 \u00e0 20h30<\/strong> : <span style=\"color: #ff0000;\"><strong>C\u00e8ne du Seigneur<\/strong><\/span><\/li>\n<li>Vendredi Saint <strong>10 avril 2020\u00a0\u00e0 20h30<\/strong> : <strong><span style=\"color: #ff0000;\">Passion du Seigneur<\/span><\/strong><\/li>\n<li>Samedi Saint <strong>11 avril 2020 \u00e0 20h30<\/strong> : <span style=\"color: #ff0000;\"><strong>Veill\u00e9e Pascale<\/strong><\/span><\/li>\n<li>Dimanche <strong>12 avril 2020 \u00e0 10h30<\/strong> : <span style=\"color: #ff0000;\"><strong>R\u00e9surrection<\/strong><\/span><\/li>\n<\/ul>\n<\/li>\n<\/ul>\n<h2><span style=\"color: #ff0000;\"><strong>Pour aller plus loin :<\/strong><\/span><\/h2>\n<h4 style=\"text-align: center;\"><a href=\"https:\/\/eglise-catholique-valdorge.fr\/?p=2740\">Liens pour rester unis<\/a><\/h4>\n<p style=\"text-align: center;\">\u00a0<\/p>\n","protected":false},"excerpt":{"rendered":"","protected":false},"author":1,"featured_media":0,"parent":0,"menu_order":0,"comment_status":"closed","ping_status":"closed","template":"","meta":{"kt_blocks_editor_width":"","footnotes":""},"_links":{"self":[{"href":"https:\/\/eglise-catholique-valdorge.fr\/index.php?rest_route=\/wp\/v2\/pages\/2808"}],"collection":[{"href":"https:\/\/eglise-catholique-valdorge.fr\/index.php?rest_route=\/wp\/v2\/pages"}],"about":[{"href":"https:\/\/eglise-catholique-valdorge.fr\/index.php?rest_route=\/wp\/v2\/types\/page"}],"author":[{"embeddable":true,"href":"https:\/\/eglise-catholique-valdorge.fr\/index.php?rest_route=\/wp\/v2\/users\/1"}],"replies":[{"embeddable":true,"href":"https:\/\/eglise-catholique-valdorge.fr\/index.php?rest_route=%2Fwp%2Fv2%2Fcomments&post=2808"}],"version-history":[{"count":6,"href":"https:\/\/eglise-catholique-valdorge.fr\/index.php?rest_route=\/wp\/v2\/pages\/2808\/revisions"}],"predecessor-version":[{"id":4566,"href":"https:\/\/eglise-catholique-valdorge.fr\/index.php?rest_route=\/wp\/v2\/pages\/2808\/revisions\/4566"}],"wp:attachment":[{"href":"https:\/\/eglise-catholique-valdorge.fr\/index.php?rest_route=%2Fwp%2Fv2%2Fmedia&parent=2808"}],"curies":[{"name":"wp","href":"https:\/\/api.w.org\/{rel}","templated":true}]}}