{"id":4145,"date":"2020-12-18T11:06:26","date_gmt":"2020-12-18T10:06:26","guid":{"rendered":"https:\/\/eglise-catholique-valdorge.fr\/?page_id=4145"},"modified":"2020-12-18T11:48:46","modified_gmt":"2020-12-18T10:48:46","slug":"pastorale-des-prisons","status":"publish","type":"page","link":"https:\/\/eglise-catholique-valdorge.fr\/?page_id=4145","title":{"rendered":"AUM\u00d4NERIE des PRISONS"},"content":{"rendered":"\n<p style=\"text-align: center;\"><a href=\"https:\/\/eglise-catholique-valdorge.fr\/wp-content\/uploads\/2020\/12\/Tableau-aumoniers-prison-scaled.jpg\"><img loading=\"lazy\" decoding=\"async\" class=\"wp-image-4146 size-full aligncenter\" src=\"https:\/\/eglise-catholique-valdorge.fr\/wp-content\/uploads\/2020\/12\/Tableau-aumoniers-prison-scaled.jpg\" alt=\"\" width=\"2560\" height=\"855\" srcset=\"https:\/\/eglise-catholique-valdorge.fr\/wp-content\/uploads\/2020\/12\/Tableau-aumoniers-prison-scaled.jpg 2560w, https:\/\/eglise-catholique-valdorge.fr\/wp-content\/uploads\/2020\/12\/Tableau-aumoniers-prison-300x100.jpg 300w, https:\/\/eglise-catholique-valdorge.fr\/wp-content\/uploads\/2020\/12\/Tableau-aumoniers-prison-1024x342.jpg 1024w, https:\/\/eglise-catholique-valdorge.fr\/wp-content\/uploads\/2020\/12\/Tableau-aumoniers-prison-768x257.jpg 768w, https:\/\/eglise-catholique-valdorge.fr\/wp-content\/uploads\/2020\/12\/Tableau-aumoniers-prison-1536x513.jpg 1536w, https:\/\/eglise-catholique-valdorge.fr\/wp-content\/uploads\/2020\/12\/Tableau-aumoniers-prison-2048x684.jpg 2048w\" sizes=\"(max-width: 2560px) 100vw, 2560px\" \/><\/a><\/p>\n<p><strong><span style=\"color: #000000; background-color: #00ccff;\">\u00c9CHOS D&rsquo;ANIMATEURS<\/span>\u00a0\u00a0\u00a0\u00a0\u00a0 <em>Marie-Jeanne Jan, animatrice de l&rsquo;atelier peinture<\/em><\/strong><\/p>\n<h1><span style=\"background-color: #ffffff; color: #3366ff;\"><em><strong>Des cr\u00e9ations<\/strong><\/em> <strong><em>emplies d&rsquo;esp\u00e9rance<\/em><\/strong><\/span><\/h1>\n<p>Jean-Fran\u00e7ois Penhouet m&rsquo;a embarqu\u00e9e, avec mon \u00e9poux, clans une nouvelle aventure lors de la session des aum\u00f4niers de France en nous confiant l&rsquo;animation de l&rsquo;atelier peinture et l&rsquo;animation des chants.<\/p>\n<p>En peinture, il s&rsquo;agissait de s&rsquo;exprimer sur le th\u00e8me\u00a0\u00ab Prison grise, \u00c9glise ver te, au soleil de l&rsquo;\u00c9vangile \u00bb. Nous avons un peu manqu\u00e9 de temps pou r peindre : les deux journ\u00e9es ont \u00e9t\u00e9 denses et les entre-deux conf\u00e9\u00adrences ou ateliers \u00e9taient de cour te dur\u00e9e. \u00c0 peine le temps d&rsquo;attraper les pinceaux ! Cependant, de belles images ont travers\u00e9 les barreaux. Tout d&rsquo;abord , sur toute la longueur de cet te toile blanche, des lignes qui se croisent : barreau x tellement pr\u00e9sents clans l&rsquo;espace de la prison, avoisinant ces taches gris noir, le gris noir du quotidien clans ces lieux sombres et cette main qui s&rsquo;accroche au barreau : est-ce pour essayer d &lsquo;arracher celui-ci ou bien de s&rsquo;y appuyer pour regarder au-del\u00e0 ? Au-del\u00e0 des barreaux, en effet, cette immense lueur qui traverse le ciel bleu. D&rsquo;o\u00f9 vient-elle? Est-elle signe d&rsquo;une grande esp\u00e9rance qui s&rsquo;exprime clans de l\u00e9gers signes de vie : ce petit escargot laissant sa trace sur la tige m\u00e9tallique, ce papillon virevoltant, ce tout petit soleil, ces deux mains s&rsquo;allongeant telles un yo-yo et finissant par se trouver. Et puis cette gomme qui efface les barreaux, ces plantes toutes fr\u00eales qui ont pris racine clans cet te masse grise et qui croissent \u00e0 travers les barbel\u00e9s. On y voit encore toutes ces petites fleurs telles des serpentins qui naissent \u00e7\u00e0 et l\u00e0 dans la lumi\u00e8re. Enfin, il y a cette cage ouverte: un oiseau s&rsquo;appr\u00eate \u00e0 s&rsquo;envoler. Vers quel horizon? \u00c0 travers ces petits dessins que l&rsquo;on pourrait trouver na\u00effs, j&rsquo;ai vu le Christ bien pr\u00e9sent derri\u00e8re les barreaux et rayonnant de tout ce qui se passe dans ces \u00e9changes entre animateurs de groupe en d\u00e9tention.\u00a0<\/p>\n<p><em><strong>Jacques Jan, en charge de l&rsquo;animation musicale<\/strong><\/em><\/p>\n<h1><span style=\"color: #3366ff;\"><strong><em>Le chant, un rayon de soleil\u00a0<\/em><\/strong><\/span><span style=\"color: #3366ff;\"><strong><em>apport\u00e9 aux couleurs du tableau<\/em><\/strong><\/span><\/h1>\n<p>Pour ne pas \u00eatre seul \u00e0 assu\u00adrer l&rsquo;animation musicale, j&rsquo;ai lanc\u00e9 un appel aux musiciens volontaires\u00a0 par l&rsquo;interm\u00e9\u00addiaire d&rsquo;Anne-Claire, secr\u00e9\u00adtaire de l&rsquo;aum\u00f4nerie natio nale. Anne, \u00c9lisabeth et Pierre ont \u00a0r\u00e9pondu \u00a0\u00e0 \u00a0l&rsquo;invitation.<\/p>\n<p>\u00c9tonnamment, chacun des trois \u00e9tait pr\u00eat \u00e0 c\u00e9der sa place s&rsquo;il y avait trop de candidats! D\u00e8s notre arriv\u00e9e \u00e0 Dourdan, nous nous sommes mis au travail dans une ambiance fraternelle. Ne connaissant pas tous les chants, je me suis senti tout de \u00a0suite \u00a0rassur\u00e9 et \u00e9paul\u00e9. Une tr\u00e8s grande confiance mutuelle s&rsquo;est install\u00e9e entre nous. Ce fut un r\u00e9el plaisir de vivre cette exp\u00e9rience. Si le r\u00e9sultat a \u00e9t\u00e9 appr\u00e9ci\u00e9 par l&rsquo;ensemble des congressistes, c&rsquo;est gr\u00e2ce \u00e0 ce groupe tout entier qui a su mettre ses comp\u00e9tences au service de tous. Merci Anne, \u00c9lisabeth et Pierre pour ce rayon de soleil apport\u00e9 aux couleurs du tableau qui a \u00e9t\u00e9 r\u00e9alis\u00e9 pendant ces trois jours.\u00a0<\/p>\n<p style=\"text-align: right;\">Un article de <strong>LA LETTRE de l&rsquo;Aum\u00f4nerie Catholique des Prisons<\/strong> &#8211; N\u00b0 168\/D\u00e9cembre 2020<\/p>\n","protected":false},"excerpt":{"rendered":"","protected":false},"author":1,"featured_media":0,"parent":0,"menu_order":0,"comment_status":"closed","ping_status":"closed","template":"","meta":{"kt_blocks_editor_width":"","footnotes":""},"_links":{"self":[{"href":"https:\/\/eglise-catholique-valdorge.fr\/index.php?rest_route=\/wp\/v2\/pages\/4145"}],"collection":[{"href":"https:\/\/eglise-catholique-valdorge.fr\/index.php?rest_route=\/wp\/v2\/pages"}],"about":[{"href":"https:\/\/eglise-catholique-valdorge.fr\/index.php?rest_route=\/wp\/v2\/types\/page"}],"author":[{"embeddable":true,"href":"https:\/\/eglise-catholique-valdorge.fr\/index.php?rest_route=\/wp\/v2\/users\/1"}],"replies":[{"embeddable":true,"href":"https:\/\/eglise-catholique-valdorge.fr\/index.php?rest_route=%2Fwp%2Fv2%2Fcomments&post=4145"}],"version-history":[{"count":6,"href":"https:\/\/eglise-catholique-valdorge.fr\/index.php?rest_route=\/wp\/v2\/pages\/4145\/revisions"}],"predecessor-version":[{"id":4155,"href":"https:\/\/eglise-catholique-valdorge.fr\/index.php?rest_route=\/wp\/v2\/pages\/4145\/revisions\/4155"}],"wp:attachment":[{"href":"https:\/\/eglise-catholique-valdorge.fr\/index.php?rest_route=%2Fwp%2Fv2%2Fmedia&parent=4145"}],"curies":[{"name":"wp","href":"https:\/\/api.w.org\/{rel}","templated":true}]}}