{"id":449,"date":"2017-10-05T14:34:42","date_gmt":"2017-10-05T12:34:42","guid":{"rendered":"http:\/\/eglise-catholique-valdorge.fr\/?page_id=449"},"modified":"2017-10-05T16:22:29","modified_gmt":"2017-10-05T14:22:29","slug":"votre-certificat-de-bapteme","status":"publish","type":"page","link":"https:\/\/eglise-catholique-valdorge.fr\/?page_id=449","title":{"rendered":"votre certificat de bapt\u00eame"},"content":{"rendered":"\n<div class=\"wpcf7 no-js\" id=\"wpcf7-f451-o1\" lang=\"en-US\" dir=\"ltr\">\n<div class=\"screen-reader-response\"><p role=\"status\" aria-live=\"polite\" aria-atomic=\"true\"><\/p> <ul><\/ul><\/div>\n<form action=\"\/index.php?rest_route=%2Fwp%2Fv2%2Fpages%2F449#wpcf7-f451-o1\" method=\"post\" class=\"wpcf7-form init\" aria-label=\"Contact form\" novalidate=\"novalidate\" data-status=\"init\">\n<div style=\"display: none;\">\n<input type=\"hidden\" name=\"_wpcf7\" value=\"451\" \/>\n<input type=\"hidden\" name=\"_wpcf7_version\" value=\"5.7.7\" \/>\n<input type=\"hidden\" name=\"_wpcf7_locale\" value=\"en_US\" \/>\n<input type=\"hidden\" name=\"_wpcf7_unit_tag\" value=\"wpcf7-f451-o1\" \/>\n<input type=\"hidden\" name=\"_wpcf7_container_post\" value=\"0\" \/>\n<input type=\"hidden\" name=\"_wpcf7_posted_data_hash\" value=\"\" \/>\n<\/div>\n<p><label> Votre nom (obligatoire)<br \/>\n<span class=\"wpcf7-form-control-wrap\" data-name=\"your-name\"><input size=\"40\" class=\"wpcf7-form-control wpcf7-text wpcf7-validates-as-required\" aria-required=\"true\" aria-invalid=\"false\" value=\"\" type=\"text\" name=\"your-name\" \/><\/span> <\/label>\n<\/p>\n<p><label> Votre e-mail (obligatoire)<br \/>\n<span class=\"wpcf7-form-control-wrap\" data-name=\"your-email\"><input size=\"40\" class=\"wpcf7-form-control wpcf7-text wpcf7-email wpcf7-validates-as-required wpcf7-validates-as-email\" aria-required=\"true\" aria-invalid=\"false\" value=\"\" type=\"email\" name=\"your-email\" \/><\/span> <\/label>\n<\/p>\n<p><label> Votre paroisse (obligatoire)<br \/>\n<span class=\"wpcf7-form-control-wrap\" data-name=\"votre-paroisse\"><select class=\"wpcf7-form-control wpcf7-select wpcf7-validates-as-required\" aria-required=\"true\" aria-invalid=\"false\" name=\"votre-paroisse\"><option value=\"Fleury-M\u00e9rogis\">Fleury-M\u00e9rogis<\/option><option value=\"Morsang-sur-Orge\">Morsang-sur-Orge<\/option><option value=\"Sainte-Genevi\u00e8ve-des-Bois\">Sainte-Genevi\u00e8ve-des-Bois<\/option><option value=\"Saint-Michel-sur-Orge\">Saint-Michel-sur-Orge<\/option><option value=\"Villemoisson-sur-Orge\">Villemoisson-sur-Orge<\/option><\/select><\/span> <\/label>\n<\/p>\n<p><label> Nom baptis\u00e9(e) (obligatoire)<br \/>\n<span class=\"wpcf7-form-control-wrap\" data-name=\"your-nom\"><input size=\"40\" class=\"wpcf7-form-control wpcf7-text wpcf7-validates-as-required\" aria-required=\"true\" aria-invalid=\"false\" value=\"\" type=\"text\" name=\"your-nom\" \/><\/span> <\/label>\n<\/p>\n<p><label> Pr\u00e9noms baptis\u00e9(e) (obligatoire)<br \/>\n<span class=\"wpcf7-form-control-wrap\" data-name=\"your-prenoms\"><input size=\"40\" class=\"wpcf7-form-control wpcf7-text wpcf7-validates-as-required\" aria-required=\"true\" aria-invalid=\"false\" value=\"\" type=\"text\" name=\"your-prenoms\" \/><\/span> <\/label>\n<\/p>\n<p><label> Date de naissance baptis\u00e9(e) (obligatoire)<br \/>\n<span class=\"wpcf7-form-control-wrap\" data-name=\"date-838\"><input class=\"wpcf7-form-control wpcf7-date wpcf7-validates-as-required wpcf7-validates-as-date\" aria-required=\"true\" aria-invalid=\"false\" value=\"\" type=\"date\" name=\"date-838\" \/><\/span> <\/label>\n<\/p>\n<p><label> \u00e9glise de bapt\u00eame (obligatoire)<br \/>\n<span class=\"wpcf7-form-control-wrap\" data-name=\"eglise-secteur\"><select class=\"wpcf7-form-control wpcf7-select wpcf7-validates-as-required\" aria-required=\"true\" aria-invalid=\"false\" name=\"eglise-secteur\"><option value=\"Saint-R\u00e9dempteur (Fleury-M\u00e9rogis)\">Saint-R\u00e9dempteur (Fleury-M\u00e9rogis)<\/option><option value=\"Notre-Dame-de-Gr\u00e2ce (Morsang-sur-Orge)\">Notre-Dame-de-Gr\u00e2ce (Morsang-sur-Orge)<\/option><option value=\"Saint-Jean-Baptiste (Morsang-sur-Orge)\">Saint-Jean-Baptiste (Morsang-sur-Orge)<\/option><option value=\"Jean-Marie-Vianney (Ste-Genevi\u00e8ve-des-Bois)\">Jean-Marie-Vianney (Ste-Genevi\u00e8ve-des-Bois)<\/option><option value=\"Sainte-Genevi\u00e8ve (Ste-Genevi\u00e8ve-des-Bois)\">Sainte-Genevi\u00e8ve (Ste-Genevi\u00e8ve-des-Bois)<\/option><option value=\"Sacr\u00e9-Coeur (Ste-Genevi\u00e8ve-des-Bois)\">Sacr\u00e9-Coeur (Ste-Genevi\u00e8ve-des-Bois)<\/option><option value=\"Saint-Jean-Ap\u00f4tre (St-Michel-sur-Orge)\">Saint-Jean-Ap\u00f4tre (St-Michel-sur-Orge)<\/option><option value=\"Saint-Michel (St-Michel-sur-Orge)\">Saint-Michel (St-Michel-sur-Orge)<\/option><option value=\"Saint-Joseph (Villemoisson-sur-Orge)\">Saint-Joseph (Villemoisson-sur-Orge)<\/option><option value=\"Saint-Laurent ((Villemoisson-sur-Orge)\">Saint-Laurent ((Villemoisson-sur-Orge)<\/option><\/select><\/span> <\/label>\n<\/p>\n<p><label> Autre pr\u00e9cision utile :<br \/>\n<span class=\"wpcf7-form-control-wrap\" data-name=\"your-message\"><textarea cols=\"40\" rows=\"10\" class=\"wpcf7-form-control wpcf7-textarea\" aria-invalid=\"false\" name=\"your-message\"><\/textarea><\/span> <\/label>\n<\/p>\n<p>Le certificat de bapt\u00eame sera remis exclusivement au (\u00e0 la) baptis\u00e9(e) ou \u00e0 son repr\u00e9sentant l\u00e9gal pour un(e) mineur(e).<br \/>\nMerci de nous pr\u00e9cisez, si vous<br \/>\n<span class=\"wpcf7-form-control-wrap\" data-name=\"envoicertificat\"><span class=\"wpcf7-form-control wpcf7-checkbox wpcf7-validates-as-required wpcf7-exclusive-checkbox\"><span class=\"wpcf7-list-item first\"><input type=\"checkbox\" name=\"envoicertificat\" value=\"venez \u00e0 l&#039;accueil de la paroisse\" \/><span class=\"wpcf7-list-item-label\">venez \u00e0 l&#039;accueil de la paroisse<\/span><\/span><span class=\"wpcf7-list-item\"><input type=\"checkbox\" name=\"envoicertificat\" value=\"souhaitez qu&#039;on vous le fasse parvenir par la poste (enveloppe timbr\u00e9e et adress\u00e9e \u00e0 fournir)\" \/><span class=\"wpcf7-list-item-label\">souhaitez qu&#039;on vous le fasse parvenir par la poste (enveloppe timbr\u00e9e et adress\u00e9e \u00e0 fournir)<\/span><\/span><span class=\"wpcf7-list-item last\"><input type=\"checkbox\" name=\"envoicertificat\" value=\"souhaitez qu&#039;on le fasse parvenir \u00e0 une paroisse (enveloppe timbr\u00e9e et adress\u00e9e \u00e0 fournir)\" \/><span class=\"wpcf7-list-item-label\">souhaitez qu&#039;on le fasse parvenir \u00e0 une paroisse (enveloppe timbr\u00e9e et adress\u00e9e \u00e0 fournir)<\/span><\/span><\/span><\/span>\n<\/p>\n<p><input class=\"wpcf7-form-control has-spinner wpcf7-submit\" type=\"submit\" value=\"Envoyer\" \/>\n<\/p><div class=\"wpcf7-response-output\" aria-hidden=\"true\"><\/div>\n<\/form>\n<\/div>\n\n","protected":false},"excerpt":{"rendered":"","protected":false},"author":1,"featured_media":0,"parent":0,"menu_order":0,"comment_status":"closed","ping_status":"closed","template":"","meta":{"kt_blocks_editor_width":"","footnotes":""},"_links":{"self":[{"href":"https:\/\/eglise-catholique-valdorge.fr\/index.php?rest_route=\/wp\/v2\/pages\/449"}],"collection":[{"href":"https:\/\/eglise-catholique-valdorge.fr\/index.php?rest_route=\/wp\/v2\/pages"}],"about":[{"href":"https:\/\/eglise-catholique-valdorge.fr\/index.php?rest_route=\/wp\/v2\/types\/page"}],"author":[{"embeddable":true,"href":"https:\/\/eglise-catholique-valdorge.fr\/index.php?rest_route=\/wp\/v2\/users\/1"}],"replies":[{"embeddable":true,"href":"https:\/\/eglise-catholique-valdorge.fr\/index.php?rest_route=%2Fwp%2Fv2%2Fcomments&post=449"}],"version-history":[{"count":2,"href":"https:\/\/eglise-catholique-valdorge.fr\/index.php?rest_route=\/wp\/v2\/pages\/449\/revisions"}],"predecessor-version":[{"id":452,"href":"https:\/\/eglise-catholique-valdorge.fr\/index.php?rest_route=\/wp\/v2\/pages\/449\/revisions\/452"}],"wp:attachment":[{"href":"https:\/\/eglise-catholique-valdorge.fr\/index.php?rest_route=%2Fwp%2Fv2%2Fmedia&parent=449"}],"curies":[{"name":"wp","href":"https:\/\/api.w.org\/{rel}","templated":true}]}}