{"id":4567,"date":"2021-03-15T13:23:10","date_gmt":"2021-03-15T12:23:10","guid":{"rendered":"https:\/\/eglise-catholique-valdorge.fr\/?page_id=4567"},"modified":"2021-03-19T22:56:19","modified_gmt":"2021-03-19T21:56:19","slug":"rameaux-et-semaine-sainte-2021","status":"publish","type":"page","link":"https:\/\/eglise-catholique-valdorge.fr\/?page_id=4567","title":{"rendered":"Rameaux et Semaine Sainte 2021"},"content":{"rendered":"\n<h4 style=\"text-align: center;\"><span style=\"background-color: #ffff00;\">Vous pouvez suivre les diff\u00e9rentes c\u00e9l\u00e9brations du secteur en transmission directe sur la cha\u00eene YouTube <span style=\"color: #000000;\">(<span style=\"text-decoration: underline;\"><em>en cliquant sur le lien ci-dessous<\/em><\/span>)<\/span><\/span><\/h4>\n<h3 style=\"text-align: center;\"><a href=\"https:\/\/www.youtube.com\/channel\/UCmIX5xZM90d_ORSEvZFK0gA\"><strong><span style=\"text-decoration: underline;\">Secteur Pastoral du Val d&rsquo;Orge<\/span><\/strong><\/a><\/h3>\n<h2><span style=\"color: #ff0000;\"><strong>Rameaux<\/strong><\/span> <em>(Venir avec ses rameaux personnels)<\/em><\/h2>\n<h3><span style=\"color: #ffffff;\">\u00a0 \u00a0 \u00a0 \u00a0 \u00a0 <\/span><span style=\"color: #339966;\">Samedi 27 mars \u00e0 16h30 :<\/span><\/h3>\n<ul style=\"list-style-type: circle;\">\n<li><strong> <span style=\"color: #0000ff;\">\u00c9glise St Jean-Marie Vianney <\/span><\/strong><span style=\"color: #000000;\">(Ste Genevi\u00e8ve des Bois)<\/span><\/li>\n<li><strong> <span style=\"color: #0000ff;\">Relais St Hubert <\/span><\/strong><span style=\"color: #000000;\">(Ste Genevi\u00e8ve des Bois) &#8211; <\/span><span style=\"color: #ff0000;\">Transmission directe YouTube<\/span><\/li>\n<li><strong> <span style=\"color: #0000ff;\">\u00c9glise St Michel <\/span><\/strong><span style=\"color: #000000;\">(St Michel sur Orge)<\/span><\/li>\n<li><strong> <span style=\"color: #0000ff;\">\u00c9glise St Joseph <\/span><\/strong><span style=\"color: #000000;\">(Villemoisson sur Orge)<\/span><\/li>\n<\/ul>\n<h3><span style=\"color: #ffffff;\">\u00a0 \u00a0 \u00a0 \u00a0 \u00a0 <\/span><span style=\"color: #339966;\">Dimanche 28 mars :<\/span><\/h3>\n<ul style=\"list-style-type: circle;\">\n<li><strong> 10h00 <span style=\"color: #0000ff;\">\u00c9glise Ste Genevi\u00e8ve <\/span><\/strong><span style=\"color: #000000;\">(Ste Genevi\u00e8ve des Bois)<\/span><\/li>\n<li><strong> 10h30 <span style=\"color: #0000ff;\">\u00c9glise St Jean-Ap\u00f4tre <\/span><\/strong><span style=\"color: #000000;\">(St Michel sur Orge)<\/span><\/li>\n<li><strong> 10h30 <span style=\"color: #0000ff;\">Chapelle Notre-Dame de Gr\u00e2ce <\/span><\/strong><span style=\"color: #000000;\">(Morsang sur Orge)<\/span><\/li>\n<li><strong> 11h00 <span style=\"color: #0000ff;\">\u00c9glise St R\u00e9dempteur <\/span><\/strong><span style=\"color: #000000;\">(Fleury M\u00e9rogis) &#8211; <\/span><span style=\"color: #ff0000;\">Transmission directe YouTube<\/span><\/li>\n<li><strong> 16h00 <span style=\"color: #0000ff;\">\u00c9glise St Jean-Ap\u00f4tre <\/span><\/strong><span style=\"color: #000000;\">(Ste Michel sur Orge)<\/span><\/li>\n<\/ul>\n<h4>\u00a0<\/h4>\n<h2><span style=\"color: #ff0000;\"><strong>Semaine Sainte<\/strong><\/span><\/h2>\n<h3><span style=\"color: #ffffff;\">\u00a0 \u00a0 \u00a0 \u00a0 \u00a0 <\/span><span style=\"color: #339966;\">Jeudi Saint 1er avril :<\/span> <span style=\"color: #9f21d1;\"> C\u00e9l\u00e9bration de la C\u00e8ne<\/span><\/h3>\n<ul style=\"list-style-type: circle;\">\n<li><strong> 07h30 <span style=\"color: #0000ff;\">\u00c9glise St Joseph <\/span><\/strong><span style=\"color: #000000;\">(Villemoisson sur Orge)<\/span><\/li>\n<li><strong> 12h30 <span style=\"color: #0000ff;\">\u00c9glise Ste Genevi\u00e8ve <\/span><\/strong><span style=\"color: #000000;\">(Ste Genevi\u00e8ve des Bois) &#8211; <\/span><span style=\"color: #ff0000;\">Transmission directe YouTube<\/span><\/li>\n<li><strong> 17h00 <span style=\"color: #0000ff;\">Chapelle Notre-Dame de Gr\u00e2ce <\/span><\/strong><span style=\"color: #000000;\">(Morsang sur Orge)<\/span><\/li>\n<\/ul>\n<h4>\u00a0<\/h4>\n<h3><span style=\"color: #ffffff;\">\u00a0 \u00a0 \u00a0 \u00a0 \u00a0 <\/span><span style=\"color: #339966;\">Vendredi Saint 2 avril :<\/span><br \/><span style=\"color: #ffffff;\">\u00a0 \u00a0 \u00a0 \u00a0 \u00a0 \u00a0 \u00a0 \u00a0 \u00a0 \u00a0 <\/span><span style=\"color: #9f21d1;\">Chemin de Croix<\/span><\/h3>\n<ul style=\"list-style-type: circle;\">\n<li><strong> 12h30 <span style=\"color: #0000ff;\">\u00c9glise Ste Genevi\u00e8ve <\/span><\/strong><span style=\"color: #000000;\">(Sainte Genevi\u00e8ve des Bois)<\/span><\/li>\n<li><strong> 15h00 <span style=\"color: #0000ff;\">\u00c9glise St Jean-Ap\u00f4tre <\/span><\/strong><span style=\"color: #000000;\">(St Michel sur Orge)<\/span><\/li>\n<li><strong> 15h00 <span style=\"color: #0000ff;\">Chapelle Notre-Dame de Gr\u00e2ce <\/span><\/strong><span style=\"color: #000000;\">(Morsang sur Orge)<\/span><\/li>\n<li><strong> 15h00 <span style=\"color: #0000ff;\">\u00c9glise St Laurent <\/span><\/strong><span style=\"color: #000000;\">(Villemoisson sur Orge)<\/span><\/li>\n<\/ul>\n<h3><span style=\"color: #ffffff;\">\u00a0 \u00a0 \u00a0 \u00a0 \u00a0 \u00a0 \u00a0 \u00a0 \u00a0 \u00a0 <\/span><span style=\"color: #9f21d1;\">C\u00e9l\u00e9bration de la Passion<\/span><\/h3>\n<ul style=\"list-style-type: circle;\">\n<li><strong> 17h00 <span style=\"color: #0000ff;\">\u00c9glise St Jean-Ap\u00f4tre <\/span><\/strong><span style=\"color: #000000;\">(St Michel sur Orge)<\/span><\/li>\n<li><strong> 17h00 <span style=\"color: #9f21d1;\">C\u00e9l\u00e9bration \u0153cum\u00e9nique <\/span><span style=\"color: #0000ff;\">Chapelle Notre-Dame de Gr\u00e2ce <\/span><\/strong><span style=\"color: #000000;\">(Morsang sur Orge) &#8211; <\/span><span style=\"color: #ff0000;\">Transmission directe YouTube<\/span><\/li>\n<\/ul>\n<h4>\u00a0<\/h4>\n<h3><span style=\"color: #ffffff;\">\u00a0 \u00a0 \u00a0 \u00a0 \u00a0 <\/span><span style=\"color: #339966;\">Samedi Saint 3 avril :<\/span> <span style=\"color: #9f21d1;\">C\u00e9l\u00e9bration de P\u00e2ques<\/span><\/h3>\n<ul style=\"list-style-type: circle;\">\n<li><strong> 16h00 <span style=\"color: #0000ff;\">\u00c9glise St Jean-Ap\u00f4tre <\/span><\/strong><span style=\"color: #0000ff;\">(avec Bapt\u00eames adultes) <\/span><span style=\"color: #000000;\">(St Michel sur Orge) &#8211; <\/span><span style=\"color: #ff0000;\">Transmission directe YouTube<\/span><\/li>\n<li><strong> 16h00 <span style=\"color: #0000ff;\">Chapelle Notre-Dame de Gr\u00e2ce <\/span><\/strong><span style=\"color: #000000;\">(Morsang sur Orge)<\/span><\/li>\n<\/ul>\n<h4>\u00a0<\/h4>\n<h3><span style=\"color: #ffffff;\">\u00a0 \u00a0 \u00a0 \u00a0 \u00a0 <\/span><span style=\"color: #339966;\">Dimanche de P\u00e2ques 4 avril :<\/span> <span style=\"color: #9f21d1;\">C\u00e9l\u00e9bration de la R\u00e9surrection<\/span><\/h3>\n<ul style=\"list-style-type: circle;\">\n<li><strong> 06h30 <span style=\"color: #0000ff;\">\u00c9glise St Jean-Marie Vianney <\/span><\/strong><span style=\"color: #000000;\">(Ste Genevi\u00e8ve des Bois)<\/span><\/li>\n<li><strong> 10h00 <span style=\"color: #0000ff;\">\u00c9glise Ste Genevi\u00e8ve <\/span><\/strong><span style=\"color: #000000;\">(Ste Genevi\u00e8ve des Bois)<\/span><\/li>\n<li><strong> 10h00 <span style=\"color: #0000ff;\">\u00c9glise St Laurent <\/span><\/strong><span style=\"color: #000000;\">(Villemoisson sur Orge)<\/span><\/li>\n<li><strong> 10h30 <span style=\"color: #0000ff;\">\u00c9glise St Michel <\/span><\/strong><span style=\"color: #000000;\">(St Michel sur Orge)<\/span><\/li>\n<li><strong> 10h30 <span style=\"color: #0000ff;\">Chapelle Notre-Dame de Gr\u00e2ce <\/span><\/strong><span style=\"color: #000000;\">(Morsang sur Orge)<\/span><\/li>\n<li><strong> 11h00 <span style=\"color: #0000ff;\">\u00c9glise St R\u00e9dempteur <\/span><\/strong><span style=\"color: #000000;\">(Fleury M\u00e9rogis) &#8211; <\/span><span style=\"color: #ff0000;\">Transmission directe YouTube<\/span><\/li>\n<li><strong> 15h00 <span style=\"color: #0000ff;\">\u00c9glise St Jean-Ap\u00f4tre <\/span><\/strong><span style=\"color: #0000ff;\">(avec Bapt\u00eames adultes) <\/span><span style=\"color: #000000;\">(St Michel sur Orge)<\/span><\/li>\n<\/ul>\n","protected":false},"excerpt":{"rendered":"","protected":false},"author":1,"featured_media":0,"parent":0,"menu_order":0,"comment_status":"closed","ping_status":"closed","template":"","meta":{"kt_blocks_editor_width":"","footnotes":""},"_links":{"self":[{"href":"https:\/\/eglise-catholique-valdorge.fr\/index.php?rest_route=\/wp\/v2\/pages\/4567"}],"collection":[{"href":"https:\/\/eglise-catholique-valdorge.fr\/index.php?rest_route=\/wp\/v2\/pages"}],"about":[{"href":"https:\/\/eglise-catholique-valdorge.fr\/index.php?rest_route=\/wp\/v2\/types\/page"}],"author":[{"embeddable":true,"href":"https:\/\/eglise-catholique-valdorge.fr\/index.php?rest_route=\/wp\/v2\/users\/1"}],"replies":[{"embeddable":true,"href":"https:\/\/eglise-catholique-valdorge.fr\/index.php?rest_route=%2Fwp%2Fv2%2Fcomments&post=4567"}],"version-history":[{"count":25,"href":"https:\/\/eglise-catholique-valdorge.fr\/index.php?rest_route=\/wp\/v2\/pages\/4567\/revisions"}],"predecessor-version":[{"id":4638,"href":"https:\/\/eglise-catholique-valdorge.fr\/index.php?rest_route=\/wp\/v2\/pages\/4567\/revisions\/4638"}],"wp:attachment":[{"href":"https:\/\/eglise-catholique-valdorge.fr\/index.php?rest_route=%2Fwp%2Fv2%2Fmedia&parent=4567"}],"curies":[{"name":"wp","href":"https:\/\/api.w.org\/{rel}","templated":true}]}}