{"id":513,"date":"2017-10-17T15:58:28","date_gmt":"2017-10-17T13:58:28","guid":{"rendered":"https:\/\/eglise-catholique-valdorge.fr\/?page_id=513"},"modified":"2017-10-25T18:16:00","modified_gmt":"2017-10-25T16:16:00","slug":"le-sacrement-des-malades-pour-vous-ou-un-proche","status":"publish","type":"page","link":"https:\/\/eglise-catholique-valdorge.fr\/?page_id=513","title":{"rendered":"le sacrement des malades pour vous ou un proche"},"content":{"rendered":"<p style=\"text-align: left;\"><span style=\"text-decoration: underline; font-size: 14pt;\"><span style=\"font-family: book antiqua,palatino,serif;\"><strong>L\u2019onction des malades<\/strong><\/span><\/span><\/p>\n<p><img loading=\"lazy\" decoding=\"async\" class=\"alignnone size-thumbnail wp-image-608 aligncenter\" src=\"https:\/\/eglise-catholique-valdorge.fr\/wp-content\/uploads\/2017\/10\/Onction-des-malades-150x150.jpg\" alt=\"\" width=\"150\" height=\"150\" \/><\/p>\n<p style=\"text-align: right;\"><span style=\"font-size: 12pt;\"><a href=\"https:\/\/eglise-catholique-valdorge.fr\/?page_id=582\">Contacter la pastorale de la sant\u00e9<\/a><\/span><\/p>\n<p><span style=\"font-family: book antiqua,palatino,serif; font-size: 12pt;\">Le sacrement des malades a pour but de donner une aide sp\u00e9ciale au chr\u00e9tien confront\u00e9 aux difficult\u00e9s d\u2019une maladie grave ou de la vieillesse. Le chr\u00e9tien peut recevoir le <a class=\"glossary-term\" title=\"Signe visible de la pr\u00e9sence et de l'action de Dieu.\" href=\"http:\/\/www.eglise.catholique.fr\/glossaire\/sacrement\">sacrement<\/a> des malades chaque fois qu\u2019il est atteint d\u2019une grave maladie. C\u2019est le sacrement de la pr\u00e9sence du Seigneur \u00e0 nos c\u00f4t\u00e9s dans les moments d\u2019\u00e9preuve que sont la maladie ou la vieillesse. La c\u00e9l\u00e9bration de ce sacrement consiste en l\u2019onction d\u2019huile b\u00e9nite sur le front et en l\u2019imposition des mains. Consacr\u00e9e par l\u2019\u00e9v\u00eaque lors de la <a class=\"glossary-term\" title=\"C\u00e9l\u00e9bration qui comm\u00e9more le sacrifice du Christ.\" href=\"http:\/\/www.eglise.catholique.fr\/glossaire\/messe\">messe<\/a> chrismale annuelle, l\u2019huile dite des malades apporte force et douceur. Elle p\u00e9n\u00e8tre la peau, r\u00e9pand sa bonne odeur, fortifie le corps. Voici les mots qui accompagnent l\u2019onction avec l\u2019huile sainte sur le front et dans les mains des malades :<\/span><\/p>\n<blockquote><p><span style=\"font-family: book antiqua,palatino,serif;\"><em>Par cette onction sainte, que le Seigneur en sa grande bont\u00e9 vous r\u00e9conforte par la gr\u00e2ce de l\u2019<a class=\"glossary-term\" title=\"Troisi\u00e8me personne de la Trinit\u00e9.\" href=\"http:\/\/www.eglise.catholique.fr\/glossaire\/esprit-saint\">Esprit Saint<\/a>. Ainsi, vous ayant lib\u00e9r\u00e9 de tous p\u00e9ch\u00e9s, qu\u2019il vous sauve et vous rel\u00e8ve.<\/em><\/span><\/p><\/blockquote>\n<p><span style=\"font-family: book antiqua,palatino,serif; font-size: 12pt;\">Avec l\u2019imposition des mains, l\u2019onction rappelle l\u2019attention et la tendresse de J\u00e9sus Christ envers les personnes malades.<\/span><\/p>\n<p><span style=\"font-family: book antiqua,palatino,serif; font-size: 12pt;\"><em>\u00ab Si l\u2019un de vous est malade, qu\u2019il fasse appeler les anciens de la communaut\u00e9 qui prieront pour lui en pratiquant une onction d\u2019huile au nom du Seigneur. Leurs pri\u00e8res, inspir\u00e9es par la foi, sauveront le malade, le Seigneur le rel\u00e8vera, et s\u2019il a commis des p\u00e9ch\u00e9s, ils lui seront pardonn\u00e9s. \u00bb Jc\u00a05, 14-15<\/em><\/span><\/p>\n<p>&nbsp;<\/p>\n<p style=\"text-align: right;\"><strong>Conf\u00e9rence des \u00c9v\u00eaques de France<\/strong><\/p>\n","protected":false},"excerpt":{"rendered":"<p>L\u2019onction des malades Contacter la pastorale de la sant\u00e9 Le sacrement des malades a pour but de donner une aide sp\u00e9ciale au chr\u00e9tien confront\u00e9 aux difficult\u00e9s d\u2019une maladie grave ou de la vieillesse. Le chr\u00e9tien peut recevoir le sacrement des &hellip; <a href=\"https:\/\/eglise-catholique-valdorge.fr\/?page_id=513\">Lire la suite\u00ad\u00ad<\/a><\/p>\n","protected":false},"author":1,"featured_media":0,"parent":0,"menu_order":0,"comment_status":"closed","ping_status":"closed","template":"","meta":{"kt_blocks_editor_width":"","footnotes":""},"_links":{"self":[{"href":"https:\/\/eglise-catholique-valdorge.fr\/index.php?rest_route=\/wp\/v2\/pages\/513"}],"collection":[{"href":"https:\/\/eglise-catholique-valdorge.fr\/index.php?rest_route=\/wp\/v2\/pages"}],"about":[{"href":"https:\/\/eglise-catholique-valdorge.fr\/index.php?rest_route=\/wp\/v2\/types\/page"}],"author":[{"embeddable":true,"href":"https:\/\/eglise-catholique-valdorge.fr\/index.php?rest_route=\/wp\/v2\/users\/1"}],"replies":[{"embeddable":true,"href":"https:\/\/eglise-catholique-valdorge.fr\/index.php?rest_route=%2Fwp%2Fv2%2Fcomments&post=513"}],"version-history":[{"count":4,"href":"https:\/\/eglise-catholique-valdorge.fr\/index.php?rest_route=\/wp\/v2\/pages\/513\/revisions"}],"predecessor-version":[{"id":611,"href":"https:\/\/eglise-catholique-valdorge.fr\/index.php?rest_route=\/wp\/v2\/pages\/513\/revisions\/611"}],"wp:attachment":[{"href":"https:\/\/eglise-catholique-valdorge.fr\/index.php?rest_route=%2Fwp%2Fv2%2Fmedia&parent=513"}],"curies":[{"name":"wp","href":"https:\/\/api.w.org\/{rel}","templated":true}]}}