{"id":576,"date":"2017-10-24T11:28:18","date_gmt":"2017-10-24T09:28:18","guid":{"rendered":"https:\/\/eglise-catholique-valdorge.fr\/?page_id=576"},"modified":"2020-04-01T16:38:40","modified_gmt":"2020-04-01T14:38:40","slug":"les-orientations-pastorales-du-secteur","status":"publish","type":"page","link":"https:\/\/eglise-catholique-valdorge.fr\/?page_id=576","title":{"rendered":"Les Orientations Pastorales du Secteur"},"content":{"rendered":"<h1 class=\"western\" style=\"text-align: center;\" align=\"center\"><span style=\"font-family: Cambria, serif; color: #ff0000;\"><span style=\"font-size: xxx-large;\"><b>Orientations pastorales<\/b><\/span><br \/>\n<span style=\"font-size: x-large;\"><b>septembre 2016<\/b><\/span><\/span><\/h1>\n<p class=\"western\" align=\"left\"><span style=\"font-family: Cambria,serif;\"><span style=\"font-size: large;\"><b>Secteur Pastoral <\/b><\/span><\/span><span style=\"font-family: Cambria,serif;\"><span style=\"font-size: medium;\"><b>du Val d\u2019Orge<\/b><\/span><\/span><\/p>\n<h5><span style=\"color: #ffffff;\">&#8230;<\/span><\/h5>\n<p class=\"western\" align=\"center\"><span style=\"color: #548dd4;\"><span style=\"font-family: AR Techni,serif;\"><span style=\"font-size: 300%;\"><b>Vivre le Bapt\u00eame<\/b><\/span><br \/>\n<span style=\"font-size: x-large;\"><b>qui nous unit au Christ et les uns aux autres<\/b><\/span><\/span><\/span><\/p>\n<p class=\"western\" align=\"justify\"><span style=\"font-family: Times New Roman,serif;\"><span style=\"font-size: x-large;\"><span style=\"color: #ffffff;\">&#8230;<\/span>Au fil des rencontres pendant l\u2019ann\u00e9e 2015-2016, \u00e0 la lumi\u00e8re des r\u00e9flexions des uns et des autres, ensemble nous avons adopt\u00e9 ces orientations pastorales.<\/span><\/span><\/p>\n<h5><span style=\"color: #ffffff;\">&#8230;<\/span><\/h5>\n<p class=\"western\" align=\"center\"><span style=\"font-family: 'Times New Roman', serif; color: #339966;\"><span style=\"font-size: x-large;\"><i><b>Il s&rsquo;agit maintenant de les faire n\u00f4tres.<\/b><\/i><\/span><\/span><\/p>\n<p class=\"western\" align=\"justify\"><span style=\"font-family: Times New Roman,serif;\"><span style=\"font-size: x-large;\"><span style=\"color: #ffffff;\">&#8230;<\/span>Elles n&rsquo;invalident en rien le travail engag\u00e9 de fa\u00e7on fructueuse par les \u00c9quipes Animatrices et pour lequel elles ont re\u00e7u mission.<br \/>\n<span style=\"color: #ffffff;\">&#8230;<\/span>Elles ne se substituent pas aux th\u00e9matiques des Mouvements et Services.<br \/>\n<span style=\"color: #ffffff;\">&#8230;<\/span>Elles sont une invitation \u00e0 relire nos missions au regard de notre bapt\u00eame.<br \/>\n<\/span><\/span><\/p>\n<h5><span style=\"color: #ffffff;\">&#8230;<\/span><\/h5>\n<p class=\"western\" align=\"justify\"><span style=\"font-family: Times New Roman,serif;\"><span style=\"font-size: x-large;\"><span style=\"color: #ffffff;\">&#8230;<\/span>Chaque \u00e9quipe, groupe ou personne verra comment d\u00e9cliner telle ou telle proposition de fa\u00e7on concr\u00e8te, quelle orientation prendre pour <\/span><\/span><\/p>\n<p class=\"western\" align=\"center\"><span style=\"font-family: 'Times New Roman', serif; color: #339966;\"><span style=\"font-size: x-large;\"><b>\u00ab\u00a0Vivre le bapt\u00eame qui nous unit au Christ et les uns aux autres\u00a0\u00bb.<\/b><\/span><\/span><\/p>\n<h5><span style=\"color: #ffffff;\">&#8230;<\/span><\/h5>\n<p class=\"western\" align=\"justify\"><span style=\"font-family: Times New Roman,serif;\"><span style=\"font-size: x-large;\"><span style=\"color: #ffffff;\">&#8230;<\/span>C&rsquo;est un chantier pour nous et pour ceux que nous allons rencontrer, pour notre vie pastorale \u00e0 d\u00e9cliner tout au long de l&rsquo;ann\u00e9e. Lors de forums de secteur annuels, nous serons appel\u00e9s \u00e0 \u00e9changer, relire, et nous \u00e9merveiller des richesses partag\u00e9es.<\/span><\/span><\/p>\n<p class=\"western\" align=\"center\"><span style=\"font-family: 'Times New Roman', serif; color: #339966;\"><span style=\"font-size: x-large;\"><b>Plongeons tous ensemble dans l&rsquo;eau du bapt\u00eame<br \/>\nqui nous renouvelle sans cesse\u00a0!<\/b><\/span><\/span><\/p>\n<h5><span style=\"color: #ffffff;\">&#8230;<\/span><\/h5>\n<p align=\"center\"><img loading=\"lazy\" decoding=\"async\" class=\"alignnone size-full wp-image-577\" src=\"https:\/\/eglise-catholique-valdorge.fr\/wp-content\/uploads\/2017\/10\/Orientatations-Pastorales-de-Secteur-pages-internes.jpg\" alt=\"\" width=\"1015\" height=\"616\" srcset=\"https:\/\/eglise-catholique-valdorge.fr\/wp-content\/uploads\/2017\/10\/Orientatations-Pastorales-de-Secteur-pages-internes.jpg 1015w, https:\/\/eglise-catholique-valdorge.fr\/wp-content\/uploads\/2017\/10\/Orientatations-Pastorales-de-Secteur-pages-internes-300x182.jpg 300w, https:\/\/eglise-catholique-valdorge.fr\/wp-content\/uploads\/2017\/10\/Orientatations-Pastorales-de-Secteur-pages-internes-768x466.jpg 768w, https:\/\/eglise-catholique-valdorge.fr\/wp-content\/uploads\/2017\/10\/Orientatations-Pastorales-de-Secteur-pages-internes-80x50.jpg 80w\" sizes=\"(max-width: 1015px) 100vw, 1015px\" \/><\/p>\n<h5><span style=\"font-family: Times New Roman,serif;\"><span style=\"font-size: x-large;\"><span style=\"color: #ffffff;\">&#8230;<\/span><\/span><\/span><\/h5>\n<h2 style=\"text-align: center;\"><span style=\"color: #0000ff;\"><strong><span style=\"font-family: 'Segoe Script', serif;\"><span style=\"font-size: xx-large;\">Echo du Forum du Secteur<br \/>\nle 7 mars 2020<\/span><\/span><\/strong><\/span><\/h2>\n<h3 class=\"western\" style=\"text-align: center;\" align=\"center\"><span style=\"color: #ff0000;\"><strong><i>\u00ab\u00a0Que veux-tu que je fasse pour toi ?\u00a0\u00bb<\/i><\/strong><\/span><\/h3>\n<p>Samedi 7 mars nous \u00e9tions une\u00a0\u00a0quarantaine\u00a0\u00e0 nous questionner sur cette interpellation qui dans\u00a0 l\u2019esprit de la lettre pastorale de l\u2019\u00e9v\u00eaque annonce un synode.<\/p>\n<p>Parmi les interventions et sujets de r\u00e9flexions partag\u00e9s\u00a0:<\/p>\n<p><span style=\"font-size: large;\">+\u00a0<b><span style=\"color: #008000;\">Quand le besoin s\u2019en fait sentir<\/span>\u00a0<\/b>ou que le hasard fait bien les choses il arrive, il est bien, que les rencontres avec la communaut\u00e9 puissent se faire aussi hors les murs des \u00e9glises et que les r\u00e9flexions et propos ainsi \u00e9chang\u00e9s puissent \u00eatre des r\u00e9ponses \u00e0 des questions que nous nous posons \u00e0 nous-m\u00eame.<\/span><\/p>\n<p><span style=\"font-size: large;\">+\u00a0<b><span style=\"color: #008000;\">Entre rigueur institutionnelle ou bienveillance humaine<\/span>\u00a0<\/b>en direction des divorc\u00e9s la question a par plusieurs fois \u00e9t\u00e9 pos\u00e9e\u00a0: <i>Qui aujourd\u2019hui est dedans et qui est dehors\u00a0<\/i>?<\/span><\/p>\n<p><span style=\"font-size: large;\">+<span style=\"color: #339966;\">\u00a0<\/span><b><span style=\"color: #008000;\">J\u2019ai besoin de toi\u00a0!<\/span>\u00a0<\/b>Les Hommes, la Cit\u00e9, la Terre ont besoin de nous\u00a0!<\/span><\/p>\n<p><span style=\"font-size: large;\">+\u00a0<b><span style=\"color: #008000;\">Les 24 heures du parent<\/span>\u00a0<\/b>et de sa famille. Une description d\u2019un emploi du temps loin de l\u2019\u00e9loge de la paresse. Cette tyrannie des temps modernes pourrait laisser au moins une minute \u00e0 soi.<\/span><\/p>\n<p style=\"text-align: right;\">Serge BUISSON<\/p>\n","protected":false},"excerpt":{"rendered":"<p>Orientations pastorales septembre 2016 Secteur Pastoral du Val d\u2019Orge &#8230; Vivre le Bapt\u00eame qui nous unit au Christ et les uns aux autres &#8230;Au fil des rencontres pendant l\u2019ann\u00e9e 2015-2016, \u00e0 la lumi\u00e8re des r\u00e9flexions des uns et des autres, &hellip; <a href=\"https:\/\/eglise-catholique-valdorge.fr\/?page_id=576\">Lire la suite\u00ad\u00ad<\/a><\/p>\n","protected":false},"author":1,"featured_media":0,"parent":0,"menu_order":0,"comment_status":"closed","ping_status":"closed","template":"","meta":{"kt_blocks_editor_width":"","footnotes":""},"_links":{"self":[{"href":"https:\/\/eglise-catholique-valdorge.fr\/index.php?rest_route=\/wp\/v2\/pages\/576"}],"collection":[{"href":"https:\/\/eglise-catholique-valdorge.fr\/index.php?rest_route=\/wp\/v2\/pages"}],"about":[{"href":"https:\/\/eglise-catholique-valdorge.fr\/index.php?rest_route=\/wp\/v2\/types\/page"}],"author":[{"embeddable":true,"href":"https:\/\/eglise-catholique-valdorge.fr\/index.php?rest_route=\/wp\/v2\/users\/1"}],"replies":[{"embeddable":true,"href":"https:\/\/eglise-catholique-valdorge.fr\/index.php?rest_route=%2Fwp%2Fv2%2Fcomments&post=576"}],"version-history":[{"count":21,"href":"https:\/\/eglise-catholique-valdorge.fr\/index.php?rest_route=\/wp\/v2\/pages\/576\/revisions"}],"predecessor-version":[{"id":2861,"href":"https:\/\/eglise-catholique-valdorge.fr\/index.php?rest_route=\/wp\/v2\/pages\/576\/revisions\/2861"}],"wp:attachment":[{"href":"https:\/\/eglise-catholique-valdorge.fr\/index.php?rest_route=%2Fwp%2Fv2%2Fmedia&parent=576"}],"curies":[{"name":"wp","href":"https:\/\/api.w.org\/{rel}","templated":true}]}}