{"id":591,"date":"2017-10-24T12:16:39","date_gmt":"2017-10-24T10:16:39","guid":{"rendered":"https:\/\/eglise-catholique-valdorge.fr\/?page_id=591"},"modified":"2021-11-24T09:09:52","modified_gmt":"2021-11-24T08:09:52","slug":"mouvement-des-scouts-et-guides-de-france-st-jean-baptiste-val-dorge","status":"publish","type":"page","link":"https:\/\/eglise-catholique-valdorge.fr\/?page_id=591","title":{"rendered":"Mouvement des Scouts et Guides de France &#8211; St Jean Baptiste Val d&rsquo;Orge"},"content":{"rendered":"<p><img loading=\"lazy\" decoding=\"async\" class=\"alignnone size-thumbnail wp-image-593 aligncenter\" src=\"https:\/\/eglise-catholique-valdorge.fr\/wp-content\/uploads\/2017\/10\/rglstjeanbaptiste-1-150x150.jpg\" alt=\"\" width=\"150\" height=\"150\" \/><\/p>\n<p style=\"text-align: right;\"><a href=\"https:\/\/eglise-catholique-valdorge.fr\/?page_id=586\"><strong>Contacter les Scouts et Guides<\/strong><\/a><\/p>\n<p><span style=\"font-size: 14pt;\"><strong><span style=\"font-family: book antiqua,palatino,serif;\">Scouts et Guides de France &#8211; St Jean Baptiste Val d&rsquo;Orge<\/span><\/strong><\/span><br \/>\n<span style=\"font-family: book antiqua,palatino,serif; font-size: 12pt;\">Mouvement catholique d\u2019\u00e9ducation qui a pour but de contribuer \u00e0 l\u2019\u00e9ducation des enfants et des jeunes et \u00e0 leur engagement dans la vie sociale selon les buts, les principes et les m\u00e9thodes du scoutisme. Ouvert \u00e0 tous sans distinction de nationalit\u00e9, de culture, d\u2019origine sociale ou de croyance. Il assure la formation des chefs et cheftaines et leur permet d&rsquo;obtenir leur BAFA.<\/span><br \/>\n<span style=\"font-family: book antiqua,palatino,serif; font-size: 12pt;\">t\u00e9l\u00e9phone : 06.86.86.39.41<\/span><\/p>\n<p><span style=\"font-size: 12pt;\"><a href=\"https:\/\/sites.sgdf.fr\/st-jean-baptiste-val-dorge\/\"><span style=\"font-family: book antiqua,palatino,serif;\">site<\/span><\/a><\/span><\/p>\n","protected":false},"excerpt":{"rendered":"<p>Contacter les Scouts et Guides Scouts et Guides de France &#8211; St Jean Baptiste Val d&rsquo;Orge Mouvement catholique d\u2019\u00e9ducation qui a pour but de contribuer \u00e0 l\u2019\u00e9ducation des enfants et des jeunes et \u00e0 leur engagement dans la vie sociale &hellip; <a href=\"https:\/\/eglise-catholique-valdorge.fr\/?page_id=591\">Lire la suite\u00ad\u00ad<\/a><\/p>\n","protected":false},"author":1,"featured_media":0,"parent":0,"menu_order":0,"comment_status":"closed","ping_status":"closed","template":"","meta":{"kt_blocks_editor_width":"","footnotes":""},"_links":{"self":[{"href":"https:\/\/eglise-catholique-valdorge.fr\/index.php?rest_route=\/wp\/v2\/pages\/591"}],"collection":[{"href":"https:\/\/eglise-catholique-valdorge.fr\/index.php?rest_route=\/wp\/v2\/pages"}],"about":[{"href":"https:\/\/eglise-catholique-valdorge.fr\/index.php?rest_route=\/wp\/v2\/types\/page"}],"author":[{"embeddable":true,"href":"https:\/\/eglise-catholique-valdorge.fr\/index.php?rest_route=\/wp\/v2\/users\/1"}],"replies":[{"embeddable":true,"href":"https:\/\/eglise-catholique-valdorge.fr\/index.php?rest_route=%2Fwp%2Fv2%2Fcomments&post=591"}],"version-history":[{"count":4,"href":"https:\/\/eglise-catholique-valdorge.fr\/index.php?rest_route=\/wp\/v2\/pages\/591\/revisions"}],"predecessor-version":[{"id":5365,"href":"https:\/\/eglise-catholique-valdorge.fr\/index.php?rest_route=\/wp\/v2\/pages\/591\/revisions\/5365"}],"wp:attachment":[{"href":"https:\/\/eglise-catholique-valdorge.fr\/index.php?rest_route=%2Fwp%2Fv2%2Fmedia&parent=591"}],"curies":[{"name":"wp","href":"https:\/\/api.w.org\/{rel}","templated":true}]}}