{"id":623,"date":"2017-10-26T19:26:23","date_gmt":"2017-10-26T17:26:23","guid":{"rendered":"https:\/\/eglise-catholique-valdorge.fr\/?page_id=623"},"modified":"2020-04-17T15:25:41","modified_gmt":"2020-04-17T13:25:41","slug":"intention-de-prierehttpseglise-catholique-valdorge-frpage_id623previewtrue","status":"publish","type":"page","link":"https:\/\/eglise-catholique-valdorge.fr\/?page_id=623","title":{"rendered":"intention de pri\u00e8re"},"content":{"rendered":"\n<div class=\"wpcf7 no-js\" id=\"wpcf7-f622-o1\" lang=\"en-US\" dir=\"ltr\">\n<div class=\"screen-reader-response\"><p role=\"status\" aria-live=\"polite\" aria-atomic=\"true\"><\/p> <ul><\/ul><\/div>\n<form action=\"\/index.php?rest_route=%2Fwp%2Fv2%2Fpages%2F623#wpcf7-f622-o1\" method=\"post\" class=\"wpcf7-form init\" aria-label=\"Contact form\" novalidate=\"novalidate\" data-status=\"init\">\n<div style=\"display: none;\">\n<input type=\"hidden\" name=\"_wpcf7\" value=\"622\" \/>\n<input type=\"hidden\" name=\"_wpcf7_version\" value=\"5.7.7\" \/>\n<input type=\"hidden\" name=\"_wpcf7_locale\" value=\"en_US\" \/>\n<input type=\"hidden\" name=\"_wpcf7_unit_tag\" value=\"wpcf7-f622-o1\" \/>\n<input type=\"hidden\" name=\"_wpcf7_container_post\" value=\"0\" \/>\n<input type=\"hidden\" name=\"_wpcf7_posted_data_hash\" value=\"\" \/>\n<\/div>\n<p><label> Votre nom (obligatoire)<br \/>\n<span class=\"wpcf7-form-control-wrap\" data-name=\"your-name\"><input size=\"40\" class=\"wpcf7-form-control wpcf7-text wpcf7-validates-as-required\" aria-required=\"true\" aria-invalid=\"false\" value=\"\" type=\"text\" name=\"your-name\" \/><\/span> <\/label>\n<\/p>\n<p><label> Votre e-mail (obligatoire)<br \/>\n<span class=\"wpcf7-form-control-wrap\" data-name=\"your-email\"><input size=\"40\" class=\"wpcf7-form-control wpcf7-text wpcf7-email wpcf7-validates-as-required wpcf7-validates-as-email\" aria-required=\"true\" aria-invalid=\"false\" value=\"\" type=\"email\" name=\"your-email\" \/><\/span> <\/label>\n<\/p>\n<p><label> Sujet<br \/>\n<span class=\"wpcf7-form-control-wrap\" data-name=\"your-subject\"><input size=\"40\" class=\"wpcf7-form-control wpcf7-text\" aria-invalid=\"false\" value=\"\" type=\"text\" name=\"your-subject\" \/><\/span> <\/label>\n<\/p>\n<p><label> Votre Paroisse (obligatoire)<br \/>\n<span class=\"wpcf7-form-control-wrap\" data-name=\"your-paroisse2\"><select class=\"wpcf7-form-control wpcf7-select wpcf7-validates-as-required\" aria-required=\"true\" aria-invalid=\"false\" name=\"your-paroisse2\"><option value=\"Fleury-M\u00e9rogis\">Fleury-M\u00e9rogis<\/option><option value=\"Morsang sur Orge\">Morsang sur Orge<\/option><option value=\"Sainte Genevi\u00e8ve des Bois\">Sainte Genevi\u00e8ve des Bois<\/option><option value=\"Saint Michel sur Orge\">Saint Michel sur Orge<\/option><option value=\"Villemoisson sur Orge\">Villemoisson sur Orge<\/option><option value=\"Autre\">Autre<\/option><\/select><\/span> <\/label>\n<\/p>\n<p>Au cours de quelle messe, souhaitez-vous que l'intention de pri\u00e8re soit exprim\u00e9e (obligatoire)<br \/>\n<span class=\"wpcf7-form-control-wrap\" data-name=\"your-choixeglisemesse2\"><span class=\"wpcf7-form-control wpcf7-checkbox wpcf7-validates-as-required\"><span class=\"wpcf7-list-item first\"><input type=\"checkbox\" name=\"your-choixeglisemesse2[]\" value=\"samedi 18h \u00e9glise Jean-Marie Vianney (Ste Genevi\u00e8ve des Bois)\" \/><span class=\"wpcf7-list-item-label\">samedi 18h \u00e9glise Jean-Marie Vianney (Ste Genevi\u00e8ve des Bois)<\/span><\/span><span class=\"wpcf7-list-item\"><input type=\"checkbox\" name=\"your-choixeglisemesse2[]\" value=\"samedi 18h \u00e9glise Saint Michel (St Michel sur Orge)\" \/><span class=\"wpcf7-list-item-label\">samedi 18h \u00e9glise Saint Michel (St Michel sur Orge)<\/span><\/span><span class=\"wpcf7-list-item\"><input type=\"checkbox\" name=\"your-choixeglisemesse2[]\" value=\"samedi 18h30 \u00e9glise Saint Joseph (Villemoisson sur Orge)\" \/><span class=\"wpcf7-list-item-label\">samedi 18h30 \u00e9glise Saint Joseph (Villemoisson sur Orge)<\/span><\/span><span class=\"wpcf7-list-item\"><input type=\"checkbox\" name=\"your-choixeglisemesse2[]\" value=\"dimanche 9h \u00e9glise Sainte Genevi\u00e8ve (Ste Genevi\u00e8ve des Bois)\" \/><span class=\"wpcf7-list-item-label\">dimanche 9h \u00e9glise Sainte Genevi\u00e8ve (Ste Genevi\u00e8ve des Bois)<\/span><\/span><span class=\"wpcf7-list-item\"><input type=\"checkbox\" name=\"your-choixeglisemesse2[]\" value=\"dimanche 10h30 \u00e9glise Notre Dame de Gr\u00e2ce (Morsang sur Orge)\" \/><span class=\"wpcf7-list-item-label\">dimanche 10h30 \u00e9glise Notre Dame de Gr\u00e2ce (Morsang sur Orge)<\/span><\/span><span class=\"wpcf7-list-item\"><input type=\"checkbox\" name=\"your-choixeglisemesse2[]\" value=\"dimanche 10h30 \u00e9glise Saint Jean Ap\u00f4tre (St Michel sur Orge)\" \/><span class=\"wpcf7-list-item-label\">dimanche 10h30 \u00e9glise Saint Jean Ap\u00f4tre (St Michel sur Orge)<\/span><\/span><span class=\"wpcf7-list-item last\"><input type=\"checkbox\" name=\"your-choixeglisemesse2[]\" value=\"dimanche 11h \u00e9glise Saint R\u00e9dempteur (Fleury-M\u00e9rogis)\" \/><span class=\"wpcf7-list-item-label\">dimanche 11h \u00e9glise Saint R\u00e9dempteur (Fleury-M\u00e9rogis)<\/span><\/span><\/span><\/span>\n<\/p>\n<p><label> Votre message<br \/>\n<span class=\"wpcf7-form-control-wrap\" data-name=\"your-message\"><textarea cols=\"40\" rows=\"10\" class=\"wpcf7-form-control wpcf7-textarea\" aria-invalid=\"false\" name=\"your-message\"><\/textarea><\/span> <\/label>\n<\/p>\n<p><input class=\"wpcf7-form-control has-spinner wpcf7-submit\" type=\"submit\" value=\"Envoyer\" \/>\n<\/p><div class=\"wpcf7-response-output\" aria-hidden=\"true\"><\/div>\n<\/form>\n<\/div>\n\n","protected":false},"excerpt":{"rendered":"","protected":false},"author":1,"featured_media":0,"parent":0,"menu_order":0,"comment_status":"closed","ping_status":"closed","template":"","meta":{"kt_blocks_editor_width":"","footnotes":""},"_links":{"self":[{"href":"https:\/\/eglise-catholique-valdorge.fr\/index.php?rest_route=\/wp\/v2\/pages\/623"}],"collection":[{"href":"https:\/\/eglise-catholique-valdorge.fr\/index.php?rest_route=\/wp\/v2\/pages"}],"about":[{"href":"https:\/\/eglise-catholique-valdorge.fr\/index.php?rest_route=\/wp\/v2\/types\/page"}],"author":[{"embeddable":true,"href":"https:\/\/eglise-catholique-valdorge.fr\/index.php?rest_route=\/wp\/v2\/users\/1"}],"replies":[{"embeddable":true,"href":"https:\/\/eglise-catholique-valdorge.fr\/index.php?rest_route=%2Fwp%2Fv2%2Fcomments&post=623"}],"version-history":[{"count":4,"href":"https:\/\/eglise-catholique-valdorge.fr\/index.php?rest_route=\/wp\/v2\/pages\/623\/revisions"}],"predecessor-version":[{"id":3244,"href":"https:\/\/eglise-catholique-valdorge.fr\/index.php?rest_route=\/wp\/v2\/pages\/623\/revisions\/3244"}],"wp:attachment":[{"href":"https:\/\/eglise-catholique-valdorge.fr\/index.php?rest_route=%2Fwp%2Fv2%2Fmedia&parent=623"}],"curies":[{"name":"wp","href":"https:\/\/api.w.org\/{rel}","templated":true}]}}