{"id":732,"date":"2017-10-31T16:26:17","date_gmt":"2017-10-31T15:26:17","guid":{"rendered":"https:\/\/eglise-catholique-valdorge.fr\/?page_id=732"},"modified":"2018-01-31T11:37:13","modified_gmt":"2018-01-31T10:37:13","slug":"votre-mariage-2","status":"publish","type":"page","link":"https:\/\/eglise-catholique-valdorge.fr\/?page_id=732","title":{"rendered":"Votre Mariage"},"content":{"rendered":"<p align=\"center\"><span style=\"color: #008000; font-size: 36pt;\"><span style=\"font-family: Times New Roman,serif;\"><span style=\"font-family: Comic Sans MS,serif;\">Vous allez c\u00e9l\u00e9brer <\/span><\/span><\/span><\/p>\n<p align=\"center\"><span style=\"color: #008000; font-size: 36pt;\"><span style=\"font-family: Times New Roman,serif;\"><span style=\"font-family: Comic Sans MS,serif;\">votre mariage <\/span><\/span><\/span><\/p>\n<p align=\"center\"><span style=\"font-family: Comic Sans MS,serif; font-size: 36pt; color: #008000;\">\u00e0 l\u2019\u00c9glise<\/span><\/p>\n<p><a href=\"https:\/\/eglise-catholique-valdorge.fr\/wp-content\/uploads\/2017\/10\/Mariage-1.jpg\"><img loading=\"lazy\" decoding=\"async\" class=\"wp-image-735 aligncenter\" src=\"https:\/\/eglise-catholique-valdorge.fr\/wp-content\/uploads\/2017\/10\/Mariage-1-722x1024.jpg\" alt=\"\" width=\"147\" height=\"209\" srcset=\"https:\/\/eglise-catholique-valdorge.fr\/wp-content\/uploads\/2017\/10\/Mariage-1-722x1024.jpg 722w, https:\/\/eglise-catholique-valdorge.fr\/wp-content\/uploads\/2017\/10\/Mariage-1-211x300.jpg 211w, https:\/\/eglise-catholique-valdorge.fr\/wp-content\/uploads\/2017\/10\/Mariage-1-768x1089.jpg 768w\" sizes=\"(max-width: 147px) 100vw, 147px\" \/><\/a><\/p>\n<p style=\"text-align: center;\" align=\"center\"><span style=\"color: #000000; font-size: 14pt;\"><span style=\"font-family: Times New Roman,serif;\"><span style=\"font-family: Comic Sans MS,serif;\"><b>\u00ab\u00a0Il n\u2019y a pas de plus grand Amour que de donner sa vie pour ceux qu\u2019on aime\u00a0\u00bb <\/b><span style=\"font-size: 10pt;\"><em> Saint Jean (15,13)<\/em><\/span><\/span><\/span><\/span><\/p>\n<p align=\"center\"><span style=\"color: #000000; font-size: 12pt;\">\u201c<span style=\"font-family: Times New Roman,serif;\"><span style=\"font-family: Comic Sans MS,serif;\">vous vous pr\u00e9parez \u00e0 construire votre \u00ab\u00a0maison\u00a0\u00bb <\/span><\/span><\/span><span style=\"color: #000000; font-size: 12pt;\"><span style=\"font-family: Times New Roman,serif;\"><span style=\"font-family: Comic Sans MS,serif;\">pour vivre ensemble pour toujours, <\/span><\/span><\/span><span style=\"color: #000000; font-size: 12pt;\"><span style=\"font-family: Times New Roman,serif;\"><span style=\"font-family: Comic Sans MS,serif;\">vous voulez la fonder sur le roc de l\u2019amour vrai, <\/span><\/span><\/span><span style=\"color: #000000; font-size: 12pt;\"><span style=\"font-family: Times New Roman,serif;\"><span style=\"font-family: Comic Sans MS,serif;\">l\u2019amour qui vient de Dieu. <\/span><\/span><\/span><span style=\"color: #000000; font-size: 12pt;\"><span style=\"font-family: Times New Roman,serif;\"><span style=\"font-family: Comic Sans MS,serif;\">La famille na\u00eet de ce projet d\u2019amour, lieu d\u2019affection, d\u2019aide, <\/span><\/span><\/span><span style=\"color: #000000; font-size: 12pt;\"><span style=\"font-family: Times New Roman,serif;\"><span style=\"font-family: Comic Sans MS,serif;\">d\u2019esp\u00e9rance et de soutien. \u201c <span style=\"font-size: 10pt;\"><strong><em>Pape Fran\u00e7ois<\/em><\/strong><\/span><br \/>\n<\/span><\/span><\/span><\/p>\n<p style=\"text-align: left;\" align=\"center\"><span style=\"font-size: 14pt;\"><a href=\"https:\/\/eglise-catholique-valdorge.fr\/?page_id=745&amp;preview=true\"><span style=\"font-family: Comic Sans MS,serif; color: #008000;\"><b>Quand s\u2019inscrire\u00a0?<\/b><\/span><\/a><\/span><\/p>\n<p style=\"text-align: left;\" align=\"center\"><span style=\"font-size: 14pt;\"><a href=\"https:\/\/eglise-catholique-valdorge.fr\/?page_id=752\"><span style=\"font-family: Comic Sans MS,serif; color: #008000;\"><b>O\u00f9 s\u2019inscrire\u00a0?<\/b><\/span><\/a><\/span><b><\/b><\/p>\n<p style=\"text-align: left;\" align=\"center\"><span style=\"font-size: 14pt;\"><a href=\"https:\/\/eglise-catholique-valdorge.fr\/?page_id=760&amp;preview=true\"><span style=\"font-family: Comic Sans MS,serif; color: #008000;\"><b>L&rsquo;\u00e9quipe de pr\u00e9paration mariage ?<\/b><\/span><\/a><\/span><\/p>\n<p style=\"text-align: left;\" align=\"center\"><span style=\"font-size: 14pt;\"><a href=\"https:\/\/eglise-catholique-valdorge.fr\/?page_id=771\"><span style=\"font-family: Comic Sans MS,serif; color: #008000;\"><b>Comment se d\u00e9roule la pr\u00e9paration au mariage ?<\/b><\/span><\/a><\/span><\/p>\n<p style=\"text-align: left;\" align=\"center\"><span style=\"font-size: 14pt;\"><a href=\"https:\/\/eglise-catholique-valdorge.fr\/?page_id=773\"><span style=\"font-family: Comic Sans MS,serif; color: #008000;\"><b>Que vivrons-nous durant la pr\u00e9paration au mariage ?<\/b><\/span><\/a><\/span><\/p>\n<p style=\"text-align: left;\" align=\"center\"><span style=\"font-size: 14pt;\"><a href=\"https:\/\/eglise-catholique-valdorge.fr\/?page_id=783\"><span style=\"font-family: Comic Sans MS,serif; color: #008000;\"><b>Qui pr\u00e9sidera la c\u00e9r\u00e9monie du mariage ?<\/b><\/span><\/a><\/span><\/p>\n<p style=\"text-align: left;\" align=\"center\"><span style=\"font-size: 14pt;\"><a href=\"https:\/\/eglise-catholique-valdorge.fr\/?page_id=786\"><span style=\"font-family: Comic Sans MS,serif; color: #008000;\"><b>Comment la pr\u00e9parer ?<\/b><\/span><\/a><\/span><\/p>\n<p style=\"text-align: left;\" align=\"center\"><span style=\"font-size: 14pt;\"><a href=\"https:\/\/eglise-catholique-valdorge.fr\/?page_id=792\"><span style=\"font-family: Comic Sans MS,serif; color: #008000;\"><b>Participation financi\u00e8re ?<\/b><\/span><\/a><\/span><\/p>\n<p style=\"text-align: left;\" align=\"center\"><span style=\"font-size: 14pt;\"><a href=\"https:\/\/eglise-catholique-valdorge.fr\/?page_id=795\"><span style=\"font-family: Comic Sans MS,serif; color: #008000;\"><b>Quels documents fournir ?<\/b><\/span><\/a><\/span><\/p>\n<p style=\"text-align: left;\" align=\"center\"><span style=\"font-size: 14pt;\"><a href=\"https:\/\/eglise-catholique-valdorge.fr\/?page_id=798\"><span style=\"font-family: Comic Sans MS,serif; color: #008000;\"><b>Dates incompatibles ?<\/b><\/span><\/a><\/span><\/p>\n<p style=\"text-align: left;\" align=\"center\"><span style=\"font-size: 14pt;\"><a href=\"https:\/\/eglise-catholique-valdorge.fr\/?page_id=859\"><span style=\"font-family: comic sans ms,sans-serif; color: #008000;\"><strong>Nous avons des enfants<\/strong><\/span><\/a><\/span><\/p>\n<p style=\"text-align: left;\" align=\"center\"><span style=\"font-family: comic sans ms,sans-serif; font-size: 14pt; color: #339966;\"><a href=\"https:\/\/eglise-catholique-valdorge.fr\/?page_id=116\"><span style=\"color: #008000;\"><strong>Pour vous inscrire<\/strong><\/span><\/a><\/span><\/p>\n<p style=\"text-align: left;\" align=\"center\"><a href=\"https:\/\/www.facebook.com\/Mariage-couples-secteur-pastoral-du-Val-dOrge-198682714022067\/\"><span style=\"font-family: comic sans ms,sans-serif; font-size: 14pt; color: #339966;\"><span style=\"color: #008000;\"><strong>Page Facebook<\/strong><\/span><\/span><\/a><\/p>\n<p align=\"center\">\n","protected":false},"excerpt":{"rendered":"<p>Vous allez c\u00e9l\u00e9brer votre mariage \u00e0 l\u2019\u00c9glise \u00ab\u00a0Il n\u2019y a pas de plus grand Amour que de donner sa vie pour ceux qu\u2019on aime\u00a0\u00bb Saint Jean (15,13) \u201cvous vous pr\u00e9parez \u00e0 construire votre \u00ab\u00a0maison\u00a0\u00bb pour vivre ensemble pour toujours, vous &hellip; <a href=\"https:\/\/eglise-catholique-valdorge.fr\/?page_id=732\">Lire la suite\u00ad\u00ad<\/a><\/p>\n","protected":false},"author":1,"featured_media":0,"parent":0,"menu_order":0,"comment_status":"closed","ping_status":"closed","template":"","meta":{"kt_blocks_editor_width":"","footnotes":""},"_links":{"self":[{"href":"https:\/\/eglise-catholique-valdorge.fr\/index.php?rest_route=\/wp\/v2\/pages\/732"}],"collection":[{"href":"https:\/\/eglise-catholique-valdorge.fr\/index.php?rest_route=\/wp\/v2\/pages"}],"about":[{"href":"https:\/\/eglise-catholique-valdorge.fr\/index.php?rest_route=\/wp\/v2\/types\/page"}],"author":[{"embeddable":true,"href":"https:\/\/eglise-catholique-valdorge.fr\/index.php?rest_route=\/wp\/v2\/users\/1"}],"replies":[{"embeddable":true,"href":"https:\/\/eglise-catholique-valdorge.fr\/index.php?rest_route=%2Fwp%2Fv2%2Fcomments&post=732"}],"version-history":[{"count":24,"href":"https:\/\/eglise-catholique-valdorge.fr\/index.php?rest_route=\/wp\/v2\/pages\/732\/revisions"}],"predecessor-version":[{"id":1103,"href":"https:\/\/eglise-catholique-valdorge.fr\/index.php?rest_route=\/wp\/v2\/pages\/732\/revisions\/1103"}],"wp:attachment":[{"href":"https:\/\/eglise-catholique-valdorge.fr\/index.php?rest_route=%2Fwp%2Fv2%2Fmedia&parent=732"}],"curies":[{"name":"wp","href":"https:\/\/api.w.org\/{rel}","templated":true}]}}