{"id":773,"date":"2017-10-31T17:50:01","date_gmt":"2017-10-31T16:50:01","guid":{"rendered":"https:\/\/eglise-catholique-valdorge.fr\/?page_id=773"},"modified":"2017-10-31T17:58:16","modified_gmt":"2017-10-31T16:58:16","slug":"que-vivrons-nous-durant-la-preparation-au-mariage","status":"publish","type":"page","link":"https:\/\/eglise-catholique-valdorge.fr\/?page_id=773","title":{"rendered":"Que vivrons-nous durant la pr\u00e9paration au mariage ?"},"content":{"rendered":"<p style=\"text-align: left;\" align=\"center\"><span style=\"font-family: Comic Sans MS,serif; font-size: 14pt;\">Lors de nos rencontres nous r\u00e9fl\u00e9chirons ensemble sur le sens humain et chr\u00e9tien de cet engagement pour toute la vie<\/span><\/p>\n<p style=\"text-align: left;\" align=\"center\"><span style=\"color: #000000; font-size: 14pt;\"><span style=\"font-family: Times New Roman,serif;\"><span style=\"font-family: Comic Sans MS,serif;\">Une occasion d\u2019\u00e9changer sur\u00a0:<\/span><\/span><\/span><\/p>\n<p style=\"text-align: center;\" align=\"center\"><span style=\"font-family: Comic Sans MS,serif; font-size: 14pt;\">\u2665 Votre d\u00e9cision, prise en toute libert\u00e9 <\/span><span style=\"font-family: Comic Sans MS,serif; font-size: 14pt;\">de vous marier<\/span><\/p>\n<p style=\"text-align: center;\" align=\"center\"><span style=\"font-family: Comic Sans MS,serif; font-size: 14pt;\">\u2665 La possibilit\u00e9 <\/span><span style=\"font-family: Comic Sans MS,serif; font-size: 14pt;\">de s\u2019aimer <\/span><span style=\"font-family: Comic Sans MS,serif; font-size: 14pt;\">pour toujours <\/span><span style=\"font-family: Comic Sans MS,serif; font-size: 14pt;\">dans la fid\u00e9lit\u00e9,<\/span><\/p>\n<p style=\"text-align: center;\" align=\"center\"><span style=\"color: #000000; font-size: 14pt;\"><span style=\"font-family: Times New Roman,serif;\"><span style=\"font-family: Comic Sans MS,serif;\">\u2665 La place du pardon dans votre<\/span> <span style=\"font-family: Comic Sans MS,serif;\">couple,<\/span><\/span><\/span><\/p>\n<p style=\"text-align: center;\" align=\"center\"><span style=\"font-family: Comic Sans MS,serif; font-size: 14pt;\">\u2665 L\u2019ouverture de votre foyer aux autres,<\/span><\/p>\n<p style=\"text-align: center;\" align=\"center\"><span style=\"color: #000000; font-size: 14pt;\"><span style=\"font-family: Times New Roman,serif;\"><span style=\"font-family: Comic Sans MS,serif;\">\u2665 Votre projet pour l\u2019accueil et l\u2019\u00e9ducation chr\u00e9tienne de vos enfants<\/span><\/span><\/span><\/p>\n<p style=\"text-align: center;\" align=\"center\"><span style=\"color: #000000; font-size: 14pt;\"><span style=\"font-family: Times New Roman,serif;\"><span style=\"font-family: Comic Sans MS,serif;\">\u00a0\u2665 Quelle place pour Dieu, J\u00e9sus-Christ dans notre foyer ?<br \/>\n<\/span><\/span><\/span><\/p>\n","protected":false},"excerpt":{"rendered":"<p>Lors de nos rencontres nous r\u00e9fl\u00e9chirons ensemble sur le sens humain et chr\u00e9tien de cet engagement pour toute la vie Une occasion d\u2019\u00e9changer sur\u00a0: \u2665 Votre d\u00e9cision, prise en toute libert\u00e9 de vous marier \u2665 La possibilit\u00e9 de s\u2019aimer pour &hellip; <a href=\"https:\/\/eglise-catholique-valdorge.fr\/?page_id=773\">Lire la suite\u00ad\u00ad<\/a><\/p>\n","protected":false},"author":1,"featured_media":0,"parent":0,"menu_order":0,"comment_status":"closed","ping_status":"closed","template":"","meta":{"kt_blocks_editor_width":"","footnotes":""},"_links":{"self":[{"href":"https:\/\/eglise-catholique-valdorge.fr\/index.php?rest_route=\/wp\/v2\/pages\/773"}],"collection":[{"href":"https:\/\/eglise-catholique-valdorge.fr\/index.php?rest_route=\/wp\/v2\/pages"}],"about":[{"href":"https:\/\/eglise-catholique-valdorge.fr\/index.php?rest_route=\/wp\/v2\/types\/page"}],"author":[{"embeddable":true,"href":"https:\/\/eglise-catholique-valdorge.fr\/index.php?rest_route=\/wp\/v2\/users\/1"}],"replies":[{"embeddable":true,"href":"https:\/\/eglise-catholique-valdorge.fr\/index.php?rest_route=%2Fwp%2Fv2%2Fcomments&post=773"}],"version-history":[{"count":8,"href":"https:\/\/eglise-catholique-valdorge.fr\/index.php?rest_route=\/wp\/v2\/pages\/773\/revisions"}],"predecessor-version":[{"id":782,"href":"https:\/\/eglise-catholique-valdorge.fr\/index.php?rest_route=\/wp\/v2\/pages\/773\/revisions\/782"}],"wp:attachment":[{"href":"https:\/\/eglise-catholique-valdorge.fr\/index.php?rest_route=%2Fwp%2Fv2%2Fmedia&parent=773"}],"curies":[{"name":"wp","href":"https:\/\/api.w.org\/{rel}","templated":true}]}}