{"id":783,"date":"2017-10-31T18:06:13","date_gmt":"2017-10-31T17:06:13","guid":{"rendered":"https:\/\/eglise-catholique-valdorge.fr\/?page_id=783"},"modified":"2017-10-31T18:11:04","modified_gmt":"2017-10-31T17:11:04","slug":"qui-presidera-la-ceremonie-du-mariage","status":"publish","type":"page","link":"https:\/\/eglise-catholique-valdorge.fr\/?page_id=783","title":{"rendered":"Qui pr\u00e9sidera la c\u00e9r\u00e9monie du mariage ?"},"content":{"rendered":"<p><span style=\"font-family: comic sans ms,sans-serif; font-size: 14pt;\">A l&rsquo;issue de la pr\u00e9paration au mariage, vous rencontrerez le pr\u00eatre ou le diacre qui pr\u00e9sidera la c\u00e9r\u00e9monie de votre mariage.<\/span><\/p>\n<p><span style=\"font-family: comic sans ms,sans-serif; font-size: 14pt;\">Il accueillera votre demande de sacrement et approfondira avec vous votre engagement.<\/span><\/p>\n<p><span style=\"font-family: comic sans ms,sans-serif; font-size: 14pt;\">Vous lui ferez part \u00e9galement du d\u00e9roul\u00e9 de la c\u00e9l\u00e9bration.<\/span><\/p>\n<p>&nbsp;<\/p>\n","protected":false},"excerpt":{"rendered":"<p>A l&rsquo;issue de la pr\u00e9paration au mariage, vous rencontrerez le pr\u00eatre ou le diacre qui pr\u00e9sidera la c\u00e9r\u00e9monie de votre mariage. Il accueillera votre demande de sacrement et approfondira avec vous votre engagement. Vous lui ferez part \u00e9galement du d\u00e9roul\u00e9 &hellip; <a href=\"https:\/\/eglise-catholique-valdorge.fr\/?page_id=783\">Lire la suite\u00ad\u00ad<\/a><\/p>\n","protected":false},"author":1,"featured_media":0,"parent":0,"menu_order":0,"comment_status":"closed","ping_status":"closed","template":"","meta":{"kt_blocks_editor_width":"","footnotes":""},"_links":{"self":[{"href":"https:\/\/eglise-catholique-valdorge.fr\/index.php?rest_route=\/wp\/v2\/pages\/783"}],"collection":[{"href":"https:\/\/eglise-catholique-valdorge.fr\/index.php?rest_route=\/wp\/v2\/pages"}],"about":[{"href":"https:\/\/eglise-catholique-valdorge.fr\/index.php?rest_route=\/wp\/v2\/types\/page"}],"author":[{"embeddable":true,"href":"https:\/\/eglise-catholique-valdorge.fr\/index.php?rest_route=\/wp\/v2\/users\/1"}],"replies":[{"embeddable":true,"href":"https:\/\/eglise-catholique-valdorge.fr\/index.php?rest_route=%2Fwp%2Fv2%2Fcomments&post=783"}],"version-history":[{"count":2,"href":"https:\/\/eglise-catholique-valdorge.fr\/index.php?rest_route=\/wp\/v2\/pages\/783\/revisions"}],"predecessor-version":[{"id":789,"href":"https:\/\/eglise-catholique-valdorge.fr\/index.php?rest_route=\/wp\/v2\/pages\/783\/revisions\/789"}],"wp:attachment":[{"href":"https:\/\/eglise-catholique-valdorge.fr\/index.php?rest_route=%2Fwp%2Fv2%2Fmedia&parent=783"}],"curies":[{"name":"wp","href":"https:\/\/api.w.org\/{rel}","templated":true}]}}