{"id":786,"date":"2017-10-31T18:08:11","date_gmt":"2017-10-31T17:08:11","guid":{"rendered":"https:\/\/eglise-catholique-valdorge.fr\/?page_id=786"},"modified":"2017-10-31T18:21:03","modified_gmt":"2017-10-31T17:21:03","slug":"comment-la-preparer","status":"publish","type":"page","link":"https:\/\/eglise-catholique-valdorge.fr\/?page_id=786","title":{"rendered":"Comment la pr\u00e9parer ?"},"content":{"rendered":"<p><span style=\"font-family: comic sans ms,sans-serif; font-size: 14pt;\">L&rsquo;organisation de votre mariage vous appartient, les \u00e9quipes de b\u00e9n\u00e9voles mettront \u00e0 votre disposition tous les outils n\u00e9cessaires pour l&rsquo;\u00e9laboration de la c\u00e9l\u00e9bration.<\/span><\/p>\n<p><span style=\"font-family: comic sans ms,sans-serif; font-size: 14pt;\">Lors de votre pr\u00e9paration, le livret <em>\u00ab\u00a0Deux Oui pour la Vie\u00a0\u00bb<\/em> vous sera remis.<\/span><\/p>\n<p><span style=\"font-family: comic sans ms,sans-serif; font-size: 14pt;\">Il vous permettra les choix de textes bibliques et des formules de consentement.<\/span><\/p>\n<p><span style=\"font-size: 14pt;\"><span style=\"font-family: comic sans ms,sans-serif;\">Des chants et musique de mariage sont disponibles facilement sur Internet&#8230; <\/span><\/span><\/p>\n<p><span style=\"font-family: comic sans ms,sans-serif; font-size: 14pt;\">Il sera n\u00e9cessaire de prendre contact avec les b\u00e9n\u00e9voles de la paroisse qui vous accueilleront et vous renseigneront sur les modalit\u00e9s pratiques pour la bonne organisation de votre mariage. <\/span><\/p>\n","protected":false},"excerpt":{"rendered":"<p>L&rsquo;organisation de votre mariage vous appartient, les \u00e9quipes de b\u00e9n\u00e9voles mettront \u00e0 votre disposition tous les outils n\u00e9cessaires pour l&rsquo;\u00e9laboration de la c\u00e9l\u00e9bration. Lors de votre pr\u00e9paration, le livret \u00ab\u00a0Deux Oui pour la Vie\u00a0\u00bb vous sera remis. Il vous permettra &hellip; <a href=\"https:\/\/eglise-catholique-valdorge.fr\/?page_id=786\">Lire la suite\u00ad\u00ad<\/a><\/p>\n","protected":false},"author":1,"featured_media":0,"parent":0,"menu_order":0,"comment_status":"closed","ping_status":"closed","template":"","meta":{"kt_blocks_editor_width":"","footnotes":""},"_links":{"self":[{"href":"https:\/\/eglise-catholique-valdorge.fr\/index.php?rest_route=\/wp\/v2\/pages\/786"}],"collection":[{"href":"https:\/\/eglise-catholique-valdorge.fr\/index.php?rest_route=\/wp\/v2\/pages"}],"about":[{"href":"https:\/\/eglise-catholique-valdorge.fr\/index.php?rest_route=\/wp\/v2\/types\/page"}],"author":[{"embeddable":true,"href":"https:\/\/eglise-catholique-valdorge.fr\/index.php?rest_route=\/wp\/v2\/users\/1"}],"replies":[{"embeddable":true,"href":"https:\/\/eglise-catholique-valdorge.fr\/index.php?rest_route=%2Fwp%2Fv2%2Fcomments&post=786"}],"version-history":[{"count":2,"href":"https:\/\/eglise-catholique-valdorge.fr\/index.php?rest_route=\/wp\/v2\/pages\/786\/revisions"}],"predecessor-version":[{"id":791,"href":"https:\/\/eglise-catholique-valdorge.fr\/index.php?rest_route=\/wp\/v2\/pages\/786\/revisions\/791"}],"wp:attachment":[{"href":"https:\/\/eglise-catholique-valdorge.fr\/index.php?rest_route=%2Fwp%2Fv2%2Fmedia&parent=786"}],"curies":[{"name":"wp","href":"https:\/\/api.w.org\/{rel}","templated":true}]}}