{"id":798,"date":"2017-10-31T19:05:39","date_gmt":"2017-10-31T18:05:39","guid":{"rendered":"https:\/\/eglise-catholique-valdorge.fr\/?page_id=798"},"modified":"2017-11-14T15:29:19","modified_gmt":"2017-11-14T14:29:19","slug":"dates-incompatibles","status":"publish","type":"page","link":"https:\/\/eglise-catholique-valdorge.fr\/?page_id=798","title":{"rendered":"Dates incompatibles ?"},"content":{"rendered":"<p><span style=\"font-family: comic sans ms,sans-serif; font-size: 14pt;\">Nous pouvons accueillir votre demande de sacrement de mariage, en fonction des demandes, pour presque toutes les dates de l&rsquo;ann\u00e9e <\/span><\/p>\n<p><span style=\"font-family: comic sans ms,sans-serif; font-size: 14pt;\">Cependant, la c\u00e9l\u00e9bration ne sera pas possible \u00e0 certaines p\u00e9riodes de l&rsquo;ann\u00e9e li\u00e9es aux grandes f\u00eates religieuses, par exemple le <strong>Samedi Saint,<\/strong> veille du dimanche de P\u00e2ques, jour de la R\u00e9surrection du Christ.<\/span><\/p>\n<p><span style=\"font-size: 14pt;\"><em><strong><span style=\"font-family: comic sans ms,sans-serif;\">Le bureau des mariages vous confirmera d\u00e8s que possible la possibilit\u00e9 de c\u00e9l\u00e9bration.<\/span><\/strong><\/em><\/span><\/p>\n<p>&nbsp;<\/p>\n<p>&nbsp;<\/p>\n","protected":false},"excerpt":{"rendered":"<p>Nous pouvons accueillir votre demande de sacrement de mariage, en fonction des demandes, pour presque toutes les dates de l&rsquo;ann\u00e9e Cependant, la c\u00e9l\u00e9bration ne sera pas possible \u00e0 certaines p\u00e9riodes de l&rsquo;ann\u00e9e li\u00e9es aux grandes f\u00eates religieuses, par exemple le &hellip; <a href=\"https:\/\/eglise-catholique-valdorge.fr\/?page_id=798\">Lire la suite\u00ad\u00ad<\/a><\/p>\n","protected":false},"author":1,"featured_media":0,"parent":0,"menu_order":0,"comment_status":"closed","ping_status":"closed","template":"","meta":{"kt_blocks_editor_width":"","footnotes":""},"_links":{"self":[{"href":"https:\/\/eglise-catholique-valdorge.fr\/index.php?rest_route=\/wp\/v2\/pages\/798"}],"collection":[{"href":"https:\/\/eglise-catholique-valdorge.fr\/index.php?rest_route=\/wp\/v2\/pages"}],"about":[{"href":"https:\/\/eglise-catholique-valdorge.fr\/index.php?rest_route=\/wp\/v2\/types\/page"}],"author":[{"embeddable":true,"href":"https:\/\/eglise-catholique-valdorge.fr\/index.php?rest_route=\/wp\/v2\/users\/1"}],"replies":[{"embeddable":true,"href":"https:\/\/eglise-catholique-valdorge.fr\/index.php?rest_route=%2Fwp%2Fv2%2Fcomments&post=798"}],"version-history":[{"count":5,"href":"https:\/\/eglise-catholique-valdorge.fr\/index.php?rest_route=\/wp\/v2\/pages\/798\/revisions"}],"predecessor-version":[{"id":866,"href":"https:\/\/eglise-catholique-valdorge.fr\/index.php?rest_route=\/wp\/v2\/pages\/798\/revisions\/866"}],"wp:attachment":[{"href":"https:\/\/eglise-catholique-valdorge.fr\/index.php?rest_route=%2Fwp%2Fv2%2Fmedia&parent=798"}],"curies":[{"name":"wp","href":"https:\/\/api.w.org\/{rel}","templated":true}]}}