{"id":859,"date":"2017-11-14T15:10:14","date_gmt":"2017-11-14T14:10:14","guid":{"rendered":"https:\/\/eglise-catholique-valdorge.fr\/?page_id=859"},"modified":"2017-11-14T15:15:48","modified_gmt":"2017-11-14T14:15:48","slug":"nous-avons-des-enfants","status":"publish","type":"page","link":"https:\/\/eglise-catholique-valdorge.fr\/?page_id=859","title":{"rendered":"Nous avons des enfants"},"content":{"rendered":"<p><span style=\"font-family: comic sans ms,sans-serif; font-size: 12pt;\">En demandant le sacrement du mariage nous devenons un foyer chr\u00e9tien.<\/span><\/p>\n<p><span style=\"font-family: comic sans ms,sans-serif; font-size: 12pt;\">Nous nous engageons donc \u00e0 \u00e9lever nos enfants dans la foi catholique,<\/span><\/p>\n<p><span style=\"font-family: comic sans ms,sans-serif; font-size: 12pt;\"><a href=\"https:\/\/eglise-catholique-valdorge.fr\/?page_id=90\">en les pr\u00e9parant tout d&rsquo;abord au bapt\u00eame<\/a>,<a href=\"https:\/\/eglise-catholique-valdorge.fr\/?page_id=130\"> en les inscrivant \u00e0 l&rsquo;\u00e9veil \u00e0 la foi puis au cat\u00e9chisme.<\/a><\/span><\/p>\n","protected":false},"excerpt":{"rendered":"<p>En demandant le sacrement du mariage nous devenons un foyer chr\u00e9tien. Nous nous engageons donc \u00e0 \u00e9lever nos enfants dans la foi catholique, en les pr\u00e9parant tout d&rsquo;abord au bapt\u00eame, en les inscrivant \u00e0 l&rsquo;\u00e9veil \u00e0 la foi puis au &hellip; <a href=\"https:\/\/eglise-catholique-valdorge.fr\/?page_id=859\">Lire la suite\u00ad\u00ad<\/a><\/p>\n","protected":false},"author":1,"featured_media":0,"parent":0,"menu_order":0,"comment_status":"closed","ping_status":"closed","template":"","meta":{"kt_blocks_editor_width":"","footnotes":""},"_links":{"self":[{"href":"https:\/\/eglise-catholique-valdorge.fr\/index.php?rest_route=\/wp\/v2\/pages\/859"}],"collection":[{"href":"https:\/\/eglise-catholique-valdorge.fr\/index.php?rest_route=\/wp\/v2\/pages"}],"about":[{"href":"https:\/\/eglise-catholique-valdorge.fr\/index.php?rest_route=\/wp\/v2\/types\/page"}],"author":[{"embeddable":true,"href":"https:\/\/eglise-catholique-valdorge.fr\/index.php?rest_route=\/wp\/v2\/users\/1"}],"replies":[{"embeddable":true,"href":"https:\/\/eglise-catholique-valdorge.fr\/index.php?rest_route=%2Fwp%2Fv2%2Fcomments&post=859"}],"version-history":[{"count":3,"href":"https:\/\/eglise-catholique-valdorge.fr\/index.php?rest_route=\/wp\/v2\/pages\/859\/revisions"}],"predecessor-version":[{"id":863,"href":"https:\/\/eglise-catholique-valdorge.fr\/index.php?rest_route=\/wp\/v2\/pages\/859\/revisions\/863"}],"wp:attachment":[{"href":"https:\/\/eglise-catholique-valdorge.fr\/index.php?rest_route=%2Fwp%2Fv2%2Fmedia&parent=859"}],"curies":[{"name":"wp","href":"https:\/\/api.w.org\/{rel}","templated":true}]}}